{"id":2929,"date":"2023-11-01T11:30:42","date_gmt":"2023-11-01T10:30:42","guid":{"rendered":"https:\/\/etev7e.pef.czu.cz\/zs2223\/?post_type=product&#038;p=2929"},"modified":"2023-11-08T11:31:51","modified_gmt":"2023-11-08T10:31:51","slug":"funko-pop-naruto-uzumaki-as-nine-tails-1233","status":"publish","type":"product","link":"https:\/\/etev7e.pef.czu.cz\/zs2223\/produkt\/funko-pop-naruto-uzumaki-as-nine-tails-1233\/","title":{"rendered":"Funko POP Naruto Uzumaki as nine tails 1233"},"content":{"rendered":"<p>Sb\u011bratelsk\u00e1 vinylov\u00e1 figurka Funko POP ze s\u00e9rie Naruto Shippuden. Figurka z obl\u00edben\u00e9ho seri\u00e1lu Naruto. Nyn\u00ed s mo\u017enost\u00ed jedine\u010dn\u00e9 slevy.<\/p>\n","protected":false},"excerpt":{"rendered":"<p>Funko POP Naruto Uzumaki as Nine Tails\u00a0 je sb\u011bratelsk\u00e1 figurka zalo\u017een\u00e1 na ikonick\u00e9 postav\u011b Naruto Uzumakiho z anime a manga s\u00e9rie Naruto. Tato figurka zobrazuje Naruta ve form\u011b, kdy spojil svou s\u00edlu s dev\u00edtiocas\u00fdm li\u0161\u010d\u00edm d\u00e9monem, zn\u00e1m\u00fdm jako Nine Tails nebo Kurama. Vytvo\u0159en\u00e1 ve stylu Funko POP, tato figurka zaujme sb\u011bratele sv\u00fdmi charakteristick\u00fdmi velk\u00fdmi o\u010dima a jedine\u010dn\u00fdm designem postavy, kter\u00e1 zt\u011bles\u0148uje spojen\u00ed mezi Narutovou osobnost\u00ed a moc\u00ed Nine Tails. Je cen\u011bn\u00e1 pro svou v\u011brnost detail\u016fm a schopnost zachytit ikonick\u00fd okam\u017eik ze s\u00e9rie Naruto.<\/p>\n<p>&nbsp;<\/p>\n","protected":false},"featured_media":2931,"comment_status":"open","ping_status":"closed","template":"","meta":[],"product_brand":[],"product_cat":[731],"product_tag":[1150,376,1149,903],"class_list":{"0":"post-2929","1":"product","2":"type-product","3":"status-publish","4":"has-post-thumbnail","6":"product_cat-sberatelske-figurky-funko","7":"product_tag-akcni-figurky","8":"product_tag-hracky","9":"product_tag-sberatelske-figurky","10":"product_tag-zabava","12":"first","13":"instock","14":"sale","15":"taxable","16":"shipping-taxable","17":"purchasable","18":"product-type-simple"},"jetpack_sharing_enabled":true,"_links":{"self":[{"href":"https:\/\/etev7e.pef.czu.cz\/zs2223\/wp-json\/wp\/v2\/product\/2929","targetHints":{"allow":["GET"]}}],"collection":[{"href":"https:\/\/etev7e.pef.czu.cz\/zs2223\/wp-json\/wp\/v2\/product"}],"about":[{"href":"https:\/\/etev7e.pef.czu.cz\/zs2223\/wp-json\/wp\/v2\/types\/product"}],"replies":[{"embeddable":true,"href":"https:\/\/etev7e.pef.czu.cz\/zs2223\/wp-json\/wp\/v2\/comments?post=2929"}],"wp:featuredmedia":[{"embeddable":true,"href":"https:\/\/etev7e.pef.czu.cz\/zs2223\/wp-json\/wp\/v2\/media\/2931"}],"wp:attachment":[{"href":"https:\/\/etev7e.pef.czu.cz\/zs2223\/wp-json\/wp\/v2\/media?parent=2929"}],"wp:term":[{"taxonomy":"product_brand","embeddable":true,"href":"https:\/\/etev7e.pef.czu.cz\/zs2223\/wp-json\/wp\/v2\/product_brand?post=2929"},{"taxonomy":"product_cat","embeddable":true,"href":"https:\/\/etev7e.pef.czu.cz\/zs2223\/wp-json\/wp\/v2\/product_cat?post=2929"},{"taxonomy":"product_tag","embeddable":true,"href":"https:\/\/etev7e.pef.czu.cz\/zs2223\/wp-json\/wp\/v2\/product_tag?post=2929"}],"curies":[{"name":"wp","href":"https:\/\/api.w.org\/{rel}","templated":true}]}}