{"id":2932,"date":"2023-11-01T11:37:16","date_gmt":"2023-11-01T10:37:16","guid":{"rendered":"https:\/\/etev7e.pef.czu.cz\/zs2223\/?post_type=product&#038;p=2932"},"modified":"2023-11-08T11:32:11","modified_gmt":"2023-11-08T10:32:11","slug":"funko-pop-kurama","status":"publish","type":"product","link":"https:\/\/etev7e.pef.czu.cz\/zs2223\/produkt\/funko-pop-kurama\/","title":{"rendered":"Funko POP Kurama"},"content":{"rendered":"<p>Sb\u011bratelsk\u00e1 vinylov\u00e1 figurka Funko edice 5 Star ze s\u00e9rie Naruto Shippuden<\/p>\n","protected":false},"excerpt":{"rendered":"<p>Funko POP Kurama je sb\u011bratelsk\u00e1 figurka z popul\u00e1rn\u00edho anime a manga s\u00e9rii Naruto. Tento produkt zobrazuje Kuramu, kter\u00fd je ohromn\u00fdm \u010derven\u00fdm li\u0161\u010d\u00edm d\u00e9monem, kter\u00fd je spojen s postavou Naruto Uzumakiho. Figurka je vyrobena ve sv\u011b\u017e\u00edm a rozpoznateln\u00e9m stylu Funko POP, s charakteristick\u00fdmi velk\u00fdmi hlavami a mal\u00fdmi t\u011bly. Kurama je zn\u00e1m\u00fd sv\u00fdm v\u00fdrazn\u00fdm vzhledem a tato figurka je obl\u00edben\u00e1 mezi fanou\u0161ky s\u00e9rie Naruto pro svou v\u011brnost detail\u016fm a schopnost\u00ed zachytit osobnost t\u00e9to ikonick\u00e9 postavy.<\/p>\n<p>&nbsp;<\/p>\n","protected":false},"featured_media":2933,"comment_status":"open","ping_status":"closed","template":"","meta":[],"product_brand":[],"product_cat":[731],"product_tag":[1150,376,1149,903],"class_list":{"0":"post-2932","1":"product","2":"type-product","3":"status-publish","4":"has-post-thumbnail","6":"product_cat-sberatelske-figurky-funko","7":"product_tag-akcni-figurky","8":"product_tag-hracky","9":"product_tag-sberatelske-figurky","10":"product_tag-zabava","12":"first","13":"instock","14":"sale","15":"taxable","16":"shipping-taxable","17":"purchasable","18":"product-type-simple"},"jetpack_sharing_enabled":true,"_links":{"self":[{"href":"https:\/\/etev7e.pef.czu.cz\/zs2223\/wp-json\/wp\/v2\/product\/2932","targetHints":{"allow":["GET"]}}],"collection":[{"href":"https:\/\/etev7e.pef.czu.cz\/zs2223\/wp-json\/wp\/v2\/product"}],"about":[{"href":"https:\/\/etev7e.pef.czu.cz\/zs2223\/wp-json\/wp\/v2\/types\/product"}],"replies":[{"embeddable":true,"href":"https:\/\/etev7e.pef.czu.cz\/zs2223\/wp-json\/wp\/v2\/comments?post=2932"}],"wp:featuredmedia":[{"embeddable":true,"href":"https:\/\/etev7e.pef.czu.cz\/zs2223\/wp-json\/wp\/v2\/media\/2933"}],"wp:attachment":[{"href":"https:\/\/etev7e.pef.czu.cz\/zs2223\/wp-json\/wp\/v2\/media?parent=2932"}],"wp:term":[{"taxonomy":"product_brand","embeddable":true,"href":"https:\/\/etev7e.pef.czu.cz\/zs2223\/wp-json\/wp\/v2\/product_brand?post=2932"},{"taxonomy":"product_cat","embeddable":true,"href":"https:\/\/etev7e.pef.czu.cz\/zs2223\/wp-json\/wp\/v2\/product_cat?post=2932"},{"taxonomy":"product_tag","embeddable":true,"href":"https:\/\/etev7e.pef.czu.cz\/zs2223\/wp-json\/wp\/v2\/product_tag?post=2932"}],"curies":[{"name":"wp","href":"https:\/\/api.w.org\/{rel}","templated":true}]}}