{"id":2934,"date":"2023-11-01T11:40:16","date_gmt":"2023-11-01T10:40:16","guid":{"rendered":"https:\/\/etev7e.pef.czu.cz\/zs2223\/?post_type=product&#038;p=2934"},"modified":"2023-11-08T11:32:51","modified_gmt":"2023-11-08T10:32:51","slug":"funko-pop-hashirama-and-tobirama-2-pack","status":"publish","type":"product","link":"https:\/\/etev7e.pef.czu.cz\/zs2223\/produkt\/funko-pop-hashirama-and-tobirama-2-pack\/","title":{"rendered":"Funko POP Hashirama and Tobirama 2 pack"},"content":{"rendered":"<p>Sb\u011bratelsk\u00e1 vinylov\u00e1 figurka Funko\u00a0POP ze s\u00e9rie Naruto Shippuden<\/p>\n","protected":false},"excerpt":{"rendered":"<p>Funko POP Hashirama and Tobirama 2 pack je sb\u011bratelsk\u00e1 edice dvou figurek z popul\u00e1rn\u00edho anime a manga s\u00e9rie Naruto. Tento produkt obsahuje figurky dvou v\u00fdznamn\u00fdch postav &#8211; Hashiramu Senju a Tobiramy Senju, zakladatel\u016f Konoahy a mocn\u00fdch shinobi. Figureky jsou vytvo\u0159eny ve stylu Funko POP s v\u00fdrazn\u00fdmi hlavami a detailn\u00edmi rysy postav. Tento 2 pack je obl\u00edben\u00fdm p\u0159edm\u011btem mezi fanou\u0161ky pro svoji schopnost zobrazit ob\u011b kl\u00ed\u010dov\u00e9 postavy z Naruto s\u00e9rie a je cen\u011bn\u00fd pro svou autenticitu a sb\u011bratelskou hodnotu.<\/p>\n<p>&nbsp;<\/p>\n","protected":false},"featured_media":2935,"comment_status":"open","ping_status":"closed","template":"","meta":[],"product_brand":[],"product_cat":[731],"product_tag":[1150,376,1149,903],"class_list":{"0":"post-2934","1":"product","2":"type-product","3":"status-publish","4":"has-post-thumbnail","6":"product_cat-sberatelske-figurky-funko","7":"product_tag-akcni-figurky","8":"product_tag-hracky","9":"product_tag-sberatelske-figurky","10":"product_tag-zabava","12":"first","13":"instock","14":"sale","15":"taxable","16":"shipping-taxable","17":"purchasable","18":"product-type-simple"},"jetpack_sharing_enabled":true,"_links":{"self":[{"href":"https:\/\/etev7e.pef.czu.cz\/zs2223\/wp-json\/wp\/v2\/product\/2934","targetHints":{"allow":["GET"]}}],"collection":[{"href":"https:\/\/etev7e.pef.czu.cz\/zs2223\/wp-json\/wp\/v2\/product"}],"about":[{"href":"https:\/\/etev7e.pef.czu.cz\/zs2223\/wp-json\/wp\/v2\/types\/product"}],"replies":[{"embeddable":true,"href":"https:\/\/etev7e.pef.czu.cz\/zs2223\/wp-json\/wp\/v2\/comments?post=2934"}],"wp:featuredmedia":[{"embeddable":true,"href":"https:\/\/etev7e.pef.czu.cz\/zs2223\/wp-json\/wp\/v2\/media\/2935"}],"wp:attachment":[{"href":"https:\/\/etev7e.pef.czu.cz\/zs2223\/wp-json\/wp\/v2\/media?parent=2934"}],"wp:term":[{"taxonomy":"product_brand","embeddable":true,"href":"https:\/\/etev7e.pef.czu.cz\/zs2223\/wp-json\/wp\/v2\/product_brand?post=2934"},{"taxonomy":"product_cat","embeddable":true,"href":"https:\/\/etev7e.pef.czu.cz\/zs2223\/wp-json\/wp\/v2\/product_cat?post=2934"},{"taxonomy":"product_tag","embeddable":true,"href":"https:\/\/etev7e.pef.czu.cz\/zs2223\/wp-json\/wp\/v2\/product_tag?post=2934"}],"curies":[{"name":"wp","href":"https:\/\/api.w.org\/{rel}","templated":true}]}}