{"id":2936,"date":"2023-11-01T11:42:48","date_gmt":"2023-11-01T10:42:48","guid":{"rendered":"https:\/\/etev7e.pef.czu.cz\/zs2223\/?post_type=product&#038;p=2936"},"modified":"2023-11-08T11:33:57","modified_gmt":"2023-11-08T10:33:57","slug":"funko-pop-naruto-uzumaki-klicenka","status":"publish","type":"product","link":"https:\/\/etev7e.pef.czu.cz\/zs2223\/produkt\/funko-pop-naruto-uzumaki-klicenka\/","title":{"rendered":"Funko POP Naruto Uzumaki kl\u00ed\u010denka"},"content":{"rendered":"<p>Sb\u011bratelsk\u00e1 vinylov\u00e1 kl\u00ed\u010denka Funko POP\u00a0ze s\u00e9rie Naruto Shippuden<\/p>\n","protected":false},"excerpt":{"rendered":"<div class=\"group w-full text-token-text-primary border-b border-black\/10 gizmo:border-0 dark:border-gray-900\/50 gizmo:dark:border-0 bg-gray-50 gizmo:bg-transparent dark:bg-[#444654] gizmo:dark:bg-transparent\" data-testid=\"conversation-turn-9\">\n<div class=\"p-4 gizmo:py-2 justify-center text-base md:gap-6 md:py-6 m-auto\">\n<div class=\"flex flex-1 gap-4 text-base mx-auto md:gap-6 gizmo:gap-3 gizmo:md:px-5 gizmo:lg:px-1 gizmo:xl:px-5 md:max-w-2xl lg:max-w-[38rem] gizmo:md:max-w-3xl gizmo:lg:max-w-[40rem] gizmo:xl:max-w-[48rem] xl:max-w-3xl }\">\n<div class=\"relative flex w-[calc(100%-50px)] flex-col gizmo:w-full lg:w-[calc(100%-115px)] agent-turn\">\n<div class=\"flex-col gap-1 md:gap-3\">\n<div class=\"flex flex-grow flex-col gap-3 max-w-full\">\n<div class=\"min-h-[20px] flex flex-col items-start gap-3 whitespace-pre-wrap break-words overflow-x-auto\" data-message-author-role=\"assistant\" data-message-id=\"c9d83f32-a9f6-4484-a511-29d3d85bffc4\">\n<div class=\"markdown prose w-full break-words dark:prose-invert light\">\n<p>Funko POP Naruto Uzumaki kl\u00ed\u010denka je miniaturn\u00ed verze obl\u00edben\u00e9ho sb\u011bratelsk\u00e9ho produktu ve form\u011b kl\u00ed\u010denky. Tento produkt zobrazuje hlavn\u00ed postavu Naruto Uzumakiho ve stylizovan\u00e9m designu Funko POP. I kdy\u017e jeho rozm\u011bry jsou men\u0161\u00ed, zachov\u00e1v\u00e1 charakteristick\u00fd vzhled figurky, v\u010detn\u011b v\u011bt\u0161\u00ed hlavy a men\u0161\u00edho t\u011bla. Tato kl\u00ed\u010denka je skv\u011bl\u00fdm dopl\u0148kem pro fanou\u0161ky s\u00e9rie Naruto, kte\u0159\u00ed cht\u011bj\u00ed m\u00edt obl\u00edbenou postavu po ruce jako stylov\u00fd a praktick\u00fd p\u0159edm\u011bt pro denn\u00ed pou\u017eit\u00ed.<\/p>\n<\/div>\n<\/div>\n<\/div>\n<\/div>\n<\/div>\n<\/div>\n<\/div>\n<\/div>\n","protected":false},"featured_media":2937,"comment_status":"open","ping_status":"closed","template":"","meta":[],"product_brand":[],"product_cat":[731],"product_tag":[237,1151,1152],"class_list":{"0":"post-2936","1":"product","2":"type-product","3":"status-publish","4":"has-post-thumbnail","6":"product_cat-sberatelske-figurky-funko","7":"product_tag-doplnky","8":"product_tag-klicenky","9":"product_tag-privesky-na-klice","11":"first","12":"instock","13":"sale","14":"taxable","15":"shipping-taxable","16":"purchasable","17":"product-type-simple"},"jetpack_sharing_enabled":true,"_links":{"self":[{"href":"https:\/\/etev7e.pef.czu.cz\/zs2223\/wp-json\/wp\/v2\/product\/2936","targetHints":{"allow":["GET"]}}],"collection":[{"href":"https:\/\/etev7e.pef.czu.cz\/zs2223\/wp-json\/wp\/v2\/product"}],"about":[{"href":"https:\/\/etev7e.pef.czu.cz\/zs2223\/wp-json\/wp\/v2\/types\/product"}],"replies":[{"embeddable":true,"href":"https:\/\/etev7e.pef.czu.cz\/zs2223\/wp-json\/wp\/v2\/comments?post=2936"}],"wp:featuredmedia":[{"embeddable":true,"href":"https:\/\/etev7e.pef.czu.cz\/zs2223\/wp-json\/wp\/v2\/media\/2937"}],"wp:attachment":[{"href":"https:\/\/etev7e.pef.czu.cz\/zs2223\/wp-json\/wp\/v2\/media?parent=2936"}],"wp:term":[{"taxonomy":"product_brand","embeddable":true,"href":"https:\/\/etev7e.pef.czu.cz\/zs2223\/wp-json\/wp\/v2\/product_brand?post=2936"},{"taxonomy":"product_cat","embeddable":true,"href":"https:\/\/etev7e.pef.czu.cz\/zs2223\/wp-json\/wp\/v2\/product_cat?post=2936"},{"taxonomy":"product_tag","embeddable":true,"href":"https:\/\/etev7e.pef.czu.cz\/zs2223\/wp-json\/wp\/v2\/product_tag?post=2936"}],"curies":[{"name":"wp","href":"https:\/\/api.w.org\/{rel}","templated":true}]}}