{"id":2953,"date":"2023-11-01T21:44:05","date_gmt":"2023-11-01T20:44:05","guid":{"rendered":"https:\/\/etev7e.pef.czu.cz\/zs2223\/?post_type=product&#038;p=2953"},"modified":"2023-11-02T11:06:06","modified_gmt":"2023-11-02T10:06:06","slug":"latkove-ocni-polstarky","status":"publish","type":"product","link":"https:\/\/etev7e.pef.czu.cz\/zs2223\/produkt\/latkove-ocni-polstarky\/","title":{"rendered":"L\u00e1tkov\u00e9 o\u010dn\u00ed pol\u0161t\u00e1\u0159ky"},"content":{"rendered":"<p>Kolagenov\u00e9 o\u010dn\u00ed n\u00e1plasti jsou ur\u010deny speci\u00e1ln\u011b pro citlivou poko\u017eku kolem o\u010d\u00ed a intenzivn\u011b vy\u017eivuj\u00edc\u00ed poko\u017eku kolem o\u010d\u00ed, \u010d\u00edm\u017e odstra\u0148uj\u00ed otoky a tmav\u00e9 kruhy pod o\u010dima. Zvl\u00e1\u0161tnost\u00ed n\u00e1plast\u00ed je jejich schopnost obnovit nedostatek kolagenu v poko\u017ece a stimulovat synt\u00e9zu vlastn\u00edho kolagenu, kter\u00fd pom\u016f\u017ee omladit ko\u017en\u00ed bu\u0148ky.<\/p>\n<p><strong>Jak aplikovat:<\/strong><\/p>\n<p>P\u0159ilo\u017ete je na vy\u010di\u0161t\u011bnou ple\u0165 pod okem, \u0161ir\u0161\u00ed stranou pol\u0161t\u00e1\u0159ku je um\u00edst\u011bte k vn\u011bj\u0161\u00edmu koutku oka, u\u017e\u0161\u00ed stranou k nosu. Nechte pol\u0161t\u00e1\u0159ky p\u016fsobit na 15-20 minut, pak je sejm\u011bte a vyho\u010fte.<\/p>\n<ul>\n<li>V\u011bk: 27+<\/li>\n<li>\u00da\u010del: anti-aging, hydratace, proti vr\u00e1sk\u00e1m, v\u00fd\u017eiva<\/li>\n<li>Doba aplikace: univerz\u00e1ln\u00ed<\/li>\n<li>Typ pleti: v\u0161echny typy<\/li>\n<li>Zemle p\u016fvodu: Korea<\/li>\n<li>Vyrobeno v: Korea<\/li>\n<\/ul>\n<p>&nbsp;<\/p>\n<p>&nbsp;<\/p>\n<p>&nbsp;<\/p>\n<p>&nbsp;<\/p>\n","protected":false},"excerpt":{"rendered":"<p>Pol\u0161t\u00e1\u0159ky hojn\u011b napu\u0161t\u011bn\u00e9 kolagenem proti otok\u016fm pod o\u010dima<\/p>\n<p>30 ks<\/p>\n","protected":false},"featured_media":2954,"comment_status":"open","ping_status":"closed","template":"","meta":[],"product_brand":[],"product_cat":[732],"product_tag":[745,744,735,736,726,743,746],"class_list":{"0":"post-2953","1":"product","2":"type-product","3":"status-publish","4":"has-post-thumbnail","6":"product_cat-korejska-kosmetika","7":"product_tag-kolagen","8":"product_tag-naplasti-pod-oci","9":"product_tag-ocni-kosmetika","10":"product_tag-ocni-olstarky","11":"product_tag-pletove-masky","12":"product_tag-polstarky-pod-oci","13":"product_tag-tmave-kruhy-pod-ocima","15":"first","16":"instock","17":"taxable","18":"shipping-taxable","19":"purchasable","20":"product-type-simple"},"jetpack_sharing_enabled":true,"_links":{"self":[{"href":"https:\/\/etev7e.pef.czu.cz\/zs2223\/wp-json\/wp\/v2\/product\/2953","targetHints":{"allow":["GET"]}}],"collection":[{"href":"https:\/\/etev7e.pef.czu.cz\/zs2223\/wp-json\/wp\/v2\/product"}],"about":[{"href":"https:\/\/etev7e.pef.czu.cz\/zs2223\/wp-json\/wp\/v2\/types\/product"}],"replies":[{"embeddable":true,"href":"https:\/\/etev7e.pef.czu.cz\/zs2223\/wp-json\/wp\/v2\/comments?post=2953"}],"wp:featuredmedia":[{"embeddable":true,"href":"https:\/\/etev7e.pef.czu.cz\/zs2223\/wp-json\/wp\/v2\/media\/2954"}],"wp:attachment":[{"href":"https:\/\/etev7e.pef.czu.cz\/zs2223\/wp-json\/wp\/v2\/media?parent=2953"}],"wp:term":[{"taxonomy":"product_brand","embeddable":true,"href":"https:\/\/etev7e.pef.czu.cz\/zs2223\/wp-json\/wp\/v2\/product_brand?post=2953"},{"taxonomy":"product_cat","embeddable":true,"href":"https:\/\/etev7e.pef.czu.cz\/zs2223\/wp-json\/wp\/v2\/product_cat?post=2953"},{"taxonomy":"product_tag","embeddable":true,"href":"https:\/\/etev7e.pef.czu.cz\/zs2223\/wp-json\/wp\/v2\/product_tag?post=2953"}],"curies":[{"name":"wp","href":"https:\/\/api.w.org\/{rel}","templated":true}]}}