{"id":2962,"date":"2023-11-01T22:14:05","date_gmt":"2023-11-01T21:14:05","guid":{"rendered":"https:\/\/etev7e.pef.czu.cz\/zs2223\/?post_type=product&#038;p=2962"},"modified":"2023-11-02T10:56:19","modified_gmt":"2023-11-02T09:56:19","slug":"intenzivni-regeneracni-pletove-serum-od-skin-79","status":"publish","type":"product","link":"https:\/\/etev7e.pef.czu.cz\/zs2223\/produkt\/intenzivni-regeneracni-pletove-serum-od-skin-79\/","title":{"rendered":"Intenzivn\u00ed regenera\u010dn\u00ed ple\u0165ov\u00e9 s\u00e9rum od Skin 79"},"content":{"rendered":"<p>Serum je produkt p\u00e9\u010de o ple\u0165, kter\u00fd je vytvo\u0159en tak, aby poskytoval poko\u017ece intenzivn\u00ed \u00falevu a hydrataci. Obsahuje Cica, tak\u00e9 zn\u00e1mou jako Centella Asiatica, kter\u00e1 je zn\u00e1m\u00e1 sv\u00fdmi uklid\u0148uj\u00edc\u00edmi a l\u00e9\u010div\u00fdmi vlastnostmi. Toto s\u00e9rum je navr\u017eeno tak, aby pomohlo zklidnit a opravit po\u0161kozenou poko\u017eku, pos\u00edlit ko\u017en\u00ed bari\u00e9ru a zlep\u0161it celkov\u00e9 zdrav\u00ed poko\u017eky. Je obohacen o v\u00fdta\u017eek z borovice, kter\u00fd je bohat\u00fd na antioxidanty a pom\u00e1h\u00e1 chr\u00e1nit poko\u017eku p\u0159ed environment\u00e1ln\u00edmi stresory.\u00a0Skin79 Serum je vhodn\u00e9 pro v\u0161echny typy pleti.<\/p>\n<p><strong>Jak aplikovat:\u00a0<\/strong><\/p>\n<p>Lze jej pou\u017e\u00edvat r\u00e1no i ve\u010der, po vy\u010di\u0161t\u011bn\u00ed a tonizaci pleti. Naneste n\u011bkolik kapek s\u00e9ra na obli\u010dej a jemn\u011b vmas\u00edrujte do poko\u017eky, dokud se \u00fapln\u011b vst\u0159eb\u00e1.\u00a0P\u0159i pravideln\u00e9m pou\u017e\u00edv\u00e1n\u00ed m\u016f\u017ee toto s\u00e9rum pomoci zlep\u0161it vzhled zarudnut\u00ed, podr\u00e1\u017ed\u011bn\u00ed a suchosti a zanech\u00e1 poko\u017eku klidn\u011bj\u0161\u00ed, hlad\u0161\u00ed a hydratovan\u011bj\u0161\u00ed.<\/p>\n<ul>\n<li>V\u011bk: 30+<\/li>\n<li>\u00da\u010del: proti vr\u00e1sk\u00e1m, proti z\u00e1n\u011bt\u016fm, vyhlazen\u00ed, v\u00fd\u017eiva<\/li>\n<li>Doba aplikace: univerz\u00e1ln\u00ed<\/li>\n<li>Typ pleti: v\u0161echny typy<\/li>\n<li>Zem\u011b p\u016fvodu: Korea<\/li>\n<li>Vyrobeno v: Korea<\/li>\n<\/ul>\n","protected":false},"excerpt":{"rendered":"<p>Regenera\u010dn\u00ed ple\u0165ov\u00e9 s\u00e9rum pro z\u00e1\u0159ivou a sv\u011b\u017e\u00ed ple\u0165<\/p>\n<p>50 ml<\/p>\n","protected":false},"featured_media":2963,"comment_status":"open","ping_status":"closed","template":"","meta":[],"product_brand":[],"product_cat":[732],"product_tag":[739,738,737,740],"class_list":{"0":"post-2962","1":"product","2":"type-product","3":"status-publish","4":"has-post-thumbnail","6":"product_cat-korejska-kosmetika","7":"product_tag-omlazujici-kosmetika","8":"product_tag-pletova-kosmetika","9":"product_tag-pletova-sera","10":"product_tag-regenerace","12":"first","13":"instock","14":"taxable","15":"shipping-taxable","16":"purchasable","17":"product-type-simple"},"jetpack_sharing_enabled":true,"_links":{"self":[{"href":"https:\/\/etev7e.pef.czu.cz\/zs2223\/wp-json\/wp\/v2\/product\/2962","targetHints":{"allow":["GET"]}}],"collection":[{"href":"https:\/\/etev7e.pef.czu.cz\/zs2223\/wp-json\/wp\/v2\/product"}],"about":[{"href":"https:\/\/etev7e.pef.czu.cz\/zs2223\/wp-json\/wp\/v2\/types\/product"}],"replies":[{"embeddable":true,"href":"https:\/\/etev7e.pef.czu.cz\/zs2223\/wp-json\/wp\/v2\/comments?post=2962"}],"wp:featuredmedia":[{"embeddable":true,"href":"https:\/\/etev7e.pef.czu.cz\/zs2223\/wp-json\/wp\/v2\/media\/2963"}],"wp:attachment":[{"href":"https:\/\/etev7e.pef.czu.cz\/zs2223\/wp-json\/wp\/v2\/media?parent=2962"}],"wp:term":[{"taxonomy":"product_brand","embeddable":true,"href":"https:\/\/etev7e.pef.czu.cz\/zs2223\/wp-json\/wp\/v2\/product_brand?post=2962"},{"taxonomy":"product_cat","embeddable":true,"href":"https:\/\/etev7e.pef.czu.cz\/zs2223\/wp-json\/wp\/v2\/product_cat?post=2962"},{"taxonomy":"product_tag","embeddable":true,"href":"https:\/\/etev7e.pef.czu.cz\/zs2223\/wp-json\/wp\/v2\/product_tag?post=2962"}],"curies":[{"name":"wp","href":"https:\/\/api.w.org\/{rel}","templated":true}]}}