{"id":2967,"date":"2023-11-01T22:27:59","date_gmt":"2023-11-01T21:27:59","guid":{"rendered":"https:\/\/etev7e.pef.czu.cz\/zs2223\/?post_type=product&#038;p=2967"},"modified":"2023-11-09T22:08:01","modified_gmt":"2023-11-09T21:08:01","slug":"cc-krem","status":"publish","type":"product","link":"https:\/\/etev7e.pef.czu.cz\/zs2223\/produkt\/cc-krem\/","title":{"rendered":"RED CORRECT CC Kr\u00e9m"},"content":{"rendered":"<p>CC RED CORRECT je v\u0161estrann\u00e1, rozjas\u0148uj\u00edc\u00ed receptura: obsahuje zelen\u00e9 pigmenty, kter\u00e9 automaticky pom\u00e1haj\u00ed korigovat zarudnut\u00ed, a zapouzd\u0159en\u00e9 pigmenty, kter\u00e9 skr\u00fdvaj\u00ed dal\u0161\u00ed nedokonalosti. CC RED CORRECT se p\u0159izp\u016fsob\u00ed t\u00f3nu va\u0161\u00ed pleti a sv\u00fdm dokonal\u00fdm efektem korekce barev pom\u00e1h\u00e1 zv\u00fdraz\u0148ovat va\u0161i ple\u0165. CC RED CORRECT obohacen\u00fd o Centella asiatica pom\u00e1h\u00e1 dodat z\u00e1\u0159ivost a hydrataci a z\u00e1rove\u0148 poskytuje zkr\u00e1\u0161luj\u00edc\u00ed efekt.<\/p>\n<p><strong>Jak aplikovat: <\/strong><\/p>\n<p>Naneste jemnou vrstvu na obli\u010dej, jako denn\u00ed kr\u00e9m nebo jako z\u00e1klad pod make-up. Nepravidelnosti pleti jsou m\u00e9n\u011b viditeln\u00e9, va\u0161e ple\u0165 vypad\u00e1 perfektn\u011b, je zklidn\u011bn\u00e1 a je viditeln\u011b kr\u00e1sn\u011bj\u0161\u00ed.<\/p>\n<p>Testov\u00e1no pod dermatologick\u00fdm dohledem. Nekomedogenn\u00ed.<\/p>\n<ul>\n<li>V\u011bk: 18+<\/li>\n<li>\u00da\u010del: hydratace, zmatn\u011bn\u00ed, sjednocen\u00ed, proti za\u010derven\u00e1n\u00ed<\/li>\n<li>Doba aplikace: univerz\u00e1ln\u00ed<\/li>\n<li>Typ pleti: v\u0161echny typy<\/li>\n<li>Zem\u011b p\u016fvodu: Francie<\/li>\n<li>Vyrobeno: Ji\u017en\u00ed Korea<\/li>\n<\/ul>\n<p>&nbsp;<\/p>\n<p>&nbsp;<\/p>\n","protected":false},"excerpt":{"rendered":"<p>CC kr\u00e9m proti za\u010derven\u00e1n\u00ed pleti SPF 25<\/p>\n<p>15 ml<\/p>\n","protected":false},"featured_media":2968,"comment_status":"open","ping_status":"closed","template":"","meta":[],"product_brand":[],"product_cat":[732],"product_tag":[741,739,725,738],"class_list":{"0":"post-2967","1":"product","2":"type-product","3":"status-publish","4":"has-post-thumbnail","6":"product_cat-korejska-kosmetika","7":"product_tag-kremy","8":"product_tag-omlazujici-kosmetika","9":"product_tag-pece-o-plet","10":"product_tag-pletova-kosmetika","12":"first","13":"instock","14":"taxable","15":"shipping-taxable","16":"purchasable","17":"product-type-simple"},"jetpack_sharing_enabled":true,"_links":{"self":[{"href":"https:\/\/etev7e.pef.czu.cz\/zs2223\/wp-json\/wp\/v2\/product\/2967","targetHints":{"allow":["GET"]}}],"collection":[{"href":"https:\/\/etev7e.pef.czu.cz\/zs2223\/wp-json\/wp\/v2\/product"}],"about":[{"href":"https:\/\/etev7e.pef.czu.cz\/zs2223\/wp-json\/wp\/v2\/types\/product"}],"replies":[{"embeddable":true,"href":"https:\/\/etev7e.pef.czu.cz\/zs2223\/wp-json\/wp\/v2\/comments?post=2967"}],"wp:featuredmedia":[{"embeddable":true,"href":"https:\/\/etev7e.pef.czu.cz\/zs2223\/wp-json\/wp\/v2\/media\/2968"}],"wp:attachment":[{"href":"https:\/\/etev7e.pef.czu.cz\/zs2223\/wp-json\/wp\/v2\/media?parent=2967"}],"wp:term":[{"taxonomy":"product_brand","embeddable":true,"href":"https:\/\/etev7e.pef.czu.cz\/zs2223\/wp-json\/wp\/v2\/product_brand?post=2967"},{"taxonomy":"product_cat","embeddable":true,"href":"https:\/\/etev7e.pef.czu.cz\/zs2223\/wp-json\/wp\/v2\/product_cat?post=2967"},{"taxonomy":"product_tag","embeddable":true,"href":"https:\/\/etev7e.pef.czu.cz\/zs2223\/wp-json\/wp\/v2\/product_tag?post=2967"}],"curies":[{"name":"wp","href":"https:\/\/api.w.org\/{rel}","templated":true}]}}