{"id":2970,"date":"2023-11-01T22:38:54","date_gmt":"2023-11-01T21:38:54","guid":{"rendered":"https:\/\/etev7e.pef.czu.cz\/zs2223\/?post_type=product&#038;p=2970"},"modified":"2023-11-02T10:53:54","modified_gmt":"2023-11-02T09:53:54","slug":"platynkove-masky-marymay-cica","status":"publish","type":"product","link":"https:\/\/etev7e.pef.czu.cz\/zs2223\/produkt\/platynkove-masky-marymay-cica\/","title":{"rendered":"Pl\u00e1t\u00fdnkov\u00e9 masky Mary&amp;May CICA"},"content":{"rendered":"<p>Mary &amp; May CICA Houttuynia Tea Tree Calming Mask je produkt p\u00e9\u010de o ple\u0165, kter\u00fd je navr\u017een tak, aby poskytoval zklid\u0148uj\u00edc\u00ed \u00fa\u010dinky na poko\u017eku. Obsahuje CICA, Houttuynia Extract a Tea Tree Oil, kter\u00e9 jsou zn\u00e1m\u00e9 pro sv\u00e9 zklid\u0148uj\u00edc\u00ed a protiz\u00e1n\u011btliv\u00e9 vlastnosti.\u00a0 Mary &amp; May lze pou\u017e\u00edt jako sou\u010d\u00e1st va\u0161\u00ed rutiny p\u00e9\u010de o ple\u0165, a\u017e 2-3\u00a0 kr\u00e1t t\u00fddn\u011b, nebo podle pot\u0159eby pro zklidn\u011bn\u00ed a zklidn\u011bn\u00ed va\u0161\u00ed pleti.<\/p>\n<p><strong>Jak aplikovat:<\/strong><\/p>\n<p>Chcete-li pou\u017e\u00edt masku, za\u010dn\u011bte \u010di\u0161t\u011bn\u00edm obli\u010deje a osu\u0161en\u00edm. Pot\u00e9 masku opatrn\u011b rozlo\u017ete a p\u0159ilo\u017ete na obli\u010dej a ujist\u011bte se, \u017ee p\u0159ilne k poko\u017ece. Nechte p\u016fsobit asi 10-20 minut, ingredience tak proniknou a zajist\u00ed hydrataci a zklid\u0148uj\u00edc\u00ed \u00fa\u010dinky. Pot\u00e9 masku sejm\u011bte a zb\u00fdvaj\u00edc\u00ed esenci jemn\u011b vklepejte do poko\u017eky.<\/p>\n<ul>\n<li>V\u011bk: 18+<\/li>\n<li>\u00da\u010del: hydratace, zklidn\u011bn\u00ed<\/li>\n<li>Doba aplikace: univerz\u00e1ln\u00ed<\/li>\n<li>Typ pleti: citliv\u00e1, such\u00e1<\/li>\n<li>Zem\u011b p\u016fvodu: Korea<\/li>\n<li>Vyrobeno v: Korea<\/li>\n<\/ul>\n","protected":false},"excerpt":{"rendered":"<p>Zklid\u0148uj\u00edc\u00ed maska pro regeneraci plet\u00ed<\/p>\n<p>30 ks<\/p>\n","protected":false},"featured_media":2971,"comment_status":"open","ping_status":"closed","template":"","meta":[],"product_brand":[],"product_cat":[732],"product_tag":[739,738,726,740],"class_list":{"0":"post-2970","1":"product","2":"type-product","3":"status-publish","4":"has-post-thumbnail","6":"product_cat-korejska-kosmetika","7":"product_tag-omlazujici-kosmetika","8":"product_tag-pletova-kosmetika","9":"product_tag-pletove-masky","10":"product_tag-regenerace","12":"first","13":"instock","14":"taxable","15":"shipping-taxable","16":"purchasable","17":"product-type-simple"},"jetpack_sharing_enabled":true,"_links":{"self":[{"href":"https:\/\/etev7e.pef.czu.cz\/zs2223\/wp-json\/wp\/v2\/product\/2970","targetHints":{"allow":["GET"]}}],"collection":[{"href":"https:\/\/etev7e.pef.czu.cz\/zs2223\/wp-json\/wp\/v2\/product"}],"about":[{"href":"https:\/\/etev7e.pef.czu.cz\/zs2223\/wp-json\/wp\/v2\/types\/product"}],"replies":[{"embeddable":true,"href":"https:\/\/etev7e.pef.czu.cz\/zs2223\/wp-json\/wp\/v2\/comments?post=2970"}],"wp:featuredmedia":[{"embeddable":true,"href":"https:\/\/etev7e.pef.czu.cz\/zs2223\/wp-json\/wp\/v2\/media\/2971"}],"wp:attachment":[{"href":"https:\/\/etev7e.pef.czu.cz\/zs2223\/wp-json\/wp\/v2\/media?parent=2970"}],"wp:term":[{"taxonomy":"product_brand","embeddable":true,"href":"https:\/\/etev7e.pef.czu.cz\/zs2223\/wp-json\/wp\/v2\/product_brand?post=2970"},{"taxonomy":"product_cat","embeddable":true,"href":"https:\/\/etev7e.pef.czu.cz\/zs2223\/wp-json\/wp\/v2\/product_cat?post=2970"},{"taxonomy":"product_tag","embeddable":true,"href":"https:\/\/etev7e.pef.czu.cz\/zs2223\/wp-json\/wp\/v2\/product_tag?post=2970"}],"curies":[{"name":"wp","href":"https:\/\/api.w.org\/{rel}","templated":true}]}}