{"id":2973,"date":"2023-11-01T22:41:58","date_gmt":"2023-11-01T21:41:58","guid":{"rendered":"https:\/\/etev7e.pef.czu.cz\/zs2223\/?post_type=product&#038;p=2973"},"modified":"2023-11-02T11:01:37","modified_gmt":"2023-11-02T10:01:37","slug":"zklidnujici-pletova-pena","status":"publish","type":"product","link":"https:\/\/etev7e.pef.czu.cz\/zs2223\/produkt\/zklidnujici-pletova-pena\/","title":{"rendered":"Zklid\u0148uj\u00edc\u00ed ple\u0165ov\u00e1 p\u011bna"},"content":{"rendered":"<p>Round Lab Mugwort Calming Cleanser je d\u00edky sv\u00e9mu jemn\u00e9mu slo\u017een\u00ed ide\u00e1ln\u00ed pro ka\u017edodenn\u00ed \u010di\u0161t\u011bn\u00ed citliv\u00e9 a problematick\u00e9 pleti. P\u011bna \u010dist\u00ed p\u00f3ry od mrtv\u00fdch ko\u017en\u00edch \u010d\u00e1ste\u010dek a p\u0159ebyte\u010dn\u00e9ho ko\u017en\u00edho mazu, ani\u017e by zp\u016fsobovala podr\u00e1\u017ed\u011bn\u00ed. M\u00edrn\u011b kysel\u00e9 slo\u017een\u00ed posiluje p\u0159irozenou hydrolipidovou bari\u00e9ru, kter\u00e1 zabra\u0148uje vysou\u0161en\u00ed, sm\u00fdv\u00e1 v\u0161echny ne\u010distoty, sni\u017euje ztr\u00e1tu vlhkosti a chr\u00e1n\u00ed p\u0159ed vn\u011bj\u0161\u00edmi dr\u00e1\u017ediv\u00fdmi vlivy, zjem\u0148uje a vyhlazuje reli\u00e9f. M\u00e1 jemnou kr\u00e9movou texturu a v\u016fni pely\u0148ku, \u010dern\u00e9ho \u010daje a \u0161alv\u011bje.<\/p>\n<p><strong>Jak aplikovat:\u00a0<\/strong><\/p>\n<p>Naneste dostate\u010dn\u00e9 mno\u017estv\u00ed na dla\u0148 a jemn\u00fdm mas\u00edrov\u00e1n\u00edm na obli\u010dej vytvo\u0159te bublinky a p\u011bny.<br \/>\nO\u010dist\u011bte a d\u016fkladn\u011b opl\u00e1chn\u011bte vla\u017enou vodou.<\/p>\n<ul>\n<li>V\u011bk: 18+<\/li>\n<li>\u00da\u010del: \u010di\u0161t\u011bn\u00ed<\/li>\n<li>Doba aplikace: univerz\u00e1ln\u00ed<\/li>\n<li>Typ pleti: v\u0161echny typy<\/li>\n<li>Zem\u011b p\u016fvodu: Korea<\/li>\n<li>Vyrobeno v: Korea<\/li>\n<\/ul>\n","protected":false},"excerpt":{"rendered":"<p>Hydrata\u010dn\u00ed a zklid\u0148uj\u00edc\u00ed \u010distic\u00ed p\u011bna<\/p>\n<p>150 ml<\/p>\n","protected":false},"featured_media":2974,"comment_status":"open","ping_status":"closed","template":"","meta":[],"product_brand":[],"product_cat":[732],"product_tag":[739,725,738,742],"class_list":{"0":"post-2973","1":"product","2":"type-product","3":"status-publish","4":"has-post-thumbnail","6":"product_cat-korejska-kosmetika","7":"product_tag-omlazujici-kosmetika","8":"product_tag-pece-o-plet","9":"product_tag-pletova-kosmetika","10":"product_tag-zklidnujici-pena","12":"first","13":"instock","14":"taxable","15":"shipping-taxable","16":"purchasable","17":"product-type-simple"},"jetpack_sharing_enabled":true,"_links":{"self":[{"href":"https:\/\/etev7e.pef.czu.cz\/zs2223\/wp-json\/wp\/v2\/product\/2973","targetHints":{"allow":["GET"]}}],"collection":[{"href":"https:\/\/etev7e.pef.czu.cz\/zs2223\/wp-json\/wp\/v2\/product"}],"about":[{"href":"https:\/\/etev7e.pef.czu.cz\/zs2223\/wp-json\/wp\/v2\/types\/product"}],"replies":[{"embeddable":true,"href":"https:\/\/etev7e.pef.czu.cz\/zs2223\/wp-json\/wp\/v2\/comments?post=2973"}],"wp:featuredmedia":[{"embeddable":true,"href":"https:\/\/etev7e.pef.czu.cz\/zs2223\/wp-json\/wp\/v2\/media\/2974"}],"wp:attachment":[{"href":"https:\/\/etev7e.pef.czu.cz\/zs2223\/wp-json\/wp\/v2\/media?parent=2973"}],"wp:term":[{"taxonomy":"product_brand","embeddable":true,"href":"https:\/\/etev7e.pef.czu.cz\/zs2223\/wp-json\/wp\/v2\/product_brand?post=2973"},{"taxonomy":"product_cat","embeddable":true,"href":"https:\/\/etev7e.pef.czu.cz\/zs2223\/wp-json\/wp\/v2\/product_cat?post=2973"},{"taxonomy":"product_tag","embeddable":true,"href":"https:\/\/etev7e.pef.czu.cz\/zs2223\/wp-json\/wp\/v2\/product_tag?post=2973"}],"curies":[{"name":"wp","href":"https:\/\/api.w.org\/{rel}","templated":true}]}}