{"id":2996,"date":"2023-11-04T15:18:53","date_gmt":"2023-11-04T14:18:53","guid":{"rendered":"https:\/\/etev7e.pef.czu.cz\/zs2223\/?post_type=product&#038;p=2996"},"modified":"2023-11-04T15:18:53","modified_gmt":"2023-11-04T14:18:53","slug":"osvezovac-vzduchu-bio-eukalyptus","status":"publish","type":"product","link":"https:\/\/etev7e.pef.czu.cz\/zs2223\/produkt\/osvezovac-vzduchu-bio-eukalyptus\/","title":{"rendered":"Osv\u011b\u017eova\u010d vzduchu BIO eukalyptus"},"content":{"rendered":"<p>Osv\u011b\u017eova\u010d vzduchu Tierra Verde s n\u011b\u017enou v\u016fn\u00ed eukalyptu. BIO silice z eukalyptu rozpust\u00ed vnit\u0159n\u00ed nap\u011bt\u00ed a skv\u011ble povzbud\u00ed t\u011blo a podpo\u0159\u00ed soust\u0159ed\u011bn\u00ed. Um\u00ed tak\u00e9 p\u0159ekr\u00fdvat pachy, lahvi\u010dku tedy zaru\u010den\u011b vyu\u017eijete tak\u00e9 v bl\u00edzkosti toalety \u010di odpadu. P\u0159irozenou cestou odpuzuje hmyz. Pom\u00e1h\u00e1 tak\u00e9 proti \u00fanav\u011b a zlep\u0161uje n\u00e1ladu. Osv\u011b\u017eova\u010d si svou kvalitou a \u0161etrnost\u00ed vyslou\u017eil certifikaci Eco Garantie<\/p>\n","protected":false},"excerpt":{"rendered":"<p>Osv\u011b\u017eova\u010d vzduchu Tierra Verde s n\u011b\u017enou v\u016fn\u00ed eukalyptu. BIO silice z eukalyptu rozpust\u00ed vnit\u0159n\u00ed nap\u011bt\u00ed a skv\u011ble povzbud\u00ed t\u011blo a podpo\u0159\u00ed soust\u0159ed\u011bn\u00ed. Um\u00ed tak\u00e9 p\u0159ekr\u00fdvat pachy, lahvi\u010dku tedy zaru\u010den\u011b vyu\u017eijete tak\u00e9 v bl\u00edzkosti toalety \u010di odpadu. P\u0159irozenou cestou odpuzuje hmyz. Pom\u00e1h\u00e1 tak\u00e9 proti \u00fanav\u011b a zlep\u0161uje n\u00e1ladu. Osv\u011b\u017eova\u010d si svou kvalitou a \u0161etrnost\u00ed vyslou\u017eil certifikaci [&hellip;]<\/p>\n","protected":false},"featured_media":2997,"comment_status":"open","ping_status":"closed","template":"","meta":[],"product_brand":[],"product_cat":[753,755],"product_tag":[749,750,317],"class_list":{"0":"post-2996","1":"product","2":"type-product","3":"status-publish","4":"has-post-thumbnail","6":"product_cat-drogerie","7":"product_cat-osvezovace-vzduchu","8":"product_tag-dekorace-a-doplnky","9":"product_tag-osvezovac-vzduchu","10":"product_tag-vune","12":"first","13":"instock","14":"sale","15":"taxable","16":"shipping-taxable","17":"purchasable","18":"product-type-simple"},"jetpack_sharing_enabled":true,"_links":{"self":[{"href":"https:\/\/etev7e.pef.czu.cz\/zs2223\/wp-json\/wp\/v2\/product\/2996","targetHints":{"allow":["GET"]}}],"collection":[{"href":"https:\/\/etev7e.pef.czu.cz\/zs2223\/wp-json\/wp\/v2\/product"}],"about":[{"href":"https:\/\/etev7e.pef.czu.cz\/zs2223\/wp-json\/wp\/v2\/types\/product"}],"replies":[{"embeddable":true,"href":"https:\/\/etev7e.pef.czu.cz\/zs2223\/wp-json\/wp\/v2\/comments?post=2996"}],"wp:featuredmedia":[{"embeddable":true,"href":"https:\/\/etev7e.pef.czu.cz\/zs2223\/wp-json\/wp\/v2\/media\/2997"}],"wp:attachment":[{"href":"https:\/\/etev7e.pef.czu.cz\/zs2223\/wp-json\/wp\/v2\/media?parent=2996"}],"wp:term":[{"taxonomy":"product_brand","embeddable":true,"href":"https:\/\/etev7e.pef.czu.cz\/zs2223\/wp-json\/wp\/v2\/product_brand?post=2996"},{"taxonomy":"product_cat","embeddable":true,"href":"https:\/\/etev7e.pef.czu.cz\/zs2223\/wp-json\/wp\/v2\/product_cat?post=2996"},{"taxonomy":"product_tag","embeddable":true,"href":"https:\/\/etev7e.pef.czu.cz\/zs2223\/wp-json\/wp\/v2\/product_tag?post=2996"}],"curies":[{"name":"wp","href":"https:\/\/api.w.org\/{rel}","templated":true}]}}