{"id":2998,"date":"2023-11-04T15:18:20","date_gmt":"2023-11-04T14:18:20","guid":{"rendered":"https:\/\/etev7e.pef.czu.cz\/zs2223\/?post_type=product&#038;p=2998"},"modified":"2023-11-04T15:18:20","modified_gmt":"2023-11-04T14:18:20","slug":"vonna-svicka-se-sojovym-voskem","status":"publish","type":"product","link":"https:\/\/etev7e.pef.czu.cz\/zs2223\/produkt\/vonna-svicka-se-sojovym-voskem\/","title":{"rendered":"Vonn\u00e1 sv\u00ed\u010dka se s\u00f3jov\u00fdm voskem"},"content":{"rendered":"<p>Vonn\u00e1 sv\u00ed\u010dka se s\u00f3jov\u00fdm voskem No. 4 Lemon Grass se sv\u011b\u017e\u00ed, lehkou v\u016fn\u00ed citronov\u00e9 tr\u00e1vy a citrusov\u00fdch plod\u016f, rafinovan\u00e1, podpo\u0159en\u00e1 jemn\u00fdmi kv\u011btinami a d\u0159evit\u00fdmi, ko\u0159enit\u00fdmi t\u00f3ny. V\u016fn\u011b pln\u00e1 lehkosti a energie.<\/p>\n","protected":false},"excerpt":{"rendered":"<p>Vonn\u00e1 sv\u00ed\u010dka se s\u00f3jov\u00fdm voskem No. 4 Lemon Grass se sv\u011b\u017e\u00ed, lehkou v\u016fn\u00ed citronov\u00e9 tr\u00e1vy a citrusov\u00fdch plod\u016f, rafinovan\u00e1, podpo\u0159en\u00e1 jemn\u00fdmi kv\u011btinami a d\u0159evit\u00fdmi, ko\u0159enit\u00fdmi t\u00f3ny. V\u016fn\u011b pln\u00e1 lehkosti a energie.<\/p>\n","protected":false},"featured_media":2999,"comment_status":"open","ping_status":"closed","template":"","meta":[],"product_brand":[],"product_cat":[753,754],"product_tag":[749,751,752,317],"class_list":{"0":"post-2998","1":"product","2":"type-product","3":"status-publish","4":"has-post-thumbnail","6":"product_cat-drogerie","7":"product_cat-svicky","8":"product_tag-dekorace-a-doplnky","9":"product_tag-svicky","10":"product_tag-vonne-svicky","11":"product_tag-vune","13":"first","14":"instock","15":"sale","16":"taxable","17":"shipping-taxable","18":"purchasable","19":"product-type-simple"},"jetpack_sharing_enabled":true,"_links":{"self":[{"href":"https:\/\/etev7e.pef.czu.cz\/zs2223\/wp-json\/wp\/v2\/product\/2998","targetHints":{"allow":["GET"]}}],"collection":[{"href":"https:\/\/etev7e.pef.czu.cz\/zs2223\/wp-json\/wp\/v2\/product"}],"about":[{"href":"https:\/\/etev7e.pef.czu.cz\/zs2223\/wp-json\/wp\/v2\/types\/product"}],"replies":[{"embeddable":true,"href":"https:\/\/etev7e.pef.czu.cz\/zs2223\/wp-json\/wp\/v2\/comments?post=2998"}],"wp:featuredmedia":[{"embeddable":true,"href":"https:\/\/etev7e.pef.czu.cz\/zs2223\/wp-json\/wp\/v2\/media\/2999"}],"wp:attachment":[{"href":"https:\/\/etev7e.pef.czu.cz\/zs2223\/wp-json\/wp\/v2\/media?parent=2998"}],"wp:term":[{"taxonomy":"product_brand","embeddable":true,"href":"https:\/\/etev7e.pef.czu.cz\/zs2223\/wp-json\/wp\/v2\/product_brand?post=2998"},{"taxonomy":"product_cat","embeddable":true,"href":"https:\/\/etev7e.pef.czu.cz\/zs2223\/wp-json\/wp\/v2\/product_cat?post=2998"},{"taxonomy":"product_tag","embeddable":true,"href":"https:\/\/etev7e.pef.czu.cz\/zs2223\/wp-json\/wp\/v2\/product_tag?post=2998"}],"curies":[{"name":"wp","href":"https:\/\/api.w.org\/{rel}","templated":true}]}}