{"id":3002,"date":"2023-11-04T15:18:34","date_gmt":"2023-11-04T14:18:34","guid":{"rendered":"https:\/\/etev7e.pef.czu.cz\/zs2223\/?post_type=product&#038;p=3002"},"modified":"2023-11-04T15:18:34","modified_gmt":"2023-11-04T14:18:34","slug":"aroma-kvetinovy-difuzer","status":"publish","type":"product","link":"https:\/\/etev7e.pef.czu.cz\/zs2223\/produkt\/aroma-kvetinovy-difuzer\/","title":{"rendered":"Aroma kv\u011btinov\u00fd difuz\u00e9r"},"content":{"rendered":"<p>Aroma kv\u011btinov\u00fd difuz\u00e9r. Kr\u00e1sn\u00fd aroma difuz\u00e9r s\u00a0vonn\u00fdmi ty\u010dinkami se hod\u00ed do r\u016fzn\u00fdch prostor\u016f, a\u0165 u\u017e doma, \u010di v\u00a0kancel\u00e1\u0159i. Parf\u00e9movan\u00e1 esence se uvol\u0148uje d\u00edky ty\u010dink\u00e1m. Jejich por\u00e9zn\u00ed struktura \u0161\u00ed\u0159\u00ed aroma spr\u00e1vnou rychlost\u00ed. Dokonale poklidnou atmosf\u00e9ru navod\u00ed jejich kv\u011btinov\u00e1 v\u016fn\u011b.<\/p>\n","protected":false},"excerpt":{"rendered":"<p>Aroma kv\u011btinov\u00fd difuz\u00e9r. Kr\u00e1sn\u00fd aroma difuz\u00e9r s\u00a0vonn\u00fdmi ty\u010dinkami se hod\u00ed do r\u016fzn\u00fdch prostor\u016f, a\u0165 u\u017e doma, \u010di v\u00a0kancel\u00e1\u0159i. Parf\u00e9movan\u00e1 esence se uvol\u0148uje d\u00edky ty\u010dink\u00e1m. Jejich por\u00e9zn\u00ed struktura \u0161\u00ed\u0159\u00ed aroma spr\u00e1vnou rychlost\u00ed. Dokonale poklidnou atmosf\u00e9ru navod\u00ed jejich kv\u011btinov\u00e1 v\u016fn\u011b.<\/p>\n","protected":false},"featured_media":3003,"comment_status":"open","ping_status":"closed","template":"","meta":[],"product_brand":[],"product_cat":[753,756],"product_tag":[749,757,751,752],"class_list":{"0":"post-3002","1":"product","2":"type-product","3":"status-publish","4":"has-post-thumbnail","6":"product_cat-drogerie","7":"product_cat-aroma-difuzery","8":"product_tag-dekorace-a-doplnky","9":"product_tag-difuzer","10":"product_tag-svicky","11":"product_tag-vonne-svicky","13":"first","14":"instock","15":"sale","16":"taxable","17":"shipping-taxable","18":"purchasable","19":"product-type-simple"},"jetpack_sharing_enabled":true,"_links":{"self":[{"href":"https:\/\/etev7e.pef.czu.cz\/zs2223\/wp-json\/wp\/v2\/product\/3002","targetHints":{"allow":["GET"]}}],"collection":[{"href":"https:\/\/etev7e.pef.czu.cz\/zs2223\/wp-json\/wp\/v2\/product"}],"about":[{"href":"https:\/\/etev7e.pef.czu.cz\/zs2223\/wp-json\/wp\/v2\/types\/product"}],"replies":[{"embeddable":true,"href":"https:\/\/etev7e.pef.czu.cz\/zs2223\/wp-json\/wp\/v2\/comments?post=3002"}],"wp:featuredmedia":[{"embeddable":true,"href":"https:\/\/etev7e.pef.czu.cz\/zs2223\/wp-json\/wp\/v2\/media\/3003"}],"wp:attachment":[{"href":"https:\/\/etev7e.pef.czu.cz\/zs2223\/wp-json\/wp\/v2\/media?parent=3002"}],"wp:term":[{"taxonomy":"product_brand","embeddable":true,"href":"https:\/\/etev7e.pef.czu.cz\/zs2223\/wp-json\/wp\/v2\/product_brand?post=3002"},{"taxonomy":"product_cat","embeddable":true,"href":"https:\/\/etev7e.pef.czu.cz\/zs2223\/wp-json\/wp\/v2\/product_cat?post=3002"},{"taxonomy":"product_tag","embeddable":true,"href":"https:\/\/etev7e.pef.czu.cz\/zs2223\/wp-json\/wp\/v2\/product_tag?post=3002"}],"curies":[{"name":"wp","href":"https:\/\/api.w.org\/{rel}","templated":true}]}}