{"id":3004,"date":"2023-11-04T15:18:39","date_gmt":"2023-11-04T14:18:39","guid":{"rendered":"https:\/\/etev7e.pef.czu.cz\/zs2223\/?post_type=product&#038;p=3004"},"modified":"2023-11-04T15:18:39","modified_gmt":"2023-11-04T14:18:39","slug":"osvezovac-vzduchu-levandule","status":"publish","type":"product","link":"https:\/\/etev7e.pef.czu.cz\/zs2223\/produkt\/osvezovac-vzduchu-levandule\/","title":{"rendered":"Osv\u011b\u017eova\u010d vzduchu Levandule"},"content":{"rendered":"<p id=\"yui_3_17_2_1_1699103692610_66\">Osv\u011b\u017eova\u010d vzduchu Profissimo s\u00a0 v\u016fn\u00ed levandule poskytuje p\u0159irozenou podporu pro uklidn\u011bn\u00ed a klidn\u00fd sp\u00e1nek. Jednodu\u0161e sprej nast\u0159\u00edkejte na pol\u0161t\u00e1\u0159 a u\u017eijte si relaxa\u010dn\u00ed a zklid\u0148uj\u00edc\u00ed \u00fa\u010dinek.<\/p>\n","protected":false},"excerpt":{"rendered":"<p>Osv\u011b\u017eova\u010d vzduchu Profissimo s\u00a0 v\u016fn\u00ed levandule poskytuje p\u0159irozenou podporu pro uklidn\u011bn\u00ed a klidn\u00fd sp\u00e1nek. Jednodu\u0161e sprej nast\u0159\u00edkejte na pol\u0161t\u00e1\u0159 a u\u017eijte si relaxa\u010dn\u00ed a zklid\u0148uj\u00edc\u00ed \u00fa\u010dinek.<\/p>\n","protected":false},"featured_media":3005,"comment_status":"open","ping_status":"closed","template":"","meta":[],"product_brand":[],"product_cat":[753,755],"product_tag":[749,750,317],"class_list":{"0":"post-3004","1":"product","2":"type-product","3":"status-publish","4":"has-post-thumbnail","6":"product_cat-drogerie","7":"product_cat-osvezovace-vzduchu","8":"product_tag-dekorace-a-doplnky","9":"product_tag-osvezovac-vzduchu","10":"product_tag-vune","12":"first","13":"instock","14":"sale","15":"taxable","16":"shipping-taxable","17":"purchasable","18":"product-type-simple"},"jetpack_sharing_enabled":true,"_links":{"self":[{"href":"https:\/\/etev7e.pef.czu.cz\/zs2223\/wp-json\/wp\/v2\/product\/3004","targetHints":{"allow":["GET"]}}],"collection":[{"href":"https:\/\/etev7e.pef.czu.cz\/zs2223\/wp-json\/wp\/v2\/product"}],"about":[{"href":"https:\/\/etev7e.pef.czu.cz\/zs2223\/wp-json\/wp\/v2\/types\/product"}],"replies":[{"embeddable":true,"href":"https:\/\/etev7e.pef.czu.cz\/zs2223\/wp-json\/wp\/v2\/comments?post=3004"}],"wp:featuredmedia":[{"embeddable":true,"href":"https:\/\/etev7e.pef.czu.cz\/zs2223\/wp-json\/wp\/v2\/media\/3005"}],"wp:attachment":[{"href":"https:\/\/etev7e.pef.czu.cz\/zs2223\/wp-json\/wp\/v2\/media?parent=3004"}],"wp:term":[{"taxonomy":"product_brand","embeddable":true,"href":"https:\/\/etev7e.pef.czu.cz\/zs2223\/wp-json\/wp\/v2\/product_brand?post=3004"},{"taxonomy":"product_cat","embeddable":true,"href":"https:\/\/etev7e.pef.czu.cz\/zs2223\/wp-json\/wp\/v2\/product_cat?post=3004"},{"taxonomy":"product_tag","embeddable":true,"href":"https:\/\/etev7e.pef.czu.cz\/zs2223\/wp-json\/wp\/v2\/product_tag?post=3004"}],"curies":[{"name":"wp","href":"https:\/\/api.w.org\/{rel}","templated":true}]}}