{"id":3011,"date":"2023-11-04T16:52:00","date_gmt":"2023-11-04T15:52:00","guid":{"rendered":"https:\/\/etev7e.pef.czu.cz\/zs2223\/?post_type=product&#038;p=3011"},"modified":"2023-11-28T16:23:08","modified_gmt":"2023-11-28T15:23:08","slug":"mistr-a-marketka","status":"publish","type":"product","link":"https:\/\/etev7e.pef.czu.cz\/zs2223\/produkt\/mistr-a-marketka\/","title":{"rendered":"Mistr a Mark\u00e9tka"},"content":{"rendered":"<p>Mistr a Mark\u00e9tka je vrcholn\u00fdm d\u00edlem tvorby Michaila Bulgakova. D\u00edlo tak\u00e9 uzav\u00edr\u00e1 t\u00e9ma velmi v\u00fdznamn\u00e9 a bl\u00edzk\u00e9 vlastn\u00edmu \u017eivotu spisovatele, tedy konflikt um\u011blce s despotickou moc\u00ed, je\u017e se jej sna\u017e\u00ed uml\u010det. Rom\u00e1n se slo\u017eit\u00fdmi a bolestn\u00fdmi \u00favahami o \u017eivot\u011b je ale rovn\u011b\u017e i knihou, v n\u00ed\u017e se mistrovsky propojila filozofie a fantastika, mystika a lyrika, jemn\u00fd humor a trefn\u00e1 hlubok\u00e1 satira, i neoby\u010dejn\u00e9 p\u0159\u00edb\u011bhy \u00fanos\u016f, \u017eh\u00e1\u0159stv\u00ed a \u010dern\u00e9 magie. Samotn\u00fd d\u011bj je rozd\u011blen do t\u0159\u00ed r\u016fzn\u00fdch, ale vz\u00e1jemn\u011b propojen\u00fdch p\u0159\u00edb\u011bh\u016f: peripeti\u00ed, kter\u00e9 se odehr\u00e1vaj\u00ed v Moskv\u011b, v\u010detn\u011b dobrodru\u017estv\u00ed Satanova potomka; ud\u00e1lost\u00ed, t\u00fdkaj\u00edc\u00edch se uk\u0159i\u017eov\u00e1n\u00ed Je\u0161uy Ha-Nocriho neboli Je\u017e\u00ed\u0161e Krista v prvn\u00edm stolet\u00ed na\u0161eho letopo\u010dtu a zejm\u00e9na zvl\u00e1\u0161tn\u00ed milostn\u00e9 historie Mistra a Mark\u00e9tky.<\/p>\n<ul>\n<li>Autor:\u00a0Michail Bulgakov<\/li>\n<li>Po\u010det stran:\u00a0472<\/li>\n<li>\u017d\u00e1nr:\u00a0Sv\u011btov\u00e1 literatura, Rom\u00e1ny<\/li>\n<li>Vyd\u00e1no:\u00a02019, Odeon<\/li>\n<li>P\u0159eklad:\u00a0Libor Dvo\u0159\u00e1k<\/li>\n<li>Autor ob\u00e1lky:\u00a0Zden\u011bk Ziegler<\/li>\n<li id=\"yui_3_17_2_1_1699111671926_37\">EAN:\u00a09788087950753<\/li>\n<li>Vazba knihy:\u00a0pevn\u00e1 \/ v\u00e1zan\u00e1<\/li>\n<li>ISBN:\u00a0978-80-207-1866-2<\/li>\n<li>Jazyk: \u010de\u0161tina<\/li>\n<\/ul>\n<p>&nbsp;<\/p>\n","protected":false},"excerpt":{"rendered":"<p>Historicko-filozofick\u00fd rom\u00e1n Mistr a Mark\u00e9tka od Michaila Bulgakova v pevn\u00e9 vazb\u011b<\/p>\n","protected":false},"featured_media":3017,"comment_status":"open","ping_status":"closed","template":"","meta":[],"product_brand":[],"product_cat":[1148],"product_tag":[854,853,761,762,847,790,760,763],"class_list":{"0":"post-3011","1":"product","2":"type-product","3":"status-publish","4":"has-post-thumbnail","6":"product_cat-svetovaliteratura","7":"product_tag-filozoficky","8":"product_tag-historicky","9":"product_tag-legendy-o-faustovi","10":"product_tag-magicky-realismus","11":"product_tag-psychologicky","12":"product_tag-roman","13":"product_tag-ruska-literatura","14":"product_tag-satira","16":"first","17":"instock","18":"sale","19":"taxable","20":"shipping-taxable","21":"purchasable","22":"product-type-simple"},"jetpack_sharing_enabled":true,"_links":{"self":[{"href":"https:\/\/etev7e.pef.czu.cz\/zs2223\/wp-json\/wp\/v2\/product\/3011","targetHints":{"allow":["GET"]}}],"collection":[{"href":"https:\/\/etev7e.pef.czu.cz\/zs2223\/wp-json\/wp\/v2\/product"}],"about":[{"href":"https:\/\/etev7e.pef.czu.cz\/zs2223\/wp-json\/wp\/v2\/types\/product"}],"replies":[{"embeddable":true,"href":"https:\/\/etev7e.pef.czu.cz\/zs2223\/wp-json\/wp\/v2\/comments?post=3011"}],"wp:featuredmedia":[{"embeddable":true,"href":"https:\/\/etev7e.pef.czu.cz\/zs2223\/wp-json\/wp\/v2\/media\/3017"}],"wp:attachment":[{"href":"https:\/\/etev7e.pef.czu.cz\/zs2223\/wp-json\/wp\/v2\/media?parent=3011"}],"wp:term":[{"taxonomy":"product_brand","embeddable":true,"href":"https:\/\/etev7e.pef.czu.cz\/zs2223\/wp-json\/wp\/v2\/product_brand?post=3011"},{"taxonomy":"product_cat","embeddable":true,"href":"https:\/\/etev7e.pef.czu.cz\/zs2223\/wp-json\/wp\/v2\/product_cat?post=3011"},{"taxonomy":"product_tag","embeddable":true,"href":"https:\/\/etev7e.pef.czu.cz\/zs2223\/wp-json\/wp\/v2\/product_tag?post=3011"}],"curies":[{"name":"wp","href":"https:\/\/api.w.org\/{rel}","templated":true}]}}