{"id":3014,"date":"2023-11-04T16:51:13","date_gmt":"2023-11-04T15:51:13","guid":{"rendered":"https:\/\/etev7e.pef.czu.cz\/zs2223\/?post_type=product&#038;p=3014"},"modified":"2023-11-04T21:39:45","modified_gmt":"2023-11-04T20:39:45","slug":"kombucha","status":"publish","type":"product","link":"https:\/\/etev7e.pef.czu.cz\/zs2223\/produkt\/kombucha\/","title":{"rendered":"Kombucha"},"content":{"rendered":"<div id=\"yui_3_17_2_1_1699112081765_35\">\n<p id=\"yui_3_17_2_1_1699112081765_34\"><span id=\"yui_3_17_2_1_1699112081765_39\" lang=\"cs-cz\" xml:lang=\"cs-cz\">Kombucha je houbovit\u00fd \u00fatvar, kter\u00fd je pln\u00fd bakteri\u00ed a kvasinek. Odborn\u00fd n\u00e1zev pro tento \u00fatvar je SCOBY (Symbiotic Culture Of Bacterias and Yeasts).\u00a0<\/span><\/p>\n<\/div>\n<div id=\"yui_3_17_2_1_1699112081765_38\">\n<p id=\"yui_3_17_2_1_1699112081765_37\"><span lang=\"cs-cz\" xml:lang=\"cs-cz\">Z t\u00e9to \u201chouby\u201d se vyr\u00e1b\u00ed fermentovan\u00fd a jemn\u011b perliv\u00fd n\u00e1poj na b\u00e1zi \u010dern\u00e9ho \u010di zelen\u00e9ho \u010daje. Tento n\u00e1poj poch\u00e1z\u00ed ji\u017e ze star\u00e9 \u010c\u00edny, z obdob\u00ed 200 let p\u0159ed na\u0161im letopo\u010dtem. M\u00e1 blahod\u00e1rn\u00e9 \u00fa\u010dinky na st\u0159evn\u00ed mikrofl\u00f3ru, t\u00edm napom\u00e1h\u00e1 rovnov\u00e1ze a spr\u00e1vn\u00e9 funkci tr\u00e1vic\u00ed soustavy. P\u016fsob\u00ed tedy velmi blahod\u00e1rn\u011b na imunitu, jeliko\u017e spr\u00e1vn\u00e1 funkce imunity je nejv\u00edce z\u00e1visl\u00e1 na dobr\u00e9 funkci na\u0161eho za\u017e\u00edv\u00e1n\u00ed.\u00a0<\/span><\/p>\n<\/div>\n","protected":false},"excerpt":{"rendered":"<p id=\"yui_3_17_2_1_1699112081765_43\"><span lang=\"cs\" xml:lang=\"cs\">Kombucha je houba, ze kter\u00e9 se vyr\u00e1b\u00ed chutn\u00fd n\u00e1poj ze zelen\u00e9ho \u010daje. Tento n\u00e1poj podporuje tr\u00e1ven\u00ed a pom\u00e1h\u00e1 p\u0159i l\u00e9\u010db\u011b Crohnovy nemoci. Pro v\u00fdrobu je mo\u017en\u00e9 pou\u017e\u00edt m\u00edsto zelen\u00e9ho \u010daje matchu.<\/span><\/p>\n","protected":false},"featured_media":3018,"comment_status":"open","ping_status":"closed","template":"","meta":[],"product_brand":[],"product_cat":[759],"product_tag":[538,765,767,766,764,535],"class_list":{"0":"post-3014","1":"product","2":"type-product","3":"status-publish","4":"has-post-thumbnail","6":"product_cat-zdrava-vyziva","7":"product_tag-cerny-caj","8":"product_tag-houba","9":"product_tag-napoj","10":"product_tag-traveni","11":"product_tag-zdrave-napoje","12":"product_tag-zeleny-caj","14":"first","15":"instock","16":"sale","17":"taxable","18":"shipping-taxable","19":"purchasable","20":"product-type-variable"},"jetpack_sharing_enabled":true,"_links":{"self":[{"href":"https:\/\/etev7e.pef.czu.cz\/zs2223\/wp-json\/wp\/v2\/product\/3014","targetHints":{"allow":["GET"]}}],"collection":[{"href":"https:\/\/etev7e.pef.czu.cz\/zs2223\/wp-json\/wp\/v2\/product"}],"about":[{"href":"https:\/\/etev7e.pef.czu.cz\/zs2223\/wp-json\/wp\/v2\/types\/product"}],"replies":[{"embeddable":true,"href":"https:\/\/etev7e.pef.czu.cz\/zs2223\/wp-json\/wp\/v2\/comments?post=3014"}],"wp:featuredmedia":[{"embeddable":true,"href":"https:\/\/etev7e.pef.czu.cz\/zs2223\/wp-json\/wp\/v2\/media\/3018"}],"wp:attachment":[{"href":"https:\/\/etev7e.pef.czu.cz\/zs2223\/wp-json\/wp\/v2\/media?parent=3014"}],"wp:term":[{"taxonomy":"product_brand","embeddable":true,"href":"https:\/\/etev7e.pef.czu.cz\/zs2223\/wp-json\/wp\/v2\/product_brand?post=3014"},{"taxonomy":"product_cat","embeddable":true,"href":"https:\/\/etev7e.pef.czu.cz\/zs2223\/wp-json\/wp\/v2\/product_cat?post=3014"},{"taxonomy":"product_tag","embeddable":true,"href":"https:\/\/etev7e.pef.czu.cz\/zs2223\/wp-json\/wp\/v2\/product_tag?post=3014"}],"curies":[{"name":"wp","href":"https:\/\/api.w.org\/{rel}","templated":true}]}}