{"id":3019,"date":"2023-11-04T16:59:34","date_gmt":"2023-11-04T15:59:34","guid":{"rendered":"https:\/\/etev7e.pef.czu.cz\/zs2223\/?post_type=product&#038;p=3019"},"modified":"2023-11-28T16:21:55","modified_gmt":"2023-11-28T15:21:55","slug":"zmizela","status":"publish","type":"product","link":"https:\/\/etev7e.pef.czu.cz\/zs2223\/produkt\/zmizela\/","title":{"rendered":"Zmizel\u00e1"},"content":{"rendered":"<p>Amy Elliottov\u00e1 Dunneov\u00e1 zmizela v den p\u00e1t\u00e9ho v\u00fdro\u010d\u00ed svatby. Nick Dunne, jej\u00ed mu\u017e, je po s\u00e9rii nalezen\u00fdch d\u016fkaz\u016f obvin\u011bn z vra\u017edy sv\u00e9 \u017eeny. Nick prohla\u0161uje, \u017ee nic nesp\u00e1chal, Amyini p\u0159\u00e1tel\u00e9 a z\u00e1pisky v jej\u00edm den\u00edku tvrd\u00ed opak. Nikdo nev\u00ed, kdo m\u00e1 pravdu a ani jak ji poznat. A pokud je Nick nevinn\u00fd, tak kam tedy zmizela Amy? Tento krimin\u00e1ln\u00ed psychologick\u00fd rom\u00e1n americk\u00e9 spisovatelky Gillian Flynnov\u00e9 z roku 2012 se stal doslova liter\u00e1rn\u00ed senzac\u00ed. V\u00e9vodil 37 t\u00fddn\u016f \u017eeb\u0159\u00ed\u010dku bestseller\u016f New York Times a \u0159ada periodik ho jmenovala nejlep\u0161\u00edm thrillerem roku. Vy\u0161el ve 46 zem\u00edch a dosud se ho prodalo v\u00edce ne\u017e 16 milion\u016f v\u00fdtisk\u016f. O dva roky pozd\u011bji nato\u010dil oscarov\u00fd re\u017eis\u00e9r David Fincher filmovou adaptaci, Rosamund Pike byla za roli Amy nominov\u00e1na na Oscara.<\/p>\n<ul>\n<li>Autor: Gillian Flynnov\u00e1<\/li>\n<li>Po\u010det stran: 528<\/li>\n<li>\u017d\u00e1nr: Sv\u011btov\u00e1 literatura, Rom\u00e1ny, Thrillery<\/li>\n<li>Vyd\u00e1no: 2014, Kni\u017en\u00ed klub<\/li>\n<li>P\u0159eklad: Drahom\u00edra Michnov\u00e1<\/li>\n<li>Autor ob\u00e1lky: Kate\u0159ina St\u00e1rov\u00e1<\/li>\n<li id=\"yui_3_17_2_1_1699111671926_37\">EAN: 9788024246406<\/li>\n<li>Vazba knihy: pevn\u00e1 \/ v\u00e1zan\u00e1 s p\u0159ebalem<\/li>\n<li>ISBN: 978- 80-242- 4640-6<\/li>\n<li>Jazyk: \u010de\u0161tina<\/li>\n<\/ul>\n","protected":false},"excerpt":{"rendered":"<p>Psychologick\u00fd krimin\u00e1ln\u00ed thriller Zmizel\u00e1 od Gillian Flynnov\u00e9 ve v\u00e1zan\u00e9 vazb\u011b<\/p>\n","protected":false},"featured_media":3021,"comment_status":"open","ping_status":"closed","template":"","meta":[],"product_brand":[],"product_cat":[1148],"product_tag":[768,771,847,789,770,769,846],"class_list":{"0":"post-3019","1":"product","2":"type-product","3":"status-publish","4":"has-post-thumbnail","6":"product_cat-svetovaliteratura","7":"product_tag-americka-literatura","8":"product_tag-pomsta","9":"product_tag-psychologicky","10":"product_tag-tajemstvi","11":"product_tag-thriller","12":"product_tag-zfilmovano","13":"product_tag-zmizeni","15":"first","16":"instock","17":"sale","18":"taxable","19":"shipping-taxable","20":"purchasable","21":"product-type-simple"},"jetpack_sharing_enabled":true,"_links":{"self":[{"href":"https:\/\/etev7e.pef.czu.cz\/zs2223\/wp-json\/wp\/v2\/product\/3019","targetHints":{"allow":["GET"]}}],"collection":[{"href":"https:\/\/etev7e.pef.czu.cz\/zs2223\/wp-json\/wp\/v2\/product"}],"about":[{"href":"https:\/\/etev7e.pef.czu.cz\/zs2223\/wp-json\/wp\/v2\/types\/product"}],"replies":[{"embeddable":true,"href":"https:\/\/etev7e.pef.czu.cz\/zs2223\/wp-json\/wp\/v2\/comments?post=3019"}],"wp:featuredmedia":[{"embeddable":true,"href":"https:\/\/etev7e.pef.czu.cz\/zs2223\/wp-json\/wp\/v2\/media\/3021"}],"wp:attachment":[{"href":"https:\/\/etev7e.pef.czu.cz\/zs2223\/wp-json\/wp\/v2\/media?parent=3019"}],"wp:term":[{"taxonomy":"product_brand","embeddable":true,"href":"https:\/\/etev7e.pef.czu.cz\/zs2223\/wp-json\/wp\/v2\/product_brand?post=3019"},{"taxonomy":"product_cat","embeddable":true,"href":"https:\/\/etev7e.pef.czu.cz\/zs2223\/wp-json\/wp\/v2\/product_cat?post=3019"},{"taxonomy":"product_tag","embeddable":true,"href":"https:\/\/etev7e.pef.czu.cz\/zs2223\/wp-json\/wp\/v2\/product_tag?post=3019"}],"curies":[{"name":"wp","href":"https:\/\/api.w.org\/{rel}","templated":true}]}}