{"id":3022,"date":"2023-11-04T17:06:31","date_gmt":"2023-11-04T16:06:31","guid":{"rendered":"https:\/\/etev7e.pef.czu.cz\/zs2223\/?post_type=product&#038;p=3022"},"modified":"2023-11-28T16:21:09","modified_gmt":"2023-11-28T15:21:09","slug":"longbourn","status":"publish","type":"product","link":"https:\/\/etev7e.pef.czu.cz\/zs2223\/produkt\/longbourn\/","title":{"rendered":"Longbourn"},"content":{"rendered":"<p>Mistrovsk\u00fd historick\u00fd rom\u00e1n inspirovan\u00fd d\u00edlem Jane Austenov\u00e9. S\u00e1ra si zvykla d\u0159\u00edt do \u00famoru a opl\u00e1tkou dost\u00e1vat pram\u00e1lo. Jenom\u017ee ka\u017edodenn\u00ed \u017eivot slu\u017eebnictva, jeho\u017e pravidla neur\u010duj\u00ed pouze n\u011b\u017en\u00e9 srdce a \u017eelezn\u00e1 v\u016fle hospodyn\u011b pan\u00ed Hillov\u00e9, ale p\u0159edev\u0161\u00edm omezen\u00e9 p\u0159\u00edjmy rodiny Bennetovy, u\u017e z\u00e1hy obr\u00e1t\u00ed vzh\u016fru nohama p\u0159\u00edchod nov\u00e9ho komorn\u00edka Jamese Smithe, kter\u00fd s sebou p\u0159inese tajemstv\u00ed a v\u016fni mo\u0159e\u2026 V georgi\u00e1nsk\u00e9 Anglii existuje sv\u011bt, kter\u00fd mlad\u00e9 d\u00e1my zvykl\u00e9 na salony a tane\u010dn\u00ed s\u00e1ly nikdy nepoznaj\u00ed. Sv\u011bt b\u00eddy, l\u00e1sky a krvav\u00fdch v\u00e1lek. Kniha Longbourn je v\u00fdjime\u010dn\u00fdm holdem spisovatelce Jane Austenov\u00e9 a nesmrteln\u00e9mu sv\u011btu, jej\u017e stvo\u0159ila.<\/p>\n<ul id=\"yui_3_17_2_1_1699111671926_45\">\n<li>Autor:\u00a0Jo Bakerov\u00e1<\/li>\n<li>Po\u010det stran:\u00a0400<\/li>\n<li>\u017d\u00e1nr:\u00a0Sv\u011btov\u00e1 literatura, Rom\u00e1ny, Historick\u00e9 rom\u00e1ny<\/li>\n<li>Vyd\u00e1no:\u00a02014, Paseka<\/li>\n<li>P\u0159eklad:\u00a0V\u011bra Kl\u00e1skov\u00e1<\/li>\n<li>Autor ob\u00e1lky:\u00a0Lubo\u0161 Drtina<\/li>\n<li>EAN:\u00a09788074324789<\/li>\n<li>Vazba knihy:\u00a0pevn\u00e1 \/ v\u00e1zan\u00e1 s p\u0159ebalem<\/li>\n<li>ISBN:\u00a0978-80-7432-478-9<\/li>\n<li>Jazyk: \u010de\u0161tina<\/li>\n<\/ul>\n","protected":false},"excerpt":{"rendered":"<p>Historick\u00fd rom\u00e1n Longbourn od Jo Bakerov\u00e9 ve v\u00e1zan\u00e9 vazb\u011b s p\u0159ebalem<\/p>\n","protected":false},"featured_media":3025,"comment_status":"open","ping_status":"closed","template":"","meta":[],"product_brand":[],"product_cat":[1148],"product_tag":[777,774,776,775,773,788],"class_list":{"0":"post-3022","1":"product","2":"type-product","3":"status-publish","4":"has-post-thumbnail","6":"product_cat-svetovaliteratura","7":"product_tag-britska-literatura","8":"product_tag-geordianska-anglie","9":"product_tag-historicky-roman","10":"product_tag-sluzebnictvo","11":"product_tag-spolecenske-rozdily","12":"product_tag-spolecensky-roman","14":"first","15":"instock","16":"sale","17":"taxable","18":"shipping-taxable","19":"purchasable","20":"product-type-simple"},"jetpack_sharing_enabled":true,"_links":{"self":[{"href":"https:\/\/etev7e.pef.czu.cz\/zs2223\/wp-json\/wp\/v2\/product\/3022","targetHints":{"allow":["GET"]}}],"collection":[{"href":"https:\/\/etev7e.pef.czu.cz\/zs2223\/wp-json\/wp\/v2\/product"}],"about":[{"href":"https:\/\/etev7e.pef.czu.cz\/zs2223\/wp-json\/wp\/v2\/types\/product"}],"replies":[{"embeddable":true,"href":"https:\/\/etev7e.pef.czu.cz\/zs2223\/wp-json\/wp\/v2\/comments?post=3022"}],"wp:featuredmedia":[{"embeddable":true,"href":"https:\/\/etev7e.pef.czu.cz\/zs2223\/wp-json\/wp\/v2\/media\/3025"}],"wp:attachment":[{"href":"https:\/\/etev7e.pef.czu.cz\/zs2223\/wp-json\/wp\/v2\/media?parent=3022"}],"wp:term":[{"taxonomy":"product_brand","embeddable":true,"href":"https:\/\/etev7e.pef.czu.cz\/zs2223\/wp-json\/wp\/v2\/product_brand?post=3022"},{"taxonomy":"product_cat","embeddable":true,"href":"https:\/\/etev7e.pef.czu.cz\/zs2223\/wp-json\/wp\/v2\/product_cat?post=3022"},{"taxonomy":"product_tag","embeddable":true,"href":"https:\/\/etev7e.pef.czu.cz\/zs2223\/wp-json\/wp\/v2\/product_tag?post=3022"}],"curies":[{"name":"wp","href":"https:\/\/api.w.org\/{rel}","templated":true}]}}