{"id":3026,"date":"2023-11-04T17:11:35","date_gmt":"2023-11-04T16:11:35","guid":{"rendered":"https:\/\/etev7e.pef.czu.cz\/zs2223\/?post_type=product&#038;p=3026"},"modified":"2023-11-28T16:20:12","modified_gmt":"2023-11-28T15:20:12","slug":"chlapec-krtek-liska-a-kun","status":"publish","type":"product","link":"https:\/\/etev7e.pef.czu.cz\/zs2223\/produkt\/chlapec-krtek-liska-a-kun\/","title":{"rendered":"Chlapec, krtek, li\u0161ka a k\u016f\u0148"},"content":{"rendered":"<p>Tento univerz\u00e1ln\u00ed, laskav\u00fd p\u0159\u00edb\u011bh je ur\u010den pro v\u0161echny bez rozd\u00edlu v\u011bku. Vypr\u00e1v\u00ed o p\u0159\u00e1telstv\u00ed mezi zv\u00eddav\u00fdm chlapcem, la\u010dn\u00fdm krtkem pln\u00fdm chuti do \u017eivota, li\u0161kou, kterou str\u00e1zn\u011b nau\u010dily ostra\u017eitosti, a moudr\u00fdm, n\u011b\u017en\u00fdm kon\u011bm. V\u0161ichni \u010dty\u0159i objevuj\u00ed \u0161ir\u00fd sv\u011bt. Navz\u00e1jem si kladou ot\u00e1zky. Cestou proch\u00e1zej\u00ed bou\u0159emi. U\u010d\u00ed se milovat. \u00d3da na nevinnost a laskavost vypr\u00e1v\u011bj\u00edc\u00ed o \u017eivotn\u00edch ponau\u010den\u00edch, kter\u00e1 si ji\u017e z\u00edskala srdce v\u00edce ne\u017e milionu \u010dten\u00e1\u0159\u016f.<\/p>\n<ul id=\"yui_3_17_2_1_1699111671926_50\">\n<li>Autor:\u00a0Charlie Mackesy<\/li>\n<li>Po\u010det stran:\u00a0128<\/li>\n<li>\u017d\u00e1nr:\u00a0Sv\u011btov\u00e1 literatura, Poh\u00e1dky a bajky, Pro d\u011bti a ml\u00e1de\u017e<\/li>\n<li>Vyd\u00e1no:\u00a02021, Pragma<\/li>\n<li>P\u0159eklad:\u00a0Eva Klimentov\u00e1<\/li>\n<li>Autor ob\u00e1lky:\u00a0Charlie Mackesy<\/li>\n<li>EAN:\u00a09788024273839<\/li>\n<li>Vazba knihy:\u00a0pevn\u00e1 \/ v\u00e1zan\u00e1 s p\u0159ebalem<\/li>\n<li>ISBN:\u00a0978-80-242-7383-9<\/li>\n<li>Jazyk: \u010de\u0161tina<\/li>\n<\/ul>\n","protected":false},"excerpt":{"rendered":"<p>Nau\u010dn\u00fd motiva\u010dn\u00ed p\u0159\u00edb\u011bh Chlapec, krtek, li\u0161ka a k\u016f\u0148 od Charlieho Mackesyho v pevn\u00e9 vazb\u011b<\/p>\n","protected":false},"featured_media":3027,"comment_status":"open","ping_status":"closed","template":"","meta":[],"product_brand":[],"product_cat":[1148],"product_tag":[777,781,787,779,778,782,780],"class_list":{"0":"post-3026","1":"product","2":"type-product","3":"status-publish","4":"has-post-thumbnail","6":"product_cat-svetovaliteratura","7":"product_tag-britska-literatura","8":"product_tag-citaty","9":"product_tag-laska","10":"product_tag-laskavost","11":"product_tag-pratelstvi","12":"product_tag-pro-deti","13":"product_tag-pro-mladez","15":"first","16":"instock","17":"sale","18":"taxable","19":"shipping-taxable","20":"purchasable","21":"product-type-simple"},"jetpack_sharing_enabled":true,"_links":{"self":[{"href":"https:\/\/etev7e.pef.czu.cz\/zs2223\/wp-json\/wp\/v2\/product\/3026","targetHints":{"allow":["GET"]}}],"collection":[{"href":"https:\/\/etev7e.pef.czu.cz\/zs2223\/wp-json\/wp\/v2\/product"}],"about":[{"href":"https:\/\/etev7e.pef.czu.cz\/zs2223\/wp-json\/wp\/v2\/types\/product"}],"replies":[{"embeddable":true,"href":"https:\/\/etev7e.pef.czu.cz\/zs2223\/wp-json\/wp\/v2\/comments?post=3026"}],"wp:featuredmedia":[{"embeddable":true,"href":"https:\/\/etev7e.pef.czu.cz\/zs2223\/wp-json\/wp\/v2\/media\/3027"}],"wp:attachment":[{"href":"https:\/\/etev7e.pef.czu.cz\/zs2223\/wp-json\/wp\/v2\/media?parent=3026"}],"wp:term":[{"taxonomy":"product_brand","embeddable":true,"href":"https:\/\/etev7e.pef.czu.cz\/zs2223\/wp-json\/wp\/v2\/product_brand?post=3026"},{"taxonomy":"product_cat","embeddable":true,"href":"https:\/\/etev7e.pef.czu.cz\/zs2223\/wp-json\/wp\/v2\/product_cat?post=3026"},{"taxonomy":"product_tag","embeddable":true,"href":"https:\/\/etev7e.pef.czu.cz\/zs2223\/wp-json\/wp\/v2\/product_tag?post=3026"}],"curies":[{"name":"wp","href":"https:\/\/api.w.org\/{rel}","templated":true}]}}