{"id":3030,"date":"2023-11-04T17:54:49","date_gmt":"2023-11-04T16:54:49","guid":{"rendered":"https:\/\/etev7e.pef.czu.cz\/zs2223\/?post_type=product&#038;p=3030"},"modified":"2023-11-04T17:54:49","modified_gmt":"2023-11-04T16:54:49","slug":"rozmrazovaci-deska","status":"publish","type":"product","link":"https:\/\/etev7e.pef.czu.cz\/zs2223\/produkt\/rozmrazovaci-deska\/","title":{"rendered":"Rozmrazovac\u00ed deska"},"content":{"rendered":"<p>Pomoc\u00ed rozmrazovac\u00ed desky je mo\u017en\u00e9 snadno a p\u0159irozenou metodou rozmrazit jak\u00e9koliv potraviny, jako nap\u0159. maso, ryby a mnoho dal\u0161\u00edch. Rozmrazovac\u00ed deska je vyrobena z hlin\u00edkov\u00e9ho materi\u00e1lu, sni\u017euje dobu rozmrazov\u00e1n\u00ed bez pou\u017eit\u00ed elekt\u0159iny, tepla nebo chemik\u00e1li\u00ed a nav\u00edc uchr\u00e1n\u00ed d\u016fle\u017eit\u00e9 nutri\u010dn\u00ed hodnoty potraviny.<\/p>\n","protected":false},"excerpt":{"rendered":"<p>Hlin\u00edkov\u00e1 deska slou\u017e\u00edc\u00ed k rychl\u00e9mu rozmrazen\u00ed potravin.<\/p>\n","protected":false},"featured_media":3034,"comment_status":"open","ping_status":"closed","template":"","meta":[],"product_brand":[],"product_cat":[791],"product_tag":[793,794],"class_list":{"0":"post-3030","1":"product","2":"type-product","3":"status-publish","4":"has-post-thumbnail","6":"product_cat-kuchynske-potreby","7":"product_tag-kuchynske-nacini","8":"product_tag-pomucky","10":"first","11":"instock","12":"sale","13":"taxable","14":"shipping-taxable","15":"purchasable","16":"product-type-simple"},"jetpack_sharing_enabled":true,"_links":{"self":[{"href":"https:\/\/etev7e.pef.czu.cz\/zs2223\/wp-json\/wp\/v2\/product\/3030","targetHints":{"allow":["GET"]}}],"collection":[{"href":"https:\/\/etev7e.pef.czu.cz\/zs2223\/wp-json\/wp\/v2\/product"}],"about":[{"href":"https:\/\/etev7e.pef.czu.cz\/zs2223\/wp-json\/wp\/v2\/types\/product"}],"replies":[{"embeddable":true,"href":"https:\/\/etev7e.pef.czu.cz\/zs2223\/wp-json\/wp\/v2\/comments?post=3030"}],"wp:featuredmedia":[{"embeddable":true,"href":"https:\/\/etev7e.pef.czu.cz\/zs2223\/wp-json\/wp\/v2\/media\/3034"}],"wp:attachment":[{"href":"https:\/\/etev7e.pef.czu.cz\/zs2223\/wp-json\/wp\/v2\/media?parent=3030"}],"wp:term":[{"taxonomy":"product_brand","embeddable":true,"href":"https:\/\/etev7e.pef.czu.cz\/zs2223\/wp-json\/wp\/v2\/product_brand?post=3030"},{"taxonomy":"product_cat","embeddable":true,"href":"https:\/\/etev7e.pef.czu.cz\/zs2223\/wp-json\/wp\/v2\/product_cat?post=3030"},{"taxonomy":"product_tag","embeddable":true,"href":"https:\/\/etev7e.pef.czu.cz\/zs2223\/wp-json\/wp\/v2\/product_tag?post=3030"}],"curies":[{"name":"wp","href":"https:\/\/api.w.org\/{rel}","templated":true}]}}