{"id":3035,"date":"2023-11-04T18:02:48","date_gmt":"2023-11-04T17:02:48","guid":{"rendered":"https:\/\/etev7e.pef.czu.cz\/zs2223\/?post_type=product&#038;p=3035"},"modified":"2023-11-04T18:02:49","modified_gmt":"2023-11-04T17:02:49","slug":"kuchynsky-robot","status":"publish","type":"product","link":"https:\/\/etev7e.pef.czu.cz\/zs2223\/produkt\/kuchynsky-robot\/","title":{"rendered":"Kuchy\u0148sk\u00fd robot"},"content":{"rendered":"<p>Nerezov\u00fd kuchy\u0148sk\u00fd robot je skv\u011bl\u00fdm, multifunk\u010dn\u00edm pomocn\u00edkem do kuchyn\u011b. V p\u0159\u00edslu\u0161enstv\u00ed p\u0159\u00edstroje se nach\u00e1z\u00ed t\u0159i metly (balonov\u00e1, k-metla a hn\u011btac\u00ed h\u00e1k), ml\u00fdnek na maso, a sklen\u011bn\u00fd mix\u00e9r. Bal\u00f3nov\u00e1 metla slou\u017e\u00ed ke \u0161leh\u00e1n\u00ed b\u00edlk\u016f, \u0161leha\u010dky \u010di kr\u00e9m\u016f. K-metlu lze vyu\u017e\u00edt ke zpracov\u00e1n\u00ed lehk\u00fdch t\u011bst nap\u0159\u00edklad na b\u00e1bovku nebo muffiny a hn\u011btac\u00ed h\u00e1k je skv\u011bl\u00fdm pomocn\u00edkem pro v\u00fdrobu chleba nebo kynut\u00e9ho t\u011bsta. Na robotu se nach\u00e1z\u00ed t\u0159i v\u00fdstupy po p\u0159ipojen\u00ed a\u017e 20 druh\u016f p\u0159\u00edslu\u0161enstv\u00ed. Robot je vhodn\u00fd na ka\u017edodenn\u00ed pou\u017e\u00edv\u00e1n\u00ed a zvl\u00e1dne i sebev\u011bt\u0161\u00ed z\u00e1t\u011b\u017e s lehkost\u00ed.<\/p>\n","protected":false},"excerpt":{"rendered":"<p>Kuchy\u0148sk\u00fd pomocn\u00edk slou\u017e\u00edc\u00ed ke \u0161leh\u00e1n\u00ed, hn\u011bten\u00ed a spoustu dal\u0161\u00edch.<\/p>\n","protected":false},"featured_media":3037,"comment_status":"open","ping_status":"closed","template":"","meta":[],"product_brand":[],"product_cat":[791],"product_tag":[795,796],"class_list":{"0":"post-3035","1":"product","2":"type-product","3":"status-publish","4":"has-post-thumbnail","6":"product_cat-kuchynske-potreby","7":"product_tag-kuchynsky-spotrebic","8":"product_tag-vybaveni-domacnosti","10":"first","11":"instock","12":"sale","13":"taxable","14":"shipping-taxable","15":"purchasable","16":"product-type-simple"},"jetpack_sharing_enabled":true,"_links":{"self":[{"href":"https:\/\/etev7e.pef.czu.cz\/zs2223\/wp-json\/wp\/v2\/product\/3035","targetHints":{"allow":["GET"]}}],"collection":[{"href":"https:\/\/etev7e.pef.czu.cz\/zs2223\/wp-json\/wp\/v2\/product"}],"about":[{"href":"https:\/\/etev7e.pef.czu.cz\/zs2223\/wp-json\/wp\/v2\/types\/product"}],"replies":[{"embeddable":true,"href":"https:\/\/etev7e.pef.czu.cz\/zs2223\/wp-json\/wp\/v2\/comments?post=3035"}],"wp:featuredmedia":[{"embeddable":true,"href":"https:\/\/etev7e.pef.czu.cz\/zs2223\/wp-json\/wp\/v2\/media\/3037"}],"wp:attachment":[{"href":"https:\/\/etev7e.pef.czu.cz\/zs2223\/wp-json\/wp\/v2\/media?parent=3035"}],"wp:term":[{"taxonomy":"product_brand","embeddable":true,"href":"https:\/\/etev7e.pef.czu.cz\/zs2223\/wp-json\/wp\/v2\/product_brand?post=3035"},{"taxonomy":"product_cat","embeddable":true,"href":"https:\/\/etev7e.pef.czu.cz\/zs2223\/wp-json\/wp\/v2\/product_cat?post=3035"},{"taxonomy":"product_tag","embeddable":true,"href":"https:\/\/etev7e.pef.czu.cz\/zs2223\/wp-json\/wp\/v2\/product_tag?post=3035"}],"curies":[{"name":"wp","href":"https:\/\/api.w.org\/{rel}","templated":true}]}}