{"id":3038,"date":"2023-11-04T18:16:02","date_gmt":"2023-11-04T17:16:02","guid":{"rendered":"https:\/\/etev7e.pef.czu.cz\/zs2223\/?post_type=product&#038;p=3038"},"modified":"2023-11-04T18:16:03","modified_gmt":"2023-11-04T17:16:03","slug":"nausnice-peckove-monstery","status":"publish","type":"product","link":"https:\/\/etev7e.pef.czu.cz\/zs2223\/produkt\/nausnice-peckove-monstery\/","title":{"rendered":"N\u00e1u\u0161nice peckov\u00e9 &#8211; Monstery"},"content":{"rendered":"<p><span lang=\"cs-cz\" xml:lang=\"cs-cz\">Minimo clay jsou ru\u010dn\u011b vyr\u00e1b\u011bn\u00e9 \u0161perky ze \u0160umavy a pot\u011b\u0161\u00ed nejen ka\u017ed\u00e9ho fanou\u0161ka pokojovek<\/span>. Tyto peckov\u00e9 n\u00e1u\u0161nice jsou d\u00edky polymerov\u00e9 hmot\u011b, ze kter\u00e9 jsou vyr\u00e1b\u011bny, velmi lehk\u00e9. Puzetky jsou lepeny prysky\u0159ic\u00ed a jsou vyrobeny z chirurgick\u00e9 oceli, stejn\u011b tak jako zar\u00e1\u017eky, aby byly vhodn\u00e9 i pro citliv\u011bj\u0161\u00ed u\u0161i.<\/p>\n","protected":false},"excerpt":{"rendered":"<p><span lang=\"cs-cz\" xml:lang=\"cs-cz\">Ru\u010dn\u011b vyr\u00e1b\u011bn\u00e9 \u0161perky ze \u0160umavy. <\/span>Puzetky jsou lepeny prysky\u0159ic\u00ed a jsou vyrobeny z chirurgick\u00e9 oceli, stejn\u011b tak jako zar\u00e1\u017eky, aby byly vhodn\u00e9 i pro citliv\u011bj\u0161\u00ed u\u0161i.<\/p>\n","protected":false},"featured_media":0,"comment_status":"open","ping_status":"closed","template":"","meta":[],"product_brand":[],"product_cat":[792],"product_tag":[152],"class_list":{"0":"post-3038","1":"product","2":"type-product","3":"status-publish","5":"product_cat-nausnice","6":"product_tag-nausnice","8":"first","9":"instock","10":"sale","11":"taxable","12":"shipping-taxable","13":"purchasable","14":"product-type-simple"},"jetpack_sharing_enabled":true,"_links":{"self":[{"href":"https:\/\/etev7e.pef.czu.cz\/zs2223\/wp-json\/wp\/v2\/product\/3038","targetHints":{"allow":["GET"]}}],"collection":[{"href":"https:\/\/etev7e.pef.czu.cz\/zs2223\/wp-json\/wp\/v2\/product"}],"about":[{"href":"https:\/\/etev7e.pef.czu.cz\/zs2223\/wp-json\/wp\/v2\/types\/product"}],"replies":[{"embeddable":true,"href":"https:\/\/etev7e.pef.czu.cz\/zs2223\/wp-json\/wp\/v2\/comments?post=3038"}],"wp:attachment":[{"href":"https:\/\/etev7e.pef.czu.cz\/zs2223\/wp-json\/wp\/v2\/media?parent=3038"}],"wp:term":[{"taxonomy":"product_brand","embeddable":true,"href":"https:\/\/etev7e.pef.czu.cz\/zs2223\/wp-json\/wp\/v2\/product_brand?post=3038"},{"taxonomy":"product_cat","embeddable":true,"href":"https:\/\/etev7e.pef.czu.cz\/zs2223\/wp-json\/wp\/v2\/product_cat?post=3038"},{"taxonomy":"product_tag","embeddable":true,"href":"https:\/\/etev7e.pef.czu.cz\/zs2223\/wp-json\/wp\/v2\/product_tag?post=3038"}],"curies":[{"name":"wp","href":"https:\/\/api.w.org\/{rel}","templated":true}]}}