{"id":3040,"date":"2023-11-04T18:09:21","date_gmt":"2023-11-04T17:09:21","guid":{"rendered":"https:\/\/etev7e.pef.czu.cz\/zs2223\/?post_type=product&#038;p=3040"},"modified":"2023-11-06T13:55:59","modified_gmt":"2023-11-06T12:55:59","slug":"nausnice-na-krouzku-filodendrony","status":"publish","type":"product","link":"https:\/\/etev7e.pef.czu.cz\/zs2223\/produkt\/nausnice-na-krouzku-filodendrony\/","title":{"rendered":"N\u00e1u\u0161nice na krou\u017eku &#8211; Filodendrony"},"content":{"rendered":"<p>N\u00e1u\u0161nice na krou\u017eku se vzorem filodendronu jsou ru\u010dn\u011b vyrobeny na \u0160umav\u011b. Jsou v\u00fdrazn\u00e9, tak\u017ee v\u00e1s \u017e\u00e1dn\u00fd milovn\u00edk pokojovek u\u017e nep\u0159ehl\u00e9dne. N\u00e1u\u0161nice jsou d\u00edky polymerov\u00e9 hmot\u011b, ze kter\u00e9 jsou vyr\u00e1b\u011bny, velmi lehk\u00e9. Puzetky jsou lepeny prysky\u0159ic\u00ed a jsou vyrobeny z chirurgick\u00e9 oceli, stejn\u011b tak jako zar\u00e1\u017eky, aby byly vhodn\u00e9 i pro citliv\u011bj\u0161\u00ed u\u0161i.<\/p>\n","protected":false},"excerpt":{"rendered":"<p>N\u00e1u\u0161nice na krou\u017eku se vzorem filodendron\u016f ru\u010dn\u011b vyroben\u00e9 z polymerov\u00e9 hmoty.<\/p>\n","protected":false},"featured_media":3042,"comment_status":"open","ping_status":"closed","template":"","meta":[],"product_brand":[],"product_cat":[792],"product_tag":[237,152,241,537,797],"class_list":{"0":"post-3040","1":"product","2":"type-product","3":"status-publish","4":"has-post-thumbnail","6":"product_cat-nausnice","7":"product_tag-doplnky","8":"product_tag-nausnice","9":"product_tag-ozdoby","10":"product_tag-rucni-vyroba","11":"product_tag-sperky","13":"first","14":"instock","15":"sale","16":"taxable","17":"shipping-taxable","18":"purchasable","19":"product-type-variable","20":"has-default-attributes"},"jetpack_sharing_enabled":true,"_links":{"self":[{"href":"https:\/\/etev7e.pef.czu.cz\/zs2223\/wp-json\/wp\/v2\/product\/3040","targetHints":{"allow":["GET"]}}],"collection":[{"href":"https:\/\/etev7e.pef.czu.cz\/zs2223\/wp-json\/wp\/v2\/product"}],"about":[{"href":"https:\/\/etev7e.pef.czu.cz\/zs2223\/wp-json\/wp\/v2\/types\/product"}],"replies":[{"embeddable":true,"href":"https:\/\/etev7e.pef.czu.cz\/zs2223\/wp-json\/wp\/v2\/comments?post=3040"}],"wp:featuredmedia":[{"embeddable":true,"href":"https:\/\/etev7e.pef.czu.cz\/zs2223\/wp-json\/wp\/v2\/media\/3042"}],"wp:attachment":[{"href":"https:\/\/etev7e.pef.czu.cz\/zs2223\/wp-json\/wp\/v2\/media?parent=3040"}],"wp:term":[{"taxonomy":"product_brand","embeddable":true,"href":"https:\/\/etev7e.pef.czu.cz\/zs2223\/wp-json\/wp\/v2\/product_brand?post=3040"},{"taxonomy":"product_cat","embeddable":true,"href":"https:\/\/etev7e.pef.czu.cz\/zs2223\/wp-json\/wp\/v2\/product_cat?post=3040"},{"taxonomy":"product_tag","embeddable":true,"href":"https:\/\/etev7e.pef.czu.cz\/zs2223\/wp-json\/wp\/v2\/product_tag?post=3040"}],"curies":[{"name":"wp","href":"https:\/\/api.w.org\/{rel}","templated":true}]}}