{"id":3043,"date":"2023-11-04T18:17:03","date_gmt":"2023-11-04T17:17:03","guid":{"rendered":"https:\/\/etev7e.pef.czu.cz\/zs2223\/?post_type=product&#038;p=3043"},"modified":"2023-11-04T18:17:04","modified_gmt":"2023-11-04T17:17:04","slug":"ryzovar","status":"publish","type":"product","link":"https:\/\/etev7e.pef.czu.cz\/zs2223\/produkt\/ryzovar\/","title":{"rendered":"R\u00fd\u017eovar"},"content":{"rendered":"<p>Ide\u00e1ln\u00ed spole\u010dn\u00edk do va\u0161\u00ed kuchyn\u011b, d\u00edky kter\u00e9mu bude r\u00fd\u017ee dokonale uva\u0159en\u00e1, nad\u00fdchan\u00e1 a p\u0159ipraven\u00e1 k serv\u00edrov\u00e1n\u00ed pouze jedin\u00fdm stisknut\u00edm tla\u010d\u00edtka. Nejen, \u017ee u\u0161et\u0159\u00ed v\u00e1\u0161 \u010das a vy se tak budete moct soust\u0159edit na to, co je pro v\u00e1s d\u016fle\u017eit\u00e9, umo\u017en\u00ed v\u00e1m ale tak\u00e9 uva\u0159it porci a\u017e pro 8 osob z\u00e1rove\u0148. R\u00fd\u017ee nav\u00edc vydr\u017e\u00ed tepl\u00e1 po uva\u0159en\u00ed a\u017e n\u011bkolik hodin. Vylep\u0161ete svou kuchyni s na\u0161\u00edm hrncem na r\u00fd\u017ei a u\u0161et\u0159ete tak drahocenn\u00e9 minuty. Va\u0161e kulin\u00e1\u0159sk\u00e1 cesta za\u010d\u00edn\u00e1 tady.<\/p>\n","protected":false},"excerpt":{"rendered":"<p>Pomocn\u00edk do kuchyn\u011b slou\u017e\u00edc\u00ed k uva\u0159en\u00ed r\u00fd\u017ee bez jak\u00fdchkoliv starost\u00ed.<\/p>\n","protected":false},"featured_media":3045,"comment_status":"open","ping_status":"closed","template":"","meta":[],"product_brand":[],"product_cat":[791],"product_tag":[802,803,801],"class_list":{"0":"post-3043","1":"product","2":"type-product","3":"status-publish","4":"has-post-thumbnail","6":"product_cat-kuchynske-potreby","7":"product_tag-elektricky-varic","8":"product_tag-hrnec","9":"product_tag-maly-spotrebic","11":"first","12":"instock","13":"sale","14":"taxable","15":"shipping-taxable","16":"purchasable","17":"product-type-simple"},"jetpack_sharing_enabled":true,"_links":{"self":[{"href":"https:\/\/etev7e.pef.czu.cz\/zs2223\/wp-json\/wp\/v2\/product\/3043","targetHints":{"allow":["GET"]}}],"collection":[{"href":"https:\/\/etev7e.pef.czu.cz\/zs2223\/wp-json\/wp\/v2\/product"}],"about":[{"href":"https:\/\/etev7e.pef.czu.cz\/zs2223\/wp-json\/wp\/v2\/types\/product"}],"replies":[{"embeddable":true,"href":"https:\/\/etev7e.pef.czu.cz\/zs2223\/wp-json\/wp\/v2\/comments?post=3043"}],"wp:featuredmedia":[{"embeddable":true,"href":"https:\/\/etev7e.pef.czu.cz\/zs2223\/wp-json\/wp\/v2\/media\/3045"}],"wp:attachment":[{"href":"https:\/\/etev7e.pef.czu.cz\/zs2223\/wp-json\/wp\/v2\/media?parent=3043"}],"wp:term":[{"taxonomy":"product_brand","embeddable":true,"href":"https:\/\/etev7e.pef.czu.cz\/zs2223\/wp-json\/wp\/v2\/product_brand?post=3043"},{"taxonomy":"product_cat","embeddable":true,"href":"https:\/\/etev7e.pef.czu.cz\/zs2223\/wp-json\/wp\/v2\/product_cat?post=3043"},{"taxonomy":"product_tag","embeddable":true,"href":"https:\/\/etev7e.pef.czu.cz\/zs2223\/wp-json\/wp\/v2\/product_tag?post=3043"}],"curies":[{"name":"wp","href":"https:\/\/api.w.org\/{rel}","templated":true}]}}