{"id":3049,"date":"2023-11-04T18:25:50","date_gmt":"2023-11-04T17:25:50","guid":{"rendered":"https:\/\/etev7e.pef.czu.cz\/zs2223\/?post_type=product&#038;p=3049"},"modified":"2023-11-04T18:25:50","modified_gmt":"2023-11-04T17:25:50","slug":"susicka-na-ovoce-a-zeleninu","status":"publish","type":"product","link":"https:\/\/etev7e.pef.czu.cz\/zs2223\/produkt\/susicka-na-ovoce-a-zeleninu\/","title":{"rendered":"Su\u0161i\u010dka na ovoce a zeleninu"},"content":{"rendered":"<p>Odkryjte tajemstv\u00ed celoro\u010dn\u00ed chuti a zdrav\u00e9ho stravov\u00e1n\u00ed s na\u0161\u00ed su\u0161i\u010dkou na ovoce a zeleninu.\u00a0 Pouze jedn\u00edm stisknut\u00edm tla\u010d\u00edtka si nyn\u00ed m\u016f\u017eete u\u017e\u00edvat lahodn\u00e9 sva\u010diny a suroviny pro sv\u00e9 recepty, bez p\u0159\u00edtomnosti konzerva\u010dn\u00edch l\u00e1tek. P\u0159esta\u0148te pl\u00fdtvat potravinami a prodlu\u017ete su\u0161en\u00edm jejich trvanlivost. Vychutn\u00e1vat si tak m\u016f\u017eete nap\u0159\u00edklad jablka, houby \u010di bylinky i mimo jejich sez\u00f3nu. A\u0165 u\u017e jste zku\u0161en\u00fdmi profesion\u00e1ly nebo za\u010d\u00e1te\u010dn\u00edky v oblasti su\u0161en\u00ed, na\u0161e su\u0161i\u010dka je snadno ovladateln\u00e1 a hod\u00ed se p\u0159\u00edmo na va\u0161i kuchy\u0148skou linku.<\/p>\n","protected":false},"excerpt":{"rendered":"<p>Skv\u011bl\u00fd pomocn\u00edk do kuchyn\u011b slou\u017e\u00edc\u00ed k rychl\u00e9mu usu\u0161en\u00ed r\u016fzn\u00fdch druh\u016f ovoce a zeleniny.<\/p>\n","protected":false},"featured_media":3053,"comment_status":"open","ping_status":"closed","template":"","meta":[],"product_brand":[],"product_cat":[791],"product_tag":[801,804,796],"class_list":{"0":"post-3049","1":"product","2":"type-product","3":"status-publish","4":"has-post-thumbnail","6":"product_cat-kuchynske-potreby","7":"product_tag-maly-spotrebic","8":"product_tag-susicka","9":"product_tag-vybaveni-domacnosti","11":"first","12":"instock","13":"sale","14":"taxable","15":"shipping-taxable","16":"purchasable","17":"product-type-simple"},"jetpack_sharing_enabled":true,"_links":{"self":[{"href":"https:\/\/etev7e.pef.czu.cz\/zs2223\/wp-json\/wp\/v2\/product\/3049","targetHints":{"allow":["GET"]}}],"collection":[{"href":"https:\/\/etev7e.pef.czu.cz\/zs2223\/wp-json\/wp\/v2\/product"}],"about":[{"href":"https:\/\/etev7e.pef.czu.cz\/zs2223\/wp-json\/wp\/v2\/types\/product"}],"replies":[{"embeddable":true,"href":"https:\/\/etev7e.pef.czu.cz\/zs2223\/wp-json\/wp\/v2\/comments?post=3049"}],"wp:featuredmedia":[{"embeddable":true,"href":"https:\/\/etev7e.pef.czu.cz\/zs2223\/wp-json\/wp\/v2\/media\/3053"}],"wp:attachment":[{"href":"https:\/\/etev7e.pef.czu.cz\/zs2223\/wp-json\/wp\/v2\/media?parent=3049"}],"wp:term":[{"taxonomy":"product_brand","embeddable":true,"href":"https:\/\/etev7e.pef.czu.cz\/zs2223\/wp-json\/wp\/v2\/product_brand?post=3049"},{"taxonomy":"product_cat","embeddable":true,"href":"https:\/\/etev7e.pef.czu.cz\/zs2223\/wp-json\/wp\/v2\/product_cat?post=3049"},{"taxonomy":"product_tag","embeddable":true,"href":"https:\/\/etev7e.pef.czu.cz\/zs2223\/wp-json\/wp\/v2\/product_tag?post=3049"}],"curies":[{"name":"wp","href":"https:\/\/api.w.org\/{rel}","templated":true}]}}