{"id":3056,"date":"2023-11-06T12:36:33","date_gmt":"2023-11-06T11:36:33","guid":{"rendered":"https:\/\/etev7e.pef.czu.cz\/zs2223\/?post_type=product&#038;p=3056"},"modified":"2023-11-13T15:36:20","modified_gmt":"2023-11-13T14:36:20","slug":"air-jordan-1-high-og-palomino","status":"publish","type":"product","link":"https:\/\/etev7e.pef.czu.cz\/zs2223\/produkt\/air-jordan-1-high-og-palomino\/","title":{"rendered":"Air Jordan 1 High OG Palomino"},"content":{"rendered":"<p>Model tenisky Air Jordan 1 Retro High OG Palomino m\u00e1 z\u00e1klad z \u010dern\u00e9 k\u016f\u017ee, kterou kontrastuj\u00ed panely v barv\u011b \u0161v\u00e9dsk\u00e9ho hn\u011bd\u00e9ho semi\u0161e, v\u010detn\u011b bo\u010dn\u00edho Swooshe. \u0160petku barvy p\u0159in\u00e1\u0161\u00ed zlat\u00e9 logo na jazyku, kter\u00e9 lad\u00ed s m\u00edrn\u011b na\u017eloutlou podr\u00e1\u017ekou pro vintage efekt.<\/p>\n","protected":false},"excerpt":{"rendered":"<p>Velmi oce\u0148ovan\u00e1 silueta milovn\u00edky tenisek &#8211; Air Jordan 1 High se vrac\u00ed s novou tmavou verz\u00ed.<\/p>\n","protected":false},"featured_media":3057,"comment_status":"open","ping_status":"closed","template":"","meta":[],"product_brand":[],"product_cat":[805],"product_tag":[131,232],"class_list":{"0":"post-3056","1":"product","2":"type-product","3":"status-publish","4":"has-post-thumbnail","6":"product_cat-air-jordan","7":"product_tag-novinka","8":"product_tag-tenisky","10":"first","11":"outofstock","12":"sold-individually","13":"purchasable","14":"product-type-variable"},"jetpack_sharing_enabled":true,"_links":{"self":[{"href":"https:\/\/etev7e.pef.czu.cz\/zs2223\/wp-json\/wp\/v2\/product\/3056","targetHints":{"allow":["GET"]}}],"collection":[{"href":"https:\/\/etev7e.pef.czu.cz\/zs2223\/wp-json\/wp\/v2\/product"}],"about":[{"href":"https:\/\/etev7e.pef.czu.cz\/zs2223\/wp-json\/wp\/v2\/types\/product"}],"replies":[{"embeddable":true,"href":"https:\/\/etev7e.pef.czu.cz\/zs2223\/wp-json\/wp\/v2\/comments?post=3056"}],"wp:featuredmedia":[{"embeddable":true,"href":"https:\/\/etev7e.pef.czu.cz\/zs2223\/wp-json\/wp\/v2\/media\/3057"}],"wp:attachment":[{"href":"https:\/\/etev7e.pef.czu.cz\/zs2223\/wp-json\/wp\/v2\/media?parent=3056"}],"wp:term":[{"taxonomy":"product_brand","embeddable":true,"href":"https:\/\/etev7e.pef.czu.cz\/zs2223\/wp-json\/wp\/v2\/product_brand?post=3056"},{"taxonomy":"product_cat","embeddable":true,"href":"https:\/\/etev7e.pef.czu.cz\/zs2223\/wp-json\/wp\/v2\/product_cat?post=3056"},{"taxonomy":"product_tag","embeddable":true,"href":"https:\/\/etev7e.pef.czu.cz\/zs2223\/wp-json\/wp\/v2\/product_tag?post=3056"}],"curies":[{"name":"wp","href":"https:\/\/api.w.org\/{rel}","templated":true}]}}