{"id":3059,"date":"2023-11-06T12:36:38","date_gmt":"2023-11-06T11:36:38","guid":{"rendered":"https:\/\/etev7e.pef.czu.cz\/zs2223\/?post_type=product&#038;p=3059"},"modified":"2023-11-19T21:54:41","modified_gmt":"2023-11-19T20:54:41","slug":"air-jordan-1-mid-ice-blue-2023","status":"publish","type":"product","link":"https:\/\/etev7e.pef.czu.cz\/zs2223\/produkt\/air-jordan-1-mid-ice-blue-2023\/","title":{"rendered":"Air Jordan 1 Mid Ice Blue (2023)"},"content":{"rendered":"<p>Air Jordan 1 Mid SE Ice Blue je osv\u011b\u017euj\u00edc\u00ed volbou pro jarn\u00ed obdob\u00ed. B\u00edl\u00e1 k\u016f\u017ee vytv\u00e1\u0159\u00ed z\u00e1klad, kter\u00fd je kombinov\u00e1n s lehce modr\u00fdmi p\u0159eklady, p\u0159ipom\u00ednaj\u00edc\u00edmi ledov\u00fd odst\u00edn. T\u00edmto barevn\u00fdm kontrastem se tenisky st\u00e1vaj\u00ed stylov\u00fdm dopl\u0148kem. Detaily z \u010dern\u00e9 k\u016f\u017ee, jako je Swoosh logo na boc\u00edch a l\u00edmec tenisky, dod\u00e1vaj\u00ed celkov\u00e9mu designu pot\u0159ebnou rovnov\u00e1hu a zv\u00fdraz\u0148uj\u00ed jeho jedine\u010dnost.<\/p>\n","protected":false},"excerpt":{"rendered":"<p>Air Jordan 1 Mid SE Ice Blue\u00a0je osv\u011b\u017euj\u00edc\u00ed volbou pro jarn\u00ed obdob\u00ed. B\u00edl\u00e1 k\u016f\u017ee vytv\u00e1\u0159\u00ed z\u00e1klad, kter\u00fd je kombinov\u00e1n s lehce modr\u00fdmi p\u0159eklady, p\u0159ipom\u00ednaj\u00edc\u00edmi ledov\u00fd odst\u00edn. T\u00edmto barevn\u00fdm kontrastem se tenisky st\u00e1vaj\u00ed stylov\u00fdm dopl\u0148kem. Detaily z \u010dern\u00e9 k\u016f\u017ee, jako je Swoosh logo na boc\u00edch a l\u00edmec boty, dod\u00e1vaj\u00ed celkov\u00e9mu designu pot\u0159ebnou rovnov\u00e1hu a zv\u00fdraz\u0148uj\u00ed jeho jedine\u010dnost.<\/p>\n","protected":false},"featured_media":3060,"comment_status":"open","ping_status":"closed","template":"","meta":[],"product_brand":[],"product_cat":[805],"product_tag":[824,232],"class_list":{"0":"post-3059","1":"product","2":"type-product","3":"status-publish","4":"has-post-thumbnail","6":"product_cat-air-jordan","7":"product_tag-podzim","8":"product_tag-tenisky","10":"first","11":"outofstock","12":"sale","13":"sold-individually","14":"purchasable","15":"product-type-variable","16":"has-default-attributes"},"jetpack_sharing_enabled":true,"_links":{"self":[{"href":"https:\/\/etev7e.pef.czu.cz\/zs2223\/wp-json\/wp\/v2\/product\/3059","targetHints":{"allow":["GET"]}}],"collection":[{"href":"https:\/\/etev7e.pef.czu.cz\/zs2223\/wp-json\/wp\/v2\/product"}],"about":[{"href":"https:\/\/etev7e.pef.czu.cz\/zs2223\/wp-json\/wp\/v2\/types\/product"}],"replies":[{"embeddable":true,"href":"https:\/\/etev7e.pef.czu.cz\/zs2223\/wp-json\/wp\/v2\/comments?post=3059"}],"wp:featuredmedia":[{"embeddable":true,"href":"https:\/\/etev7e.pef.czu.cz\/zs2223\/wp-json\/wp\/v2\/media\/3060"}],"wp:attachment":[{"href":"https:\/\/etev7e.pef.czu.cz\/zs2223\/wp-json\/wp\/v2\/media?parent=3059"}],"wp:term":[{"taxonomy":"product_brand","embeddable":true,"href":"https:\/\/etev7e.pef.czu.cz\/zs2223\/wp-json\/wp\/v2\/product_brand?post=3059"},{"taxonomy":"product_cat","embeddable":true,"href":"https:\/\/etev7e.pef.czu.cz\/zs2223\/wp-json\/wp\/v2\/product_cat?post=3059"},{"taxonomy":"product_tag","embeddable":true,"href":"https:\/\/etev7e.pef.czu.cz\/zs2223\/wp-json\/wp\/v2\/product_tag?post=3059"}],"curies":[{"name":"wp","href":"https:\/\/api.w.org\/{rel}","templated":true}]}}