{"id":3062,"date":"2023-11-06T12:36:27","date_gmt":"2023-11-06T11:36:27","guid":{"rendered":"https:\/\/etev7e.pef.czu.cz\/zs2223\/?post_type=product&#038;p=3062"},"modified":"2023-11-18T20:39:27","modified_gmt":"2023-11-18T19:39:27","slug":"air-jordan-1-low-craft-cement-grey","status":"publish","type":"product","link":"https:\/\/etev7e.pef.czu.cz\/zs2223\/produkt\/air-jordan-1-low-craft-cement-grey\/","title":{"rendered":"Air Jordan 1 Low Craft Cement Grey"},"content":{"rendered":"<p>Varianta Air Jordan 1 Low Craft Cement Grey je vyrobena z kombinace pl\u00e1tna a semi\u0161e. Model vynik\u00e1 charakteristick\u00fdmi prvky, mezi kter\u00e9 pat\u0159\u00ed odkryt\u00e9 p\u011bnov\u00e9 l\u00edmce a jazyk, a tak\u00e9 p\u011bt mal\u00fdch line\u00e1rn\u00edch steh\u016f, kter\u00e9 p\u0159edstavuj\u00ed \u010d\u00edslo #23 na boc\u00edch Swooshe. B\u00edl\u00e1 mezipode\u0161ev spojen\u00e1 s \u0161edou gumovou podr\u00e1\u017ekou pak dokresluje hlavn\u00ed vlastnosti tohoto tenisky.<\/p>\n","protected":false},"excerpt":{"rendered":"<p>Velmi obl\u00edben\u00e1 silueta &#8211; Air Jordan 1 Low v p\u00e1nsk\u00e9m proveden\u00ed.<\/p>\n","protected":false},"featured_media":3063,"comment_status":"open","ping_status":"closed","template":"","meta":[],"product_brand":[],"product_cat":[805],"product_tag":[131,232],"class_list":{"0":"post-3062","1":"product","2":"type-product","3":"status-publish","4":"has-post-thumbnail","6":"product_cat-air-jordan","7":"product_tag-novinka","8":"product_tag-tenisky","10":"first","11":"outofstock","12":"sold-individually","13":"purchasable","14":"product-type-variable"},"jetpack_sharing_enabled":true,"_links":{"self":[{"href":"https:\/\/etev7e.pef.czu.cz\/zs2223\/wp-json\/wp\/v2\/product\/3062","targetHints":{"allow":["GET"]}}],"collection":[{"href":"https:\/\/etev7e.pef.czu.cz\/zs2223\/wp-json\/wp\/v2\/product"}],"about":[{"href":"https:\/\/etev7e.pef.czu.cz\/zs2223\/wp-json\/wp\/v2\/types\/product"}],"replies":[{"embeddable":true,"href":"https:\/\/etev7e.pef.czu.cz\/zs2223\/wp-json\/wp\/v2\/comments?post=3062"}],"wp:featuredmedia":[{"embeddable":true,"href":"https:\/\/etev7e.pef.czu.cz\/zs2223\/wp-json\/wp\/v2\/media\/3063"}],"wp:attachment":[{"href":"https:\/\/etev7e.pef.czu.cz\/zs2223\/wp-json\/wp\/v2\/media?parent=3062"}],"wp:term":[{"taxonomy":"product_brand","embeddable":true,"href":"https:\/\/etev7e.pef.czu.cz\/zs2223\/wp-json\/wp\/v2\/product_brand?post=3062"},{"taxonomy":"product_cat","embeddable":true,"href":"https:\/\/etev7e.pef.czu.cz\/zs2223\/wp-json\/wp\/v2\/product_cat?post=3062"},{"taxonomy":"product_tag","embeddable":true,"href":"https:\/\/etev7e.pef.czu.cz\/zs2223\/wp-json\/wp\/v2\/product_tag?post=3062"}],"curies":[{"name":"wp","href":"https:\/\/api.w.org\/{rel}","templated":true}]}}