{"id":3064,"date":"2023-11-06T12:36:31","date_gmt":"2023-11-06T11:36:31","guid":{"rendered":"https:\/\/etev7e.pef.czu.cz\/zs2223\/?post_type=product&#038;p=3064"},"modified":"2025-11-11T22:34:53","modified_gmt":"2025-11-11T21:34:53","slug":"jordan-4-red-cement","status":"publish","type":"product","link":"https:\/\/etev7e.pef.czu.cz\/zs2223\/produkt\/jordan-4-red-cement\/","title":{"rendered":"Jordan 4 Red Cement"},"content":{"rendered":"<p>Air Jordan 4 jsou ikonick\u00e9 a kultovn\u00ed basketbalov\u00e9 boty, kter\u00e9 p\u0159in\u00e1\u0161ej\u00ed legend\u00e1rn\u00ed retro styl s modern\u00edm dotekem. Svr\u0161ek bot je vyroben z prvot\u0159\u00eddn\u00edch a odoln\u00fdch materi\u00e1l\u016f, co\u017e zaji\u0161\u0165uje dlouhotrvaj\u00edc\u00ed pohodl\u00ed a vysokou odolnost. Inspirac\u00ed pro design bot jsou legend\u00e1rn\u00ed Air Jordan 4, co\u017e dod\u00e1v\u00e1 tomuto modelu ikonick\u00fd a nad\u010dasov\u00fd vzhled. D\u00edky technologii Air-Sole v podr\u00e1\u017ece poskytuj\u00ed Air Jordan 4 vynikaj\u00edc\u00ed tlumen\u00ed a odpru\u017een\u00ed, co\u017e zaru\u010duje pohodln\u00fd a stabiln\u00ed krok p\u0159i ka\u017ed\u00e9m kroku. Tyto tenisky jsou k dispozici v r\u016fzn\u00fdch stylov\u00fdch barevn\u00fdch proveden\u00edch, tak\u017ee si ka\u017ed\u00fd m\u016f\u017ee vybrat takov\u00e9, kter\u00e9 nejl\u00e9pe vyjad\u0159uj\u00ed jeho osobn\u00ed styl a vkus. S Air Jordan 4 budete nejen vynikat na h\u0159i\u0161ti, ale i ve sv\u011bt\u011b m\u00f3dy a streetwearu.<\/p>\n","protected":false},"excerpt":{"rendered":"<p>Air Jordan 4 Red Cement p\u0159ich\u00e1z\u00ed s \u010dervenou a betonov\u011b \u0161edou kombinac\u00ed, kter\u00e1 dod\u00e1v\u00e1 modern\u00ed a stylov\u00fd vzhled. Tento model pln\u011b respektuje ikonick\u00fd design Air Jordan 4 a nab\u00edz\u00ed unik\u00e1tn\u00ed a atraktivn\u00ed proveden\u00ed.<\/p>\n","protected":false},"featured_media":3065,"comment_status":"open","ping_status":"closed","template":"","meta":[],"product_brand":[],"product_cat":[805],"product_tag":[824,232,843],"class_list":{"0":"post-3064","1":"product","2":"type-product","3":"status-publish","4":"has-post-thumbnail","6":"product_cat-air-jordan","7":"product_tag-podzim","8":"product_tag-tenisky","9":"product_tag-zima","11":"first","12":"instock","13":"sold-individually","14":"purchasable","15":"product-type-variable"},"jetpack_sharing_enabled":true,"_links":{"self":[{"href":"https:\/\/etev7e.pef.czu.cz\/zs2223\/wp-json\/wp\/v2\/product\/3064","targetHints":{"allow":["GET"]}}],"collection":[{"href":"https:\/\/etev7e.pef.czu.cz\/zs2223\/wp-json\/wp\/v2\/product"}],"about":[{"href":"https:\/\/etev7e.pef.czu.cz\/zs2223\/wp-json\/wp\/v2\/types\/product"}],"replies":[{"embeddable":true,"href":"https:\/\/etev7e.pef.czu.cz\/zs2223\/wp-json\/wp\/v2\/comments?post=3064"}],"wp:featuredmedia":[{"embeddable":true,"href":"https:\/\/etev7e.pef.czu.cz\/zs2223\/wp-json\/wp\/v2\/media\/3065"}],"wp:attachment":[{"href":"https:\/\/etev7e.pef.czu.cz\/zs2223\/wp-json\/wp\/v2\/media?parent=3064"}],"wp:term":[{"taxonomy":"product_brand","embeddable":true,"href":"https:\/\/etev7e.pef.czu.cz\/zs2223\/wp-json\/wp\/v2\/product_brand?post=3064"},{"taxonomy":"product_cat","embeddable":true,"href":"https:\/\/etev7e.pef.czu.cz\/zs2223\/wp-json\/wp\/v2\/product_cat?post=3064"},{"taxonomy":"product_tag","embeddable":true,"href":"https:\/\/etev7e.pef.czu.cz\/zs2223\/wp-json\/wp\/v2\/product_tag?post=3064"}],"curies":[{"name":"wp","href":"https:\/\/api.w.org\/{rel}","templated":true}]}}