{"id":3066,"date":"2023-11-06T12:36:35","date_gmt":"2023-11-06T11:36:35","guid":{"rendered":"https:\/\/etev7e.pef.czu.cz\/zs2223\/?post_type=product&#038;p=3066"},"modified":"2025-11-10T21:21:40","modified_gmt":"2025-11-10T20:21:40","slug":"air-jordan-3-palomino","status":"publish","type":"product","link":"https:\/\/etev7e.pef.czu.cz\/zs2223\/produkt\/air-jordan-3-palomino\/","title":{"rendered":"Air Jordan 3 Palomino"},"content":{"rendered":"<p>Air Jordan 3 je ikonick\u00e1 basketbalov\u00e1 obuv navr\u017een\u00e1 pro legend\u00e1rn\u00edho basketbalistu Michaela Jordana. Tato silueta tenisky byla poprv\u00e9 uvedena na trh v roce 1988 a stala se pr\u016flomov\u00fdm modelem pro zna\u010dku Nike. Jej\u00edm design\u00e9rem byl Tinker Hatfield.<\/p>\n","protected":false},"excerpt":{"rendered":"<p>Air Jordan 3 Palomino p\u0159edstavuje z\u00e1klad ze \u0161pinav\u00e9 b\u00edl\u00e9 k\u016f\u017ee, doprov\u00e1zen\u00fd n\u011bkolika panely slavn\u00e9ho vzoru Elephant v hn\u011bd\u00e9m odst\u00ednu. Okraj a jazyk jsou zdobeny na sv\u00e9 stran\u011b b\u00e9\u017eovou barvou.<\/p>\n","protected":false},"featured_media":3067,"comment_status":"open","ping_status":"closed","template":"","meta":[],"product_brand":[],"product_cat":[805],"product_tag":[988,824,232],"class_list":{"0":"post-3066","1":"product","2":"type-product","3":"status-publish","4":"has-post-thumbnail","6":"product_cat-air-jordan","7":"product_tag-doporucene","8":"product_tag-podzim","9":"product_tag-tenisky","11":"first","12":"instock","13":"sale","14":"sold-individually","15":"purchasable","16":"product-type-variable","17":"has-default-attributes"},"jetpack_sharing_enabled":true,"_links":{"self":[{"href":"https:\/\/etev7e.pef.czu.cz\/zs2223\/wp-json\/wp\/v2\/product\/3066","targetHints":{"allow":["GET"]}}],"collection":[{"href":"https:\/\/etev7e.pef.czu.cz\/zs2223\/wp-json\/wp\/v2\/product"}],"about":[{"href":"https:\/\/etev7e.pef.czu.cz\/zs2223\/wp-json\/wp\/v2\/types\/product"}],"replies":[{"embeddable":true,"href":"https:\/\/etev7e.pef.czu.cz\/zs2223\/wp-json\/wp\/v2\/comments?post=3066"}],"wp:featuredmedia":[{"embeddable":true,"href":"https:\/\/etev7e.pef.czu.cz\/zs2223\/wp-json\/wp\/v2\/media\/3067"}],"wp:attachment":[{"href":"https:\/\/etev7e.pef.czu.cz\/zs2223\/wp-json\/wp\/v2\/media?parent=3066"}],"wp:term":[{"taxonomy":"product_brand","embeddable":true,"href":"https:\/\/etev7e.pef.czu.cz\/zs2223\/wp-json\/wp\/v2\/product_brand?post=3066"},{"taxonomy":"product_cat","embeddable":true,"href":"https:\/\/etev7e.pef.czu.cz\/zs2223\/wp-json\/wp\/v2\/product_cat?post=3066"},{"taxonomy":"product_tag","embeddable":true,"href":"https:\/\/etev7e.pef.czu.cz\/zs2223\/wp-json\/wp\/v2\/product_tag?post=3066"}],"curies":[{"name":"wp","href":"https:\/\/api.w.org\/{rel}","templated":true}]}}