{"id":3072,"date":"2023-11-04T20:59:03","date_gmt":"2023-11-04T19:59:03","guid":{"rendered":"https:\/\/etev7e.pef.czu.cz\/zs2223\/?post_type=product&#038;p=3072"},"modified":"2023-11-21T15:15:44","modified_gmt":"2023-11-21T14:15:44","slug":"proteinova-tycinka-nutrend","status":"publish","type":"product","link":"https:\/\/etev7e.pef.czu.cz\/zs2223\/produkt\/proteinova-tycinka-nutrend\/","title":{"rendered":"Proteinov\u00e1 ty\u010dinka Nutrend"},"content":{"rendered":"<div id=\"yui_3_17_2_1_1699126921475_37\">\n<p id=\"yui_3_17_2_1_1699126921475_36\"><span lang=\"cs-cz\" xml:lang=\"cs-cz\">Protein Bar 55 g Nutrend je proteinov\u00e1 ty\u010dinka s v\u00fdbornou chut\u00ed. M\u016f\u017eete ji zakoupit v mnoha p\u0159\u00edchut\u00edch jako je \u010dokol\u00e1da, jahoda, mandle, vanilka, ban\u00e1n nebo kokos. Tato ty\u010dinka obsahuje 23% pod\u00edl b\u00edlkovin. Slou\u017e\u00ed jako skv\u011bl\u00fd zdroj vl\u00e1kniny a nav\u00edc v sob\u011b ukr\u00fdv\u00e1 10 vitam\u00edn\u016f. Tak\u00e9 je bez um\u011bl\u00fdch barviv\u00a0 lepku. Tato ty\u010dinka v\u00e1s v\u00fdborn\u011b zasyt\u00ed a z\u00e1rove\u0148 dod\u00e1 pot\u0159ebn\u00e9 mno\u017estv\u00ed energie. Ty\u010dinka m\u00e1 55 g, v jedn\u00e9 t\u00e9to d\u00e1vce je 234 kcal.<\/span><\/p>\n<\/div>\n","protected":false},"excerpt":{"rendered":"<p><span lang=\"cs\" xml:lang=\"cs\">Proteinov\u00fd ty\u010dinka obsahuje 23% pod\u00edl b\u00edlkovin. Je skv\u011bl\u00fdm pomocn\u00edkem pro dod\u00e1n\u00ed energie pot\u0159ebn\u00e9 p\u0159i chozen\u00ed do fitness. V\u00fdborn\u00e9 p\u0159\u00edchut\u011b prod\u00e1v\u00e1 firma Nutrend.<\/span><\/p>\n","protected":false},"featured_media":3076,"comment_status":"open","ping_status":"closed","template":"","meta":[],"product_brand":[],"product_cat":[759],"product_tag":[807,806,75,808,201,228,116],"class_list":{"0":"post-3072","1":"product","2":"type-product","3":"status-publish","4":"has-post-thumbnail","6":"product_cat-zdrava-vyziva","7":"product_tag-bilkoviny","8":"product_tag-energie","9":"product_tag-fitness","10":"product_tag-nutrend","11":"product_tag-protein","12":"product_tag-proteinove-tycinky","13":"product_tag-zdravi","15":"first","16":"instock","17":"sale","18":"taxable","19":"shipping-taxable","20":"purchasable","21":"product-type-variable"},"jetpack_sharing_enabled":true,"_links":{"self":[{"href":"https:\/\/etev7e.pef.czu.cz\/zs2223\/wp-json\/wp\/v2\/product\/3072","targetHints":{"allow":["GET"]}}],"collection":[{"href":"https:\/\/etev7e.pef.czu.cz\/zs2223\/wp-json\/wp\/v2\/product"}],"about":[{"href":"https:\/\/etev7e.pef.czu.cz\/zs2223\/wp-json\/wp\/v2\/types\/product"}],"replies":[{"embeddable":true,"href":"https:\/\/etev7e.pef.czu.cz\/zs2223\/wp-json\/wp\/v2\/comments?post=3072"}],"wp:featuredmedia":[{"embeddable":true,"href":"https:\/\/etev7e.pef.czu.cz\/zs2223\/wp-json\/wp\/v2\/media\/3076"}],"wp:attachment":[{"href":"https:\/\/etev7e.pef.czu.cz\/zs2223\/wp-json\/wp\/v2\/media?parent=3072"}],"wp:term":[{"taxonomy":"product_brand","embeddable":true,"href":"https:\/\/etev7e.pef.czu.cz\/zs2223\/wp-json\/wp\/v2\/product_brand?post=3072"},{"taxonomy":"product_cat","embeddable":true,"href":"https:\/\/etev7e.pef.czu.cz\/zs2223\/wp-json\/wp\/v2\/product_cat?post=3072"},{"taxonomy":"product_tag","embeddable":true,"href":"https:\/\/etev7e.pef.czu.cz\/zs2223\/wp-json\/wp\/v2\/product_tag?post=3072"}],"curies":[{"name":"wp","href":"https:\/\/api.w.org\/{rel}","templated":true}]}}