{"id":3094,"date":"2023-11-04T23:07:13","date_gmt":"2023-11-04T22:07:13","guid":{"rendered":"https:\/\/etev7e.pef.czu.cz\/zs2223\/?post_type=product&#038;p=3094"},"modified":"2023-11-05T19:33:27","modified_gmt":"2023-11-05T18:33:27","slug":"party-alias","status":"publish","type":"product","link":"https:\/\/etev7e.pef.czu.cz\/zs2223\/produkt\/party-alias\/","title":{"rendered":"P\u00e1rty ALIAS"},"content":{"rendered":"<p>P\u00e1rty Alias je spole\u010densk\u00e9 hra, kter\u00e1 v\u00e1s rozesm\u011bje a pobav\u00ed na ka\u017ed\u00e9 oslav\u011b. Hra spojuje protiklady, synonyma a n\u00e1pov\u011bdy, aby v\u00e1m pomohla vysv\u011btlit v\u00fdznam r\u016fzn\u00fdch slov pomoc\u00ed jin\u00fdch v\u00fdraz\u016f. \u010cekaj\u00ed na v\u00e1s i r\u016fzn\u00e9 p\u0159edv\u00e1d\u011bc\u00ed \u00fakoly, jako je imitace zv\u00ed\u0159at \u010di povol\u00e1n\u00ed. P\u00e1rty Alias je vhodn\u00e1 pro hr\u00e1\u010de od 11 let a m\u016f\u017ee ji hr\u00e1t 4 &#8211; 20 hr\u00e1\u010d\u016f. Doba hran\u00ed je p\u0159ibli\u017en\u011b 45 &#8211; 60 minut.<\/p>\n","protected":false},"excerpt":{"rendered":"<p>P\u00e1rty Alias \u200b\u200bje skv\u011bl\u00e1 hra pro oslavy, kter\u00e1 v\u00e1s bude bavit. Spojuje slova, protiklady a n\u00e1pov\u011bdy a je ide\u00e1ln\u00ed pro 4-20 hr\u00e1\u010d\u016f od 11 let. Hra trv\u00e1 45-60 minut.<\/p>\n","protected":false},"featured_media":3093,"comment_status":"open","ping_status":"closed","template":"","meta":[],"product_brand":[],"product_cat":[809],"product_tag":[298,299,310],"class_list":{"0":"post-3094","1":"product","2":"type-product","3":"status-publish","4":"has-post-thumbnail","6":"product_cat-deskove-hry","7":"product_tag-spolecenske-hry","8":"product_tag-stolni-hry","9":"product_tag-strategicke-hry","11":"first","12":"instock","13":"sale","14":"taxable","15":"shipping-taxable","16":"purchasable","17":"product-type-variable","18":"has-default-attributes"},"jetpack_sharing_enabled":true,"_links":{"self":[{"href":"https:\/\/etev7e.pef.czu.cz\/zs2223\/wp-json\/wp\/v2\/product\/3094","targetHints":{"allow":["GET"]}}],"collection":[{"href":"https:\/\/etev7e.pef.czu.cz\/zs2223\/wp-json\/wp\/v2\/product"}],"about":[{"href":"https:\/\/etev7e.pef.czu.cz\/zs2223\/wp-json\/wp\/v2\/types\/product"}],"replies":[{"embeddable":true,"href":"https:\/\/etev7e.pef.czu.cz\/zs2223\/wp-json\/wp\/v2\/comments?post=3094"}],"wp:featuredmedia":[{"embeddable":true,"href":"https:\/\/etev7e.pef.czu.cz\/zs2223\/wp-json\/wp\/v2\/media\/3093"}],"wp:attachment":[{"href":"https:\/\/etev7e.pef.czu.cz\/zs2223\/wp-json\/wp\/v2\/media?parent=3094"}],"wp:term":[{"taxonomy":"product_brand","embeddable":true,"href":"https:\/\/etev7e.pef.czu.cz\/zs2223\/wp-json\/wp\/v2\/product_brand?post=3094"},{"taxonomy":"product_cat","embeddable":true,"href":"https:\/\/etev7e.pef.czu.cz\/zs2223\/wp-json\/wp\/v2\/product_cat?post=3094"},{"taxonomy":"product_tag","embeddable":true,"href":"https:\/\/etev7e.pef.czu.cz\/zs2223\/wp-json\/wp\/v2\/product_tag?post=3094"}],"curies":[{"name":"wp","href":"https:\/\/api.w.org\/{rel}","templated":true}]}}