{"id":3096,"date":"2023-11-04T23:05:25","date_gmt":"2023-11-04T22:05:25","guid":{"rendered":"https:\/\/etev7e.pef.czu.cz\/zs2223\/?post_type=product&#038;p=3096"},"modified":"2023-11-04T23:05:25","modified_gmt":"2023-11-04T22:05:25","slug":"aktivni-den","status":"publish","type":"product","link":"https:\/\/etev7e.pef.czu.cz\/zs2223\/produkt\/aktivni-den\/","title":{"rendered":"Aktivn\u00ed den"},"content":{"rendered":"<p>Bylinn\u00fd \u010daj s lahodnou chut\u00ed ko\u0159en\u011bn\u00e9ho pomeran\u010de a mat\u00e9 pro aktivn\u00ed den. Mat\u00e9 potla\u010duje du\u0161evn\u00ed a t\u011blesnou \u00fanavu, p\u0159isp\u00edv\u00e1 tak k osv\u011b\u017een\u00ed t\u011bla. Vychutnejte si tento lahodn\u00fd \u010daj t\u0159eba s pl\u00e1tkem citronu a medem.<\/p>\n<p>Slo\u017een\u00ed: Jablko plod, yerba mate list (20%), ostru\u017eina list, aroma (7,5%), sko\u0159ice k\u016fra (5,5%), z\u00e1zvor ko\u0159en (5%), h\u0159eb\u00ed\u010dek kv\u011bt, kyselina citronov\u00e1, \u010dekanka ko\u0159en, kyselina jable\u010dn\u00e1, ibi\u0161ek kv\u011bt, \u0161\u00edpek plod, pomeran\u010dov\u00e1 k\u016fra (1%). Obsahuje p\u0159irozen\u00fd zdroj kofeinu.<\/p>\n<p>P\u0159\u00edprava: 1 n\u00e1levov\u00fd s\u00e1\u010dek zalijte 250 ml vrouc\u00ed vody a nechte jej louhovat 3-5 min. Doporu\u010den\u00e9 d\u00e1vkov\u00e1n\u00ed: 1-3 \u0161\u00e1lky denn\u011b.<\/p>\n","protected":false},"excerpt":{"rendered":"<p>Bylinn\u00fd \u010daj s lahodnou chut\u00ed ko\u0159en\u011bn\u00e9ho pomeran\u010de a mat\u00e9 pro aktivn\u00ed den. Mat\u00e9 potla\u010duje du\u0161evn\u00ed a t\u011blesnou \u00fanavu, p\u0159isp\u00edv\u00e1 tak k osv\u011b\u017een\u00ed t\u011bla.<\/p>\n","protected":false},"featured_media":3102,"comment_status":"open","ping_status":"closed","template":"","meta":[],"product_brand":[],"product_cat":[814],"product_tag":[816],"class_list":{"0":"post-3096","1":"product","2":"type-product","3":"status-publish","4":"has-post-thumbnail","6":"product_cat-caje","7":"product_tag-teple-napoje","9":"first","10":"instock","11":"sale","12":"taxable","13":"shipping-taxable","14":"purchasable","15":"product-type-simple"},"jetpack_sharing_enabled":true,"_links":{"self":[{"href":"https:\/\/etev7e.pef.czu.cz\/zs2223\/wp-json\/wp\/v2\/product\/3096","targetHints":{"allow":["GET"]}}],"collection":[{"href":"https:\/\/etev7e.pef.czu.cz\/zs2223\/wp-json\/wp\/v2\/product"}],"about":[{"href":"https:\/\/etev7e.pef.czu.cz\/zs2223\/wp-json\/wp\/v2\/types\/product"}],"replies":[{"embeddable":true,"href":"https:\/\/etev7e.pef.czu.cz\/zs2223\/wp-json\/wp\/v2\/comments?post=3096"}],"wp:featuredmedia":[{"embeddable":true,"href":"https:\/\/etev7e.pef.czu.cz\/zs2223\/wp-json\/wp\/v2\/media\/3102"}],"wp:attachment":[{"href":"https:\/\/etev7e.pef.czu.cz\/zs2223\/wp-json\/wp\/v2\/media?parent=3096"}],"wp:term":[{"taxonomy":"product_brand","embeddable":true,"href":"https:\/\/etev7e.pef.czu.cz\/zs2223\/wp-json\/wp\/v2\/product_brand?post=3096"},{"taxonomy":"product_cat","embeddable":true,"href":"https:\/\/etev7e.pef.czu.cz\/zs2223\/wp-json\/wp\/v2\/product_cat?post=3096"},{"taxonomy":"product_tag","embeddable":true,"href":"https:\/\/etev7e.pef.czu.cz\/zs2223\/wp-json\/wp\/v2\/product_tag?post=3096"}],"curies":[{"name":"wp","href":"https:\/\/api.w.org\/{rel}","templated":true}]}}