{"id":3103,"date":"2023-11-04T23:11:18","date_gmt":"2023-11-04T22:11:18","guid":{"rendered":"https:\/\/etev7e.pef.czu.cz\/zs2223\/?post_type=product&#038;p=3103"},"modified":"2023-11-04T23:11:18","modified_gmt":"2023-11-04T22:11:18","slug":"mandarinka-a-granatove-jablko","status":"publish","type":"product","link":"https:\/\/etev7e.pef.czu.cz\/zs2223\/produkt\/mandarinka-a-granatove-jablko\/","title":{"rendered":"Mandarinka a gran\u00e1tov\u00e9 jablko"},"content":{"rendered":"<p>Lahodn\u00fd \u010daj s exotickou chut\u00ed a v\u016fn\u00ed gran\u00e1tov\u00e9ho jablka a mandarinek, rozz\u00e1\u0159\u00ed v\u00e1\u0161 den. Porcovan\u00fd \u010daj se skv\u011ble hod\u00ed k dopln\u011bn\u00ed b\u011b\u017en\u00e9ho pitn\u00e9ho re\u017eimu. Chutn\u00e1 skv\u011ble hork\u00fd, ale tak\u00e9 jako ledov\u00fd \u010daj, kter\u00fd v\u00e1s skv\u011ble osv\u011b\u017e\u00ed v tepl\u00fdch dnech.<\/p>\n<p>Slo\u017een\u00ed: Jablko plod, kv\u011bt ibi\u0161ku, plod \u0161\u00edpku, list ostru\u017einy, p\u0159\u00edrodn\u00ed mandarinkov\u00e9 aroma s mandarinkovou \u0161\u0165\u00e1vou (7%), plod rakytn\u00edku, ko\u0159en l\u00e9ko\u0159ice a p\u0159\u00edrodn\u00ed aroma se \u0161\u0165\u00e1vou z gran\u00e1tov\u00e9ho jablka(1%).<\/p>\n<p>P\u0159\u00edprava: 1 n\u00e1levov\u00fd s\u00e1\u010dek zalijte 250 ml vrouc\u00ed vody a nechte jej louhovat 3-5 min. Doporu\u010den\u00e9 d\u00e1vkov\u00e1n\u00ed: 1-3 \u0161\u00e1lky denn\u011b. Skladov\u00e1n\u00ed: v suchu p\u0159i teplot\u011b do 25\u00b0C.<\/p>\n","protected":false},"excerpt":{"rendered":"<p>Lahodn\u00fd \u010daj s exotickou chut\u00ed a v\u016fn\u00ed gran\u00e1tov\u00e9ho jablka a mandarinek, rozz\u00e1\u0159\u00ed v\u00e1\u0161 den. Porcovan\u00fd \u010daj se skv\u011ble hod\u00ed k dopln\u011bn\u00ed b\u011b\u017en\u00e9ho pitn\u00e9ho re\u017eimu.<\/p>\n","protected":false},"featured_media":3105,"comment_status":"open","ping_status":"closed","template":"","meta":[],"product_brand":[],"product_cat":[814],"product_tag":[817,816],"class_list":{"0":"post-3103","1":"product","2":"type-product","3":"status-publish","4":"has-post-thumbnail","6":"product_cat-caje","7":"product_tag-nealkoholicke-napoje","8":"product_tag-teple-napoje","10":"first","11":"instock","12":"sale","13":"taxable","14":"shipping-taxable","15":"purchasable","16":"product-type-simple"},"jetpack_sharing_enabled":true,"_links":{"self":[{"href":"https:\/\/etev7e.pef.czu.cz\/zs2223\/wp-json\/wp\/v2\/product\/3103","targetHints":{"allow":["GET"]}}],"collection":[{"href":"https:\/\/etev7e.pef.czu.cz\/zs2223\/wp-json\/wp\/v2\/product"}],"about":[{"href":"https:\/\/etev7e.pef.czu.cz\/zs2223\/wp-json\/wp\/v2\/types\/product"}],"replies":[{"embeddable":true,"href":"https:\/\/etev7e.pef.czu.cz\/zs2223\/wp-json\/wp\/v2\/comments?post=3103"}],"wp:featuredmedia":[{"embeddable":true,"href":"https:\/\/etev7e.pef.czu.cz\/zs2223\/wp-json\/wp\/v2\/media\/3105"}],"wp:attachment":[{"href":"https:\/\/etev7e.pef.czu.cz\/zs2223\/wp-json\/wp\/v2\/media?parent=3103"}],"wp:term":[{"taxonomy":"product_brand","embeddable":true,"href":"https:\/\/etev7e.pef.czu.cz\/zs2223\/wp-json\/wp\/v2\/product_brand?post=3103"},{"taxonomy":"product_cat","embeddable":true,"href":"https:\/\/etev7e.pef.czu.cz\/zs2223\/wp-json\/wp\/v2\/product_cat?post=3103"},{"taxonomy":"product_tag","embeddable":true,"href":"https:\/\/etev7e.pef.czu.cz\/zs2223\/wp-json\/wp\/v2\/product_tag?post=3103"}],"curies":[{"name":"wp","href":"https:\/\/api.w.org\/{rel}","templated":true}]}}