{"id":3104,"date":"2023-11-04T23:21:17","date_gmt":"2023-11-04T22:21:17","guid":{"rendered":"https:\/\/etev7e.pef.czu.cz\/zs2223\/?post_type=product&#038;p=3104"},"modified":"2023-11-05T19:32:38","modified_gmt":"2023-11-05T18:32:38","slug":"co-na-to-cesi","status":"publish","type":"product","link":"https:\/\/etev7e.pef.czu.cz\/zs2223\/produkt\/co-na-to-cesi\/","title":{"rendered":"Co na to \u010ce\u0161i"},"content":{"rendered":"<p>Co na to \u010ce\u0161i je p\u00e1rty spole\u010densk\u00e1 hra, kter\u00e1 se zakl\u00e1d\u00e1 na n\u00e1m\u011btu televizn\u00edho po\u0159adu televizn\u00ed stanice Nova. Hra obsahuje 300 karet obsahuj\u00edc\u00edch ot\u00e1zky a odpov\u011bdi, t\u00fdmy se b\u011bhem hry sna\u017e\u00ed spr\u00e1vn\u011b uhodnout ot\u00e1zky na kter\u00e9 p\u0159edem odpov\u011bd\u011bla stovka \u010cech\u016f. Za spr\u00e1vn\u00e9 odpov\u011bdi se t\u00fdm\u016fm postupn\u011b ud\u011bluje dan\u00e9 mno\u017estv\u00ed bod\u016f z\u00e1visej\u00edc\u00ed na po\u0159ad\u00ed spr\u00e1vn\u00e9 odpov\u011bdi. Hra obsahuje 300 karet. Hra je vhodn\u00e1 pro hr\u00e1\u010de od 15 let a po\u010det hr\u00e1\u010d\u016f nen\u00ed omezen. D\u00e9lka hry trv\u00e1 p\u0159ibli\u017en\u011b 30 minut.<\/p>\n","protected":false},"excerpt":{"rendered":"<p>Co na to \u010ce\u0161i je p\u00e1rty spole\u010densk\u00e1 hra, kter\u00e1 se zakl\u00e1d\u00e1 na n\u00e1m\u011btu televizn\u00edho po\u0159adu televizn\u00ed stanice Nova.<\/p>\n","protected":false},"featured_media":3114,"comment_status":"open","ping_status":"closed","template":"","meta":[],"product_brand":[],"product_cat":[809],"product_tag":[681,303,298,821],"class_list":{"0":"post-3104","1":"product","2":"type-product","3":"status-publish","4":"has-post-thumbnail","6":"product_cat-deskove-hry","7":"product_tag-deskove-hry","8":"product_tag-party-hry","9":"product_tag-spolecenske-hry","10":"product_tag-televizni-hry","12":"first","13":"instock","14":"sale","15":"taxable","16":"shipping-taxable","17":"purchasable","18":"product-type-variable"},"jetpack_sharing_enabled":true,"_links":{"self":[{"href":"https:\/\/etev7e.pef.czu.cz\/zs2223\/wp-json\/wp\/v2\/product\/3104","targetHints":{"allow":["GET"]}}],"collection":[{"href":"https:\/\/etev7e.pef.czu.cz\/zs2223\/wp-json\/wp\/v2\/product"}],"about":[{"href":"https:\/\/etev7e.pef.czu.cz\/zs2223\/wp-json\/wp\/v2\/types\/product"}],"replies":[{"embeddable":true,"href":"https:\/\/etev7e.pef.czu.cz\/zs2223\/wp-json\/wp\/v2\/comments?post=3104"}],"wp:featuredmedia":[{"embeddable":true,"href":"https:\/\/etev7e.pef.czu.cz\/zs2223\/wp-json\/wp\/v2\/media\/3114"}],"wp:attachment":[{"href":"https:\/\/etev7e.pef.czu.cz\/zs2223\/wp-json\/wp\/v2\/media?parent=3104"}],"wp:term":[{"taxonomy":"product_brand","embeddable":true,"href":"https:\/\/etev7e.pef.czu.cz\/zs2223\/wp-json\/wp\/v2\/product_brand?post=3104"},{"taxonomy":"product_cat","embeddable":true,"href":"https:\/\/etev7e.pef.czu.cz\/zs2223\/wp-json\/wp\/v2\/product_cat?post=3104"},{"taxonomy":"product_tag","embeddable":true,"href":"https:\/\/etev7e.pef.czu.cz\/zs2223\/wp-json\/wp\/v2\/product_tag?post=3104"}],"curies":[{"name":"wp","href":"https:\/\/api.w.org\/{rel}","templated":true}]}}