{"id":3106,"date":"2023-11-04T23:13:43","date_gmt":"2023-11-04T22:13:43","guid":{"rendered":"https:\/\/etev7e.pef.czu.cz\/zs2223\/?post_type=product&#038;p=3106"},"modified":"2023-11-04T23:13:44","modified_gmt":"2023-11-04T22:13:44","slug":"boruvka-a-brusinka","status":"publish","type":"product","link":"https:\/\/etev7e.pef.czu.cz\/zs2223\/produkt\/boruvka-a-brusinka\/","title":{"rendered":"Bor\u016fvka a brusinka"},"content":{"rendered":"<p>Ovocn\u00fd \u010daj s obl\u00edbenou chut\u00ed bor\u016fvek a brusinek je skv\u011bl\u00fdm dopln\u011bn\u00edm b\u011b\u017en\u00e9ho pitn\u00e9ho re\u017eimu. Vo\u0148av\u00fd a chutn\u00fd \u010daj si m\u016f\u017eete vychutnat t\u0159eba s pl\u00e1tkem citronu, chutn\u00e1, ale skv\u011ble tak\u00e9 ve form\u011b vychlazen\u00e9ho ledov\u00e9ho n\u00e1poje.<\/p>\n<p>Slo\u017een\u00ed: Ibi\u0161ek kv\u011bt, jablko plod, ostru\u017eina list, aronie plod, aroma, kyselina citr\u00f3nov\u00e1, brusinka plod (1%), bor\u016fvka plod (0,5%).<\/p>\n<p>P\u0159\u00edprava: 1 n\u00e1levov\u00fd s\u00e1\u010dek zalijte 250 ml vrouc\u00ed vody a nechte jej louhovat 3-5 min. Doporu\u010den\u00e9 d\u00e1vkov\u00e1n\u00ed: 1-3 \u0161\u00e1lky denn\u011b. Skladov\u00e1n\u00ed: v suchu p\u0159i teplot\u011b do 25\u00b0C.<\/p>\n","protected":false},"excerpt":{"rendered":"<p>Ovocn\u00fd \u010daj s obl\u00edbenou chut\u00ed bor\u016fvek a brusinek je skv\u011bl\u00fdm dopln\u011bn\u00edm b\u011b\u017en\u00e9ho pitn\u00e9ho re\u017eimu. Vo\u0148av\u00fd a chutn\u00fd \u010daj si m\u016f\u017eete vychutnat t\u0159eba s pl\u00e1tkem citronu, chutn\u00e1, ale skv\u011ble tak\u00e9 ve form\u011b vychlazen\u00e9ho ledov\u00e9ho n\u00e1poje. Slo\u017een\u00ed: Ibi\u0161ek kv\u011bt, jablko plod, ostru\u017eina list, aronie plod, aroma, kyselina citr\u00f3nov\u00e1, brusinka plod (1%), bor\u016fvka plod (0,5%). P\u0159\u00edprava: 1 n\u00e1levov\u00fd [&hellip;]<\/p>\n","protected":false},"featured_media":3109,"comment_status":"open","ping_status":"closed","template":"","meta":[],"product_brand":[],"product_cat":[814],"product_tag":[817,816],"class_list":{"0":"post-3106","1":"product","2":"type-product","3":"status-publish","4":"has-post-thumbnail","6":"product_cat-caje","7":"product_tag-nealkoholicke-napoje","8":"product_tag-teple-napoje","10":"first","11":"instock","12":"sale","13":"taxable","14":"shipping-taxable","15":"purchasable","16":"product-type-simple"},"jetpack_sharing_enabled":true,"_links":{"self":[{"href":"https:\/\/etev7e.pef.czu.cz\/zs2223\/wp-json\/wp\/v2\/product\/3106","targetHints":{"allow":["GET"]}}],"collection":[{"href":"https:\/\/etev7e.pef.czu.cz\/zs2223\/wp-json\/wp\/v2\/product"}],"about":[{"href":"https:\/\/etev7e.pef.czu.cz\/zs2223\/wp-json\/wp\/v2\/types\/product"}],"replies":[{"embeddable":true,"href":"https:\/\/etev7e.pef.czu.cz\/zs2223\/wp-json\/wp\/v2\/comments?post=3106"}],"wp:featuredmedia":[{"embeddable":true,"href":"https:\/\/etev7e.pef.czu.cz\/zs2223\/wp-json\/wp\/v2\/media\/3109"}],"wp:attachment":[{"href":"https:\/\/etev7e.pef.czu.cz\/zs2223\/wp-json\/wp\/v2\/media?parent=3106"}],"wp:term":[{"taxonomy":"product_brand","embeddable":true,"href":"https:\/\/etev7e.pef.czu.cz\/zs2223\/wp-json\/wp\/v2\/product_brand?post=3106"},{"taxonomy":"product_cat","embeddable":true,"href":"https:\/\/etev7e.pef.czu.cz\/zs2223\/wp-json\/wp\/v2\/product_cat?post=3106"},{"taxonomy":"product_tag","embeddable":true,"href":"https:\/\/etev7e.pef.czu.cz\/zs2223\/wp-json\/wp\/v2\/product_tag?post=3106"}],"curies":[{"name":"wp","href":"https:\/\/api.w.org\/{rel}","templated":true}]}}