{"id":3110,"date":"2023-11-04T23:16:13","date_gmt":"2023-11-04T22:16:13","guid":{"rendered":"https:\/\/etev7e.pef.czu.cz\/zs2223\/?post_type=product&#038;p=3110"},"modified":"2023-11-04T23:16:13","modified_gmt":"2023-11-04T22:16:13","slug":"hruska-a-rakytnik","status":"publish","type":"product","link":"https:\/\/etev7e.pef.czu.cz\/zs2223\/produkt\/hruska-a-rakytnik\/","title":{"rendered":"Hru\u0161ka a rakytn\u00edk"},"content":{"rendered":"<p>Ovocn\u00fd \u010daj, kter\u00fd spojuje lahodnou chu\u0165 hru\u0161ky s nakyslost\u00ed plod\u016f rakytn\u00edku. Hru\u0161ka a rakytn\u00edk je skv\u011bl\u00fdm dopln\u011bn\u00edm pitn\u00e9ho re\u017eimu nejen v chladn\u00fdch dnech. \u010caj chutn\u00e1 v\u00fdborn\u011b i studen\u00fd a ve form\u011b ledov\u00e9ho \u010daje v\u00e1s osv\u011b\u017e\u00ed i v l\u00e9t\u011b.<\/p>\n<p>Slo\u017een\u00ed: Jablko plod, ibi\u0161ek kv\u011bt, ostru\u017eina list, aroma, \u0161\u00edpek plod, rakytn\u00edk plod (5%), kyselina citronov\u00e1, \u010dekanka ko\u0159en, hru\u0161ka plod (1%), ban\u00e1n plod.<\/p>\n<p>P\u0159\u00edprava: 1 n\u00e1levov\u00fd s\u00e1\u010dek zalijte 250 ml vrouc\u00ed vody a nechte jej louhovat 3-5 min. Doporu\u010den\u00e9 d\u00e1vkov\u00e1n\u00ed: 1-3 \u0161\u00e1lky denn\u011b. Skladov\u00e1n\u00ed: v suchu p\u0159i teplot\u011b do 25\u00b0C.<\/p>\n","protected":false},"excerpt":{"rendered":"<p>Ovocn\u00fd \u010daj, kter\u00fd spojuje lahodnou chu\u0165 hru\u0161ky s nakyslost\u00ed plod\u016f rakytn\u00edku. Hru\u0161ka a rakytn\u00edk je skv\u011bl\u00fdm dopln\u011bn\u00edm pitn\u00e9ho re\u017eimu nejen v chladn\u00fdch dnech.<\/p>\n","protected":false},"featured_media":3111,"comment_status":"open","ping_status":"closed","template":"","meta":[],"product_brand":[],"product_cat":[814],"product_tag":[816],"class_list":{"0":"post-3110","1":"product","2":"type-product","3":"status-publish","4":"has-post-thumbnail","6":"product_cat-caje","7":"product_tag-teple-napoje","9":"first","10":"instock","11":"sale","12":"taxable","13":"shipping-taxable","14":"purchasable","15":"product-type-simple"},"jetpack_sharing_enabled":true,"_links":{"self":[{"href":"https:\/\/etev7e.pef.czu.cz\/zs2223\/wp-json\/wp\/v2\/product\/3110","targetHints":{"allow":["GET"]}}],"collection":[{"href":"https:\/\/etev7e.pef.czu.cz\/zs2223\/wp-json\/wp\/v2\/product"}],"about":[{"href":"https:\/\/etev7e.pef.czu.cz\/zs2223\/wp-json\/wp\/v2\/types\/product"}],"replies":[{"embeddable":true,"href":"https:\/\/etev7e.pef.czu.cz\/zs2223\/wp-json\/wp\/v2\/comments?post=3110"}],"wp:featuredmedia":[{"embeddable":true,"href":"https:\/\/etev7e.pef.czu.cz\/zs2223\/wp-json\/wp\/v2\/media\/3111"}],"wp:attachment":[{"href":"https:\/\/etev7e.pef.czu.cz\/zs2223\/wp-json\/wp\/v2\/media?parent=3110"}],"wp:term":[{"taxonomy":"product_brand","embeddable":true,"href":"https:\/\/etev7e.pef.czu.cz\/zs2223\/wp-json\/wp\/v2\/product_brand?post=3110"},{"taxonomy":"product_cat","embeddable":true,"href":"https:\/\/etev7e.pef.czu.cz\/zs2223\/wp-json\/wp\/v2\/product_cat?post=3110"},{"taxonomy":"product_tag","embeddable":true,"href":"https:\/\/etev7e.pef.czu.cz\/zs2223\/wp-json\/wp\/v2\/product_tag?post=3110"}],"curies":[{"name":"wp","href":"https:\/\/api.w.org\/{rel}","templated":true}]}}