{"id":3112,"date":"2023-11-04T23:19:06","date_gmt":"2023-11-04T22:19:06","guid":{"rendered":"https:\/\/etev7e.pef.czu.cz\/zs2223\/?post_type=product&#038;p=3112"},"modified":"2023-11-04T23:19:06","modified_gmt":"2023-11-04T22:19:06","slug":"limetka-a-grep","status":"publish","type":"product","link":"https:\/\/etev7e.pef.czu.cz\/zs2223\/produkt\/limetka-a-grep\/","title":{"rendered":"Limetka a grep"},"content":{"rendered":"<p>Citrusov\u00fd ovocn\u00fd \u010daj Limetka a grep v\u00e1s pot\u011b\u0161\u00ed \u0161\u0165avnatou chut\u00ed a sv\u011b\u017e\u00ed v\u016fn\u00ed. Skv\u011ble chutn\u00e1 hork\u00fd i jako osv\u011b\u017euj\u00edc\u00ed ledov\u00fd n\u00e1poj. Skv\u011bl\u00e9 dopln\u011bn\u00ed ka\u017edodenn\u00edho pitn\u00e9ho re\u017eimu.<\/p>\n<p>Slo\u017een\u00ed: Jablko plod, \u0161\u00edpek plod, ostru\u017eina list, kyselina citronov\u00e1, aroma, ibi\u0161ek kv\u011bt, pomeran\u010dov\u00e1 k\u016fra, \u010dekanka ko\u0159en, aroma s koncentrovanou grapefruitovou \u0161\u0165\u00e1vou (4%), citronov\u00e1 k\u016fra, limetka plod (1%).<\/p>\n<p>P\u0159\u00edprava: 1 n\u00e1levov\u00fd s\u00e1\u010dek zalijte 250 ml vrouc\u00ed vody a nechte jej louhovat 3-5 min. Doporu\u010den\u00e9 d\u00e1vkov\u00e1n\u00ed: 1-3 \u0161\u00e1lky denn\u011b.<\/p>\n<p>Skladov\u00e1n\u00ed: v suchu p\u0159i teplot\u011b do 25\u00b0C.<\/p>\n","protected":false},"excerpt":{"rendered":"<p>Citrusov\u00fd ovocn\u00fd \u010daj Limetka a grep v\u00e1s pot\u011b\u0161\u00ed \u0161\u0165avnatou chut\u00ed a sv\u011b\u017e\u00ed v\u016fn\u00ed. Skv\u011ble chutn\u00e1 hork\u00fd i jako osv\u011b\u017euj\u00edc\u00ed ledov\u00fd n\u00e1poj. Skv\u011bl\u00e9 dopln\u011bn\u00ed ka\u017edodenn\u00edho pitn\u00e9ho re\u017eimu.<\/p>\n","protected":false},"featured_media":3113,"comment_status":"open","ping_status":"closed","template":"","meta":[],"product_brand":[],"product_cat":[814],"product_tag":[817,816],"class_list":{"0":"post-3112","1":"product","2":"type-product","3":"status-publish","4":"has-post-thumbnail","6":"product_cat-caje","7":"product_tag-nealkoholicke-napoje","8":"product_tag-teple-napoje","10":"first","11":"instock","12":"sale","13":"taxable","14":"shipping-taxable","15":"purchasable","16":"product-type-simple"},"jetpack_sharing_enabled":true,"_links":{"self":[{"href":"https:\/\/etev7e.pef.czu.cz\/zs2223\/wp-json\/wp\/v2\/product\/3112","targetHints":{"allow":["GET"]}}],"collection":[{"href":"https:\/\/etev7e.pef.czu.cz\/zs2223\/wp-json\/wp\/v2\/product"}],"about":[{"href":"https:\/\/etev7e.pef.czu.cz\/zs2223\/wp-json\/wp\/v2\/types\/product"}],"replies":[{"embeddable":true,"href":"https:\/\/etev7e.pef.czu.cz\/zs2223\/wp-json\/wp\/v2\/comments?post=3112"}],"wp:featuredmedia":[{"embeddable":true,"href":"https:\/\/etev7e.pef.czu.cz\/zs2223\/wp-json\/wp\/v2\/media\/3113"}],"wp:attachment":[{"href":"https:\/\/etev7e.pef.czu.cz\/zs2223\/wp-json\/wp\/v2\/media?parent=3112"}],"wp:term":[{"taxonomy":"product_brand","embeddable":true,"href":"https:\/\/etev7e.pef.czu.cz\/zs2223\/wp-json\/wp\/v2\/product_brand?post=3112"},{"taxonomy":"product_cat","embeddable":true,"href":"https:\/\/etev7e.pef.czu.cz\/zs2223\/wp-json\/wp\/v2\/product_cat?post=3112"},{"taxonomy":"product_tag","embeddable":true,"href":"https:\/\/etev7e.pef.czu.cz\/zs2223\/wp-json\/wp\/v2\/product_tag?post=3112"}],"curies":[{"name":"wp","href":"https:\/\/api.w.org\/{rel}","templated":true}]}}