{"id":3119,"date":"2023-11-04T23:32:18","date_gmt":"2023-11-04T22:32:18","guid":{"rendered":"https:\/\/etev7e.pef.czu.cz\/zs2223\/?post_type=product&#038;p=3119"},"modified":"2023-11-05T19:31:29","modified_gmt":"2023-11-05T18:31:29","slug":"party-alias-kopirovat","status":"publish","type":"product","link":"https:\/\/etev7e.pef.czu.cz\/zs2223\/produkt\/party-alias-kopirovat\/","title":{"rendered":"M\u00e1me r\u00e1di \u010cesko"},"content":{"rendered":"<p>M\u00e1me r\u00e1di \u010cesko je deskov\u00e1 v\u011bdomostn\u00ed t\u00fdmov\u00e1 hra vytvo\u0159ena na motiv popul\u00e1rn\u00ed televizn\u00ed sout\u011b\u017ee, ve kter\u00e9 proti sob\u011b stoj\u00ed dva t\u00fdmy a pom\u011b\u0159uj\u00ed sv\u00e9 znalosti o \u010cesk\u00e9 republice. C\u00edlem je z\u00edskat co nejvy\u0161\u0161\u00ed po\u010det bod\u016f ze v\u0161ech discipl\u00edn tj. osobnosti, hled\u00e1n\u00ed pojm\u016f, kreslen\u00ed, slep\u00e1 mapa, bomba a fin\u00e1le. D\u00edky p\u0159es\u00fdpac\u00edm hodin\u00e1m i tikaj\u00edc\u00ed bomb\u011b je nap\u00ednav\u00fd pr\u016fb\u011bh hry zaru\u010den. Hra je ur\u010dena pro 4 &#8211; 16 hr\u00e1\u010d\u016f od 10 let.\u00a0 D\u00e9lka t\u00e9to hry je p\u0159ibli\u017en\u011b 30 minut.<\/p>\n","protected":false},"excerpt":{"rendered":"<p>M\u00e1me r\u00e1di \u010cesko je deskov\u00e1 v\u011bdomostn\u00ed t\u00fdmov\u00e1 hra vytvo\u0159ena na motiv popul\u00e1rn\u00ed televizn\u00ed sout\u011b\u017ee, ve kter\u00e9 proti sob\u011b stoj\u00ed dva t\u00fdmy a pom\u011b\u0159uj\u00ed sv\u00e9 znalosti o \u010cesk\u00e9 republice.<\/p>\n","protected":false},"featured_media":3126,"comment_status":"open","ping_status":"closed","template":"","meta":[],"product_brand":[],"product_cat":[809],"product_tag":[822,298,299,307],"class_list":{"0":"post-3119","1":"product","2":"type-product","3":"status-publish","4":"has-post-thumbnail","6":"product_cat-deskove-hry","7":"product_tag-naucne-hry","8":"product_tag-spolecenske-hry","9":"product_tag-stolni-hry","10":"product_tag-vedomostni-hry","12":"first","13":"instock","14":"sale","15":"taxable","16":"shipping-taxable","17":"purchasable","18":"product-type-simple"},"jetpack_sharing_enabled":true,"_links":{"self":[{"href":"https:\/\/etev7e.pef.czu.cz\/zs2223\/wp-json\/wp\/v2\/product\/3119","targetHints":{"allow":["GET"]}}],"collection":[{"href":"https:\/\/etev7e.pef.czu.cz\/zs2223\/wp-json\/wp\/v2\/product"}],"about":[{"href":"https:\/\/etev7e.pef.czu.cz\/zs2223\/wp-json\/wp\/v2\/types\/product"}],"replies":[{"embeddable":true,"href":"https:\/\/etev7e.pef.czu.cz\/zs2223\/wp-json\/wp\/v2\/comments?post=3119"}],"wp:featuredmedia":[{"embeddable":true,"href":"https:\/\/etev7e.pef.czu.cz\/zs2223\/wp-json\/wp\/v2\/media\/3126"}],"wp:attachment":[{"href":"https:\/\/etev7e.pef.czu.cz\/zs2223\/wp-json\/wp\/v2\/media?parent=3119"}],"wp:term":[{"taxonomy":"product_brand","embeddable":true,"href":"https:\/\/etev7e.pef.czu.cz\/zs2223\/wp-json\/wp\/v2\/product_brand?post=3119"},{"taxonomy":"product_cat","embeddable":true,"href":"https:\/\/etev7e.pef.czu.cz\/zs2223\/wp-json\/wp\/v2\/product_cat?post=3119"},{"taxonomy":"product_tag","embeddable":true,"href":"https:\/\/etev7e.pef.czu.cz\/zs2223\/wp-json\/wp\/v2\/product_tag?post=3119"}],"curies":[{"name":"wp","href":"https:\/\/api.w.org\/{rel}","templated":true}]}}