{"id":3130,"date":"2023-11-05T09:44:44","date_gmt":"2023-11-05T08:44:44","guid":{"rendered":"https:\/\/etev7e.pef.czu.cz\/zs2223\/?post_type=product&#038;p=3130"},"modified":"2023-11-13T16:20:30","modified_gmt":"2023-11-13T15:20:30","slug":"hrabe-fiskars","status":"publish","type":"product","link":"https:\/\/etev7e.pef.czu.cz\/zs2223\/produkt\/hrabe-fiskars\/","title":{"rendered":"Hr\u00e1b\u011b Fiskars"},"content":{"rendered":"<p>Fiskars zahradn\u00ed hr\u00e1b\u011b XL na list\u00ed s extra \u0161irokou hlavou z plastu pro velk\u00fd z\u00e1b\u011br s dlouhou lehkou hlin\u00edkovou n\u00e1sadou. Hr\u00e1b\u011b jsou vybaveny 27 ploch\u00fdmi zahnut\u00fdmi prsty pro snadn\u011bj\u0161\u00ed sb\u00edr\u00e1n\u00ed list\u00ed. Tyto zahradn\u00ed hr\u00e1b\u011b jsou zvl\u00e1\u0161t\u011b lehk\u00e9 a velmi odoln\u00e9.<\/p>\n","protected":false},"excerpt":{"rendered":"<p>Hr\u00e1b\u011b \u0161v\u00e9dsk\u00e9ho typu ur\u010den\u00e9 p\u0159edev\u0161\u00edm pro sb\u011br list\u00ed.<\/p>\n","protected":false},"featured_media":3128,"comment_status":"open","ping_status":"closed","template":"","meta":[],"product_brand":[],"product_cat":[823],"product_tag":[552,824,570],"class_list":{"0":"post-3130","1":"product","2":"type-product","3":"status-publish","4":"has-post-thumbnail","6":"product_cat-zahradni-naradi","7":"product_tag-naradi","8":"product_tag-podzim","9":"product_tag-zahrada","11":"first","12":"instock","13":"sale","14":"taxable","15":"shipping-taxable","16":"purchasable","17":"product-type-simple"},"jetpack_sharing_enabled":true,"_links":{"self":[{"href":"https:\/\/etev7e.pef.czu.cz\/zs2223\/wp-json\/wp\/v2\/product\/3130","targetHints":{"allow":["GET"]}}],"collection":[{"href":"https:\/\/etev7e.pef.czu.cz\/zs2223\/wp-json\/wp\/v2\/product"}],"about":[{"href":"https:\/\/etev7e.pef.czu.cz\/zs2223\/wp-json\/wp\/v2\/types\/product"}],"replies":[{"embeddable":true,"href":"https:\/\/etev7e.pef.czu.cz\/zs2223\/wp-json\/wp\/v2\/comments?post=3130"}],"wp:featuredmedia":[{"embeddable":true,"href":"https:\/\/etev7e.pef.czu.cz\/zs2223\/wp-json\/wp\/v2\/media\/3128"}],"wp:attachment":[{"href":"https:\/\/etev7e.pef.czu.cz\/zs2223\/wp-json\/wp\/v2\/media?parent=3130"}],"wp:term":[{"taxonomy":"product_brand","embeddable":true,"href":"https:\/\/etev7e.pef.czu.cz\/zs2223\/wp-json\/wp\/v2\/product_brand?post=3130"},{"taxonomy":"product_cat","embeddable":true,"href":"https:\/\/etev7e.pef.czu.cz\/zs2223\/wp-json\/wp\/v2\/product_cat?post=3130"},{"taxonomy":"product_tag","embeddable":true,"href":"https:\/\/etev7e.pef.czu.cz\/zs2223\/wp-json\/wp\/v2\/product_tag?post=3130"}],"curies":[{"name":"wp","href":"https:\/\/api.w.org\/{rel}","templated":true}]}}