{"id":3131,"date":"2023-11-05T10:22:46","date_gmt":"2023-11-05T09:22:46","guid":{"rendered":"https:\/\/etev7e.pef.czu.cz\/zs2223\/?post_type=product&#038;p=3131"},"modified":"2023-11-13T16:20:04","modified_gmt":"2023-11-13T15:20:04","slug":"ryc-fiskars","status":"publish","type":"product","link":"https:\/\/etev7e.pef.czu.cz\/zs2223\/produkt\/ryc-fiskars\/","title":{"rendered":"R\u00fd\u010d Fiskars"},"content":{"rendered":"<p>Kvalitn\u00ed \u0161pi\u010dat\u00fd r\u00fd\u010d Fiskars nab\u00edz\u00ed skv\u011ble propracovan\u00fd r\u00fd\u010d st\u0159edn\u00ed a\u017e vy\u0161\u0161\u00ed t\u0159\u00eddy za skv\u011blou cenu. R\u00fd\u010d je vhodn\u00fd k \u00faprav\u011b okraj\u016f z\u00e1hon\u016f \u010di s\u00e1zen\u00ed ve standartn\u00ed travnat\u00e9 p\u016fd\u011b. R\u00fd\u010d m\u00e1 v\u011bt\u0161\u00ed pevnost z d\u016fvodu vyu\u017eit\u00ed borov\u00e9 oceli. D\u00e1le nesm\u00ed chyb\u011bt n\u00e1\u0161lapn\u00e1 plocha a plastov\u00e9 madlo na koci, aby se r\u00fd\u010d l\u00e9pe dr\u017eel a padl p\u0159\u00edmo do ruky.<\/p>\n","protected":false},"excerpt":{"rendered":"<p>R\u00fd\u010d z kvalitn\u00edho materi\u00e1lu vhodn\u00fd pro jak\u00fdkoli typ p\u016fdy.<\/p>\n","protected":false},"featured_media":3132,"comment_status":"open","ping_status":"closed","template":"","meta":[],"product_brand":[],"product_cat":[823],"product_tag":[825,824,570],"class_list":{"0":"post-3131","1":"product","2":"type-product","3":"status-publish","4":"has-post-thumbnail","6":"product_cat-zahradni-naradi","7":"product_tag-jaro","8":"product_tag-podzim","9":"product_tag-zahrada","11":"first","12":"instock","13":"sale","14":"taxable","15":"shipping-taxable","16":"purchasable","17":"product-type-simple"},"jetpack_sharing_enabled":true,"_links":{"self":[{"href":"https:\/\/etev7e.pef.czu.cz\/zs2223\/wp-json\/wp\/v2\/product\/3131","targetHints":{"allow":["GET"]}}],"collection":[{"href":"https:\/\/etev7e.pef.czu.cz\/zs2223\/wp-json\/wp\/v2\/product"}],"about":[{"href":"https:\/\/etev7e.pef.czu.cz\/zs2223\/wp-json\/wp\/v2\/types\/product"}],"replies":[{"embeddable":true,"href":"https:\/\/etev7e.pef.czu.cz\/zs2223\/wp-json\/wp\/v2\/comments?post=3131"}],"wp:featuredmedia":[{"embeddable":true,"href":"https:\/\/etev7e.pef.czu.cz\/zs2223\/wp-json\/wp\/v2\/media\/3132"}],"wp:attachment":[{"href":"https:\/\/etev7e.pef.czu.cz\/zs2223\/wp-json\/wp\/v2\/media?parent=3131"}],"wp:term":[{"taxonomy":"product_brand","embeddable":true,"href":"https:\/\/etev7e.pef.czu.cz\/zs2223\/wp-json\/wp\/v2\/product_brand?post=3131"},{"taxonomy":"product_cat","embeddable":true,"href":"https:\/\/etev7e.pef.czu.cz\/zs2223\/wp-json\/wp\/v2\/product_cat?post=3131"},{"taxonomy":"product_tag","embeddable":true,"href":"https:\/\/etev7e.pef.czu.cz\/zs2223\/wp-json\/wp\/v2\/product_tag?post=3131"}],"curies":[{"name":"wp","href":"https:\/\/api.w.org\/{rel}","templated":true}]}}