{"id":3134,"date":"2023-11-05T10:27:07","date_gmt":"2023-11-05T09:27:07","guid":{"rendered":"https:\/\/etev7e.pef.czu.cz\/zs2223\/?post_type=product&#038;p=3134"},"modified":"2023-11-13T16:19:43","modified_gmt":"2023-11-13T15:19:43","slug":"pilka-zahradni","status":"publish","type":"product","link":"https:\/\/etev7e.pef.czu.cz\/zs2223\/produkt\/pilka-zahradni\/","title":{"rendered":"Pilka zahradn\u00ed"},"content":{"rendered":"<p>Fiskars pro\u0159ez\u00e1vac\u00ed pilka, dokonal\u00fd n\u00e1stroj pro pohodln\u00e9 \u0159ez\u00e1n\u00ed d\u0159eva o pr\u016fm\u011bru a\u017e 150 mm. S ostr\u00fdmi zuby pro snadn\u00e9 \u0159ez\u00e1n\u00ed syrov\u00e9ho d\u0159eva a ergonomick\u00fdm dr\u017eadlem.<\/p>\n","protected":false},"excerpt":{"rendered":"<p>Pilka, kter\u00e1 dok\u00e1\u017ee odolat i t\u011bm nejtvrd\u0161\u00edm d\u0159ev\u016fm. Vhodn\u00e1 na stromy a ke\u0159e.<\/p>\n","protected":false},"featured_media":3135,"comment_status":"open","ping_status":"closed","template":"","meta":[],"product_brand":[],"product_cat":[823],"product_tag":[825,552,824,570],"class_list":{"0":"post-3134","1":"product","2":"type-product","3":"status-publish","4":"has-post-thumbnail","6":"product_cat-zahradni-naradi","7":"product_tag-jaro","8":"product_tag-naradi","9":"product_tag-podzim","10":"product_tag-zahrada","12":"first","13":"instock","14":"sale","15":"taxable","16":"shipping-taxable","17":"purchasable","18":"product-type-simple"},"jetpack_sharing_enabled":true,"_links":{"self":[{"href":"https:\/\/etev7e.pef.czu.cz\/zs2223\/wp-json\/wp\/v2\/product\/3134","targetHints":{"allow":["GET"]}}],"collection":[{"href":"https:\/\/etev7e.pef.czu.cz\/zs2223\/wp-json\/wp\/v2\/product"}],"about":[{"href":"https:\/\/etev7e.pef.czu.cz\/zs2223\/wp-json\/wp\/v2\/types\/product"}],"replies":[{"embeddable":true,"href":"https:\/\/etev7e.pef.czu.cz\/zs2223\/wp-json\/wp\/v2\/comments?post=3134"}],"wp:featuredmedia":[{"embeddable":true,"href":"https:\/\/etev7e.pef.czu.cz\/zs2223\/wp-json\/wp\/v2\/media\/3135"}],"wp:attachment":[{"href":"https:\/\/etev7e.pef.czu.cz\/zs2223\/wp-json\/wp\/v2\/media?parent=3134"}],"wp:term":[{"taxonomy":"product_brand","embeddable":true,"href":"https:\/\/etev7e.pef.czu.cz\/zs2223\/wp-json\/wp\/v2\/product_brand?post=3134"},{"taxonomy":"product_cat","embeddable":true,"href":"https:\/\/etev7e.pef.czu.cz\/zs2223\/wp-json\/wp\/v2\/product_cat?post=3134"},{"taxonomy":"product_tag","embeddable":true,"href":"https:\/\/etev7e.pef.czu.cz\/zs2223\/wp-json\/wp\/v2\/product_tag?post=3134"}],"curies":[{"name":"wp","href":"https:\/\/api.w.org\/{rel}","templated":true}]}}