{"id":3141,"date":"2023-11-05T11:09:22","date_gmt":"2023-11-05T10:09:22","guid":{"rendered":"https:\/\/etev7e.pef.czu.cz\/zs2223\/?post_type=product&#038;p=3141"},"modified":"2023-11-06T20:34:33","modified_gmt":"2023-11-06T19:34:33","slug":"karimatka-yate-scout","status":"publish","type":"product","link":"https:\/\/etev7e.pef.czu.cz\/zs2223\/produkt\/karimatka-yate-scout\/","title":{"rendered":"Karimatka YATE Scout"},"content":{"rendered":"<p><span data-contrast=\"auto\">Na\u0161e nafukovac\u00ed karimatka je ide\u00e1ln\u00ed volbou pro v\u0161echny, kte\u0159\u00ed cht\u011bj\u00ed z\u00edskat maxim\u00e1ln\u00ed pohodl\u00ed a podporu b\u011bhem span\u00ed na cest\u00e1ch. Tato lehk\u00e1 a kompaktn\u00ed karimatka je navr\u017eena s ohledem na va\u0161e pohodl\u00ed a zdrav\u00fd sp\u00e1nek, a to v jak\u00e9mkoli prost\u0159ed\u00ed.<\/span><span data-ccp-props=\"{}\"><br \/>\n<span class=\"TextRun\" lang=\"CS-CZ\" xml:lang=\"CS-CZ\" data-contrast=\"auto\"><span class=\"NormalTextRun\">Karimatka je vyrobena z odoln\u00e9ho materi\u00e1lu, kter\u00fd zabra\u0148uje prask\u00e1n\u00ed a po\u0161kozen\u00ed. Tato odolnost zaji\u0161\u0165uje dlouhou \u017eivotnost.<\/span><\/span><span class=\"EOP\" data-ccp-props=\"{}\"> <span class=\"TextRun SCXW43682573 BCX4\" lang=\"CS-CZ\" xml:lang=\"CS-CZ\" data-contrast=\"auto\"><span class=\"NormalTextRun SCXW43682573 BCX4\">D\u00edky jednoduch\u00e9mu nafukovac\u00edmu syst\u00e9mu a ventile si m\u016f\u017eete rychle a snadno p\u0159ipravit sv\u00e9 m\u00edsto k odpo\u010dinku. Stejn\u011b tak snadno ji m\u016f\u017eete vyfouknout a zabalit pro p\u0159enos.<\/span><\/span><span class=\"EOP SCXW43682573 BCX4\" data-ccp-props=\"{}\">\u00a0<\/span><\/span><br \/>\n<span class=\"TextRun SCXW71296811 BCX4\" lang=\"CS-CZ\" xml:lang=\"CS-CZ\" data-contrast=\"auto\"><span class=\"NormalTextRun SCXW71296811 BCX4\">Karimatka m\u00e1 ergonomick\u00fd tvar, kter\u00fd se p\u0159izp\u016fsobuje tvaru va\u0161eho t\u011bla, aby poskytovala optim\u00e1ln\u00ed podporu p\u00e1te\u0159i a cel\u00e9mu t\u011blu.<\/span><\/span><span class=\"EOP SCXW71296811 BCX4\" data-ccp-props=\"{}\"> <span class=\"TextRun SCXW54066494 BCX4\" lang=\"CS-CZ\" xml:lang=\"CS-CZ\" data-contrast=\"auto\"><span class=\"NormalTextRun SCXW54066494 BCX4\">Speci\u00e1ln\u00ed konstrukce a materi\u00e1ly zaru\u010duj\u00ed, \u017ee nebudete c\u00edtit tvrdou nebo nerovnou p\u016fdou.<br \/>\n<\/span><\/span><\/span><\/span><span data-contrast=\"auto\">Po slo\u017een\u00ed je karimatka kompaktn\u00ed a snadno se vejde do batohu nebo ta\u0161ky. Je to ide\u00e1ln\u00ed spole\u010dn\u00edk pro kempov\u00e1n\u00ed, trekov\u00e1n\u00ed, festivaly, cestov\u00e1n\u00ed a dal\u0161\u00ed outdoorov\u00e9 aktivity.<\/span><span data-ccp-props=\"{}\">\u00a0<\/span><\/p>\n<p><span data-ccp-props=\"{}\">\u00a0<\/span><\/p>\n<p><span data-ccp-props=\"{}\">\u00a0<\/span><\/p>\n","protected":false},"excerpt":{"rendered":"<p>Ultralehk\u00e1 nafukovac\u00ed matrace s inovativn\u00ed konstrukc\u00ed odd\u011blen\u00fdch komor pro optim\u00e1ln\u00ed pohodl\u00ed a tepelnou izolaci p\u0159i p\u0159esp\u00e1v\u00e1n\u00ed v p\u0159\u00edrod\u011b. D\u00edky sv\u00e9mu proveden\u00ed se dokonale p\u0159izp\u016fsobuje tvaru t\u011bla, co\u017e zaru\u010duje maxim\u00e1ln\u00ed pohodl\u00ed a komfort p\u0159i sp\u00e1nku.<\/p>\n","protected":false},"featured_media":3142,"comment_status":"open","ping_status":"closed","template":"","meta":[],"product_brand":[],"product_cat":[829],"product_tag":[832,834,833,835],"class_list":{"0":"post-3141","1":"product","2":"type-product","3":"status-publish","4":"has-post-thumbnail","6":"product_cat-outdoor-vybaveni","7":"product_tag-karimatka","8":"product_tag-kempovani","9":"product_tag-nafukovaci-karimatka","10":"product_tag-stanovani","12":"first","13":"instock","14":"sale","15":"taxable","16":"shipping-taxable","17":"purchasable","18":"product-type-variable"},"jetpack_sharing_enabled":true,"_links":{"self":[{"href":"https:\/\/etev7e.pef.czu.cz\/zs2223\/wp-json\/wp\/v2\/product\/3141","targetHints":{"allow":["GET"]}}],"collection":[{"href":"https:\/\/etev7e.pef.czu.cz\/zs2223\/wp-json\/wp\/v2\/product"}],"about":[{"href":"https:\/\/etev7e.pef.czu.cz\/zs2223\/wp-json\/wp\/v2\/types\/product"}],"replies":[{"embeddable":true,"href":"https:\/\/etev7e.pef.czu.cz\/zs2223\/wp-json\/wp\/v2\/comments?post=3141"}],"wp:featuredmedia":[{"embeddable":true,"href":"https:\/\/etev7e.pef.czu.cz\/zs2223\/wp-json\/wp\/v2\/media\/3142"}],"wp:attachment":[{"href":"https:\/\/etev7e.pef.czu.cz\/zs2223\/wp-json\/wp\/v2\/media?parent=3141"}],"wp:term":[{"taxonomy":"product_brand","embeddable":true,"href":"https:\/\/etev7e.pef.czu.cz\/zs2223\/wp-json\/wp\/v2\/product_brand?post=3141"},{"taxonomy":"product_cat","embeddable":true,"href":"https:\/\/etev7e.pef.czu.cz\/zs2223\/wp-json\/wp\/v2\/product_cat?post=3141"},{"taxonomy":"product_tag","embeddable":true,"href":"https:\/\/etev7e.pef.czu.cz\/zs2223\/wp-json\/wp\/v2\/product_tag?post=3141"}],"curies":[{"name":"wp","href":"https:\/\/api.w.org\/{rel}","templated":true}]}}