{"id":3153,"date":"2023-11-05T11:21:53","date_gmt":"2023-11-05T10:21:53","guid":{"rendered":"https:\/\/etev7e.pef.czu.cz\/zs2223\/?post_type=product&#038;p=3153"},"modified":"2023-11-06T20:35:30","modified_gmt":"2023-11-06T19:35:30","slug":"kempingova-zidle","status":"publish","type":"product","link":"https:\/\/etev7e.pef.czu.cz\/zs2223\/produkt\/kempingova-zidle\/","title":{"rendered":"Kempingov\u00e1 \u017eidle"},"content":{"rendered":"<p>Na\u0161e kempingov\u00e1 \u017eidle je dokonal\u00fdm spole\u010dn\u00edkem pro v\u0161echny dobrodruhy a milovn\u00edky p\u0159\u00edrody, kte\u0159\u00ed cht\u011bj\u00ed vychutnat relaxaci a komfort b\u011bhem sv\u00fdch outdoorov\u00fdch dobrodru\u017estv\u00ed. Tato lehk\u00e1 a skladn\u00e1 \u017eidle v\u00e1m umo\u017en\u00ed rychle a snadno vytvo\u0159it pohodln\u00e9 m\u00edsto k odpo\u010dinku. Vysok\u00e1 z\u00e1da, pohodln\u00e9 loketn\u00ed op\u011brky a pevn\u00e9 nohy zaji\u0161\u0165uj\u00ed maxim\u00e1ln\u00ed pohodl\u00ed a podporu, co\u017e je ide\u00e1ln\u00ed pro dlouh\u00e9 hodiny odpo\u010dinku a relaxace.<br \/>\nSkladnost konstrukce umo\u017e\u0148uje snadnou mont\u00e1\u017e a rozklad \u017eidle, co\u017e z n\u00ed d\u011bl\u00e1 skv\u011bl\u00e9ho spole\u010dn\u00edka pro v\u00fdlety, kempov\u00e1n\u00ed, festivaly a dal\u0161\u00ed outdoorov\u00e9 aktivity. Tato \u017eidle je vyrobena z odoln\u00e9ho materi\u00e1lu, kter\u00fd zvl\u00e1dne n\u00e1ro\u010dn\u00e9 podm\u00ednky venku. \u017didli jednodu\u0161e slo\u017e\u00edte, \u010d\u00edm\u017e se stane kompaktn\u00ed a snadno se vejde do batohu nebo ta\u0161ky.<\/p>\n","protected":false},"excerpt":{"rendered":"<p>Skl\u00e1dac\u00ed \u017eidle Zulu je vybavena odolnou ocelovou konstrukc\u00ed s pr\u00e1\u0161kov\u00fdm lakov\u00e1n\u00edm. Tato \u017eidle m\u016f\u017ee sn\u00e9st zat\u00ed\u017een\u00ed a\u017e 140 kilogram\u016f. Pro dodate\u010dn\u00fd komfort p\u0159i odpo\u010dinku m\u00e1 podhlavn\u00edk a integrovan\u00fd dr\u017e\u00e1k na pit\u00ed v podru\u010dce. Rychle se skl\u00e1d\u00e1 a rozkl\u00e1d\u00e1 a lze ji snadno ulo\u017eit a p\u0159epravit.<\/p>\n","protected":false},"featured_media":3149,"comment_status":"open","ping_status":"closed","template":"","meta":[],"product_brand":[],"product_cat":[829],"product_tag":[840,834,841,839],"class_list":{"0":"post-3153","1":"product","2":"type-product","3":"status-publish","4":"has-post-thumbnail","6":"product_cat-outdoor-vybaveni","7":"product_tag-kempingovy-nabytek","8":"product_tag-kempovani","9":"product_tag-skladaci-zidle","10":"product_tag-zidle","12":"first","13":"instock","14":"sale","15":"taxable","16":"shipping-taxable","17":"purchasable","18":"product-type-variable"},"jetpack_sharing_enabled":true,"_links":{"self":[{"href":"https:\/\/etev7e.pef.czu.cz\/zs2223\/wp-json\/wp\/v2\/product\/3153","targetHints":{"allow":["GET"]}}],"collection":[{"href":"https:\/\/etev7e.pef.czu.cz\/zs2223\/wp-json\/wp\/v2\/product"}],"about":[{"href":"https:\/\/etev7e.pef.czu.cz\/zs2223\/wp-json\/wp\/v2\/types\/product"}],"replies":[{"embeddable":true,"href":"https:\/\/etev7e.pef.czu.cz\/zs2223\/wp-json\/wp\/v2\/comments?post=3153"}],"wp:featuredmedia":[{"embeddable":true,"href":"https:\/\/etev7e.pef.czu.cz\/zs2223\/wp-json\/wp\/v2\/media\/3149"}],"wp:attachment":[{"href":"https:\/\/etev7e.pef.czu.cz\/zs2223\/wp-json\/wp\/v2\/media?parent=3153"}],"wp:term":[{"taxonomy":"product_brand","embeddable":true,"href":"https:\/\/etev7e.pef.czu.cz\/zs2223\/wp-json\/wp\/v2\/product_brand?post=3153"},{"taxonomy":"product_cat","embeddable":true,"href":"https:\/\/etev7e.pef.czu.cz\/zs2223\/wp-json\/wp\/v2\/product_cat?post=3153"},{"taxonomy":"product_tag","embeddable":true,"href":"https:\/\/etev7e.pef.czu.cz\/zs2223\/wp-json\/wp\/v2\/product_tag?post=3153"}],"curies":[{"name":"wp","href":"https:\/\/api.w.org\/{rel}","templated":true}]}}