{"id":3157,"date":"2023-11-05T11:34:19","date_gmt":"2023-11-05T10:34:19","guid":{"rendered":"https:\/\/etev7e.pef.czu.cz\/zs2223\/?post_type=product&#038;p=3157"},"modified":"2023-11-06T20:33:50","modified_gmt":"2023-11-06T19:33:50","slug":"spacak","status":"publish","type":"product","link":"https:\/\/etev7e.pef.czu.cz\/zs2223\/produkt\/spacak\/","title":{"rendered":"Spac\u00e1k"},"content":{"rendered":"<div class=\"group w-full text-token-text-primary border-b border-black\/10 gizmo:border-0 dark:border-gray-900\/50 gizmo:dark:border-0 bg-gray-50 gizmo:bg-transparent dark:bg-[#444654] gizmo:dark:bg-transparent\" data-testid=\"conversation-turn-5\">\n<div class=\"p-4 gizmo:py-2 justify-center text-base md:gap-6 md:py-6 m-auto\">\n<div class=\"flex flex-1 gap-4 text-base mx-auto md:gap-6 gizmo:gap-3 gizmo:md:px-5 gizmo:lg:px-1 gizmo:xl:px-5 md:max-w-2xl lg:max-w-[38rem] gizmo:md:max-w-3xl gizmo:lg:max-w-[40rem] gizmo:xl:max-w-[48rem] xl:max-w-3xl }\">\n<div class=\"relative flex w-[calc(100%-50px)] flex-col gizmo:w-full lg:w-[calc(100%-115px)] agent-turn\">\n<div class=\"flex-col gap-1 md:gap-3\">\n<div class=\"flex flex-grow flex-col max-w-full gap-3 gizmo:gap-0\">\n<div class=\"min-h-[20px] flex flex-col items-start gap-3 whitespace-pre-wrap break-words overflow-x-auto\" data-message-author-role=\"assistant\" data-message-id=\"be589939-6ef9-4a0e-845a-803ead9ddab4\">\n<div class=\"markdown prose w-full break-words dark:prose-invert dark\">Tento spac\u00e1k je navr\u017een tak, aby v\u00e1m poskytl pohodl\u00ed a teplotn\u00ed izolaci, kterou pot\u0159ebujete pro spokojen\u00fd sp\u00e1nek na cest\u00e1ch, p\u0159i kempov\u00e1n\u00ed nebo p\u0159i dobrodru\u017estv\u00edch v p\u0159\u00edrod\u011b. Vynik\u00e1 kvalitn\u00edm materi\u00e1lem a designem, kter\u00e9 v\u00e1m umo\u017en\u00ed u\u017e\u00edt si tepl\u00fd a relaxa\u010dn\u00ed odpo\u010dinek za jak\u00fdchkoli podm\u00ednek.<\/div>\n<div class=\"markdown prose w-full break-words dark:prose-invert dark\">Je vyroben z vysoce kvalitn\u00edch materi\u00e1l\u016f, co\u017e zaru\u010duje odolnost a trvanlivost, a d\u00edky vynikaj\u00edc\u00ed teplotn\u00ed izolaci z\u016fstanete v teple i v chladn\u00fdch noc\u00edch, co\u017e ho \u010din\u00ed ide\u00e1ln\u00ed volbou pro n\u00e1ro\u010dn\u00e9 klimatick\u00e9 podm\u00ednky. Spac\u00e1k m\u00e1 tak\u00e9 pohodlnou pod\u0161\u00edvkou a vnit\u0159n\u00ed kapsu na osobn\u00ed v\u011bci, co\u017e zvy\u0161uje komfort a u\u017eite\u010dnost. D\u00edky t\u011bmto vlastnostem m\u016f\u017eete b\u00fdt jist\u00ed, \u017ee v\u00e1m tento spac\u00e1k poskytne v\u0161e, co pot\u0159ebujete pro dobr\u00fd sp\u00e1nek na va\u0161ich dobrodru\u017en\u00fdch v\u00fdletech do p\u0159\u00edrody.<\/div>\n<\/div>\n<\/div>\n<\/div>\n<\/div>\n<\/div>\n<\/div>\n<\/div>\n","protected":false},"excerpt":{"rendered":"<p>Letn\u00ed p\u00e9\u0159ov\u00fd spac\u00e1k je skv\u011blou volbou pro dobrodruhy hledaj\u00edc\u00ed lehk\u00e9 a kompaktn\u00ed vybaven\u00ed. Jeho vynikaj\u00edc\u00ed konstrukce, kvalitn\u00ed materi\u00e1ly a precizn\u00ed zpracov\u00e1n\u00ed nab\u00edzej\u00ed optim\u00e1ln\u00ed \u0159e\u0161en\u00ed pro ty, kte\u0159\u00ed si cen\u00ed lehk\u00e9ho, ale precizn\u00edho vybaven\u00ed na venkovn\u00ed nocov\u00e1n\u00ed.<\/p>\n","protected":false},"featured_media":3151,"comment_status":"open","ping_status":"closed","template":"","meta":[],"product_brand":[],"product_cat":[829],"product_tag":[834,845,844,835],"class_list":{"0":"post-3157","1":"product","2":"type-product","3":"status-publish","4":"has-post-thumbnail","6":"product_cat-outdoor-vybaveni","7":"product_tag-kempovani","8":"product_tag-perove-spacaky","9":"product_tag-spacaky","10":"product_tag-stanovani","12":"first","13":"instock","14":"sale","15":"taxable","16":"shipping-taxable","17":"purchasable","18":"product-type-variable"},"jetpack_sharing_enabled":true,"_links":{"self":[{"href":"https:\/\/etev7e.pef.czu.cz\/zs2223\/wp-json\/wp\/v2\/product\/3157","targetHints":{"allow":["GET"]}}],"collection":[{"href":"https:\/\/etev7e.pef.czu.cz\/zs2223\/wp-json\/wp\/v2\/product"}],"about":[{"href":"https:\/\/etev7e.pef.czu.cz\/zs2223\/wp-json\/wp\/v2\/types\/product"}],"replies":[{"embeddable":true,"href":"https:\/\/etev7e.pef.czu.cz\/zs2223\/wp-json\/wp\/v2\/comments?post=3157"}],"wp:featuredmedia":[{"embeddable":true,"href":"https:\/\/etev7e.pef.czu.cz\/zs2223\/wp-json\/wp\/v2\/media\/3151"}],"wp:attachment":[{"href":"https:\/\/etev7e.pef.czu.cz\/zs2223\/wp-json\/wp\/v2\/media?parent=3157"}],"wp:term":[{"taxonomy":"product_brand","embeddable":true,"href":"https:\/\/etev7e.pef.czu.cz\/zs2223\/wp-json\/wp\/v2\/product_brand?post=3157"},{"taxonomy":"product_cat","embeddable":true,"href":"https:\/\/etev7e.pef.czu.cz\/zs2223\/wp-json\/wp\/v2\/product_cat?post=3157"},{"taxonomy":"product_tag","embeddable":true,"href":"https:\/\/etev7e.pef.czu.cz\/zs2223\/wp-json\/wp\/v2\/product_tag?post=3157"}],"curies":[{"name":"wp","href":"https:\/\/api.w.org\/{rel}","templated":true}]}}