{"id":3168,"date":"2023-11-05T12:18:31","date_gmt":"2023-11-05T11:18:31","guid":{"rendered":"https:\/\/etev7e.pef.czu.cz\/zs2223\/?post_type=product&#038;p=3168"},"modified":"2023-11-17T11:15:54","modified_gmt":"2023-11-17T10:15:54","slug":"mana-drink","status":"publish","type":"product","link":"https:\/\/etev7e.pef.czu.cz\/zs2223\/produkt\/mana-drink\/","title":{"rendered":"ManaDrink"},"content":{"rendered":"<div id=\"yui_3_17_2_1_1699180759920_2505\">\n<p id=\"yui_3_17_2_1_1699180759920_2503\" lang=\"cs-cz\" xml:lang=\"cs-cz\"><span id=\"yui_3_17_2_1_1699180759920_2501\" lang=\"cs-cz\" xml:lang=\"cs-cz\">Mana je inovativn\u00ed j\u00eddlo p\u0159edstavuj\u00edc\u00ed alternativn\u00ed zp\u016fsob stravov\u00e1n\u00ed ve form\u011b hotov\u00e9ho n\u00e1poje. Nab\u00edz\u00ed \u0159e\u0161en\u00ed, jak se plnohodnotn\u011b a rychle zasytit bez pocitu hladu, a to v\u0161e v jednom n\u00e1poji, nav\u00edc t\u011blu dod\u00e1 i pot\u0159ebn\u00e9 \u017eiviny obohacen\u00e9 o bioaktivn\u00ed l\u00e1tky.<\/span><span id=\"yui_3_17_2_1_1699180759920_3461\">\u00a0<\/span><\/p>\n<\/div>\n<div id=\"yui_3_17_2_1_1699180759920_1779\">\n<p id=\"yui_3_17_2_1_1699180759920_1777\" lang=\"cs-cz\" xml:lang=\"cs-cz\"><span id=\"yui_3_17_2_1_1699180759920_1775\" lang=\"cs-cz\" xml:lang=\"cs-cz\">Nutri\u010dn\u00ed vyv\u00e1\u017eenost ManaDrinku lze p\u0159irovnat k tradi\u010dn\u00edmu pokrmu, jeliko\u017e obsahuje b\u00edlkoviny (21 g), sacharidy (33 g), tuky (19 g), vl\u00e1kninu (7 g), tak\u00e9 i pot\u0159ebn\u00e9 vitam\u00edny a miner\u00e1ly. Jedna porce, tedy 400 ml n\u00e1poje obsahuje 330 kcal.\u00a0<\/span><span id=\"yui_3_17_2_1_1699180759920_5235\">\u00a0<\/span><span id=\"yui_3_17_2_1_1699180759920_3134\" lang=\"cs-cz\" xml:lang=\"cs-cz\">Konzumace Many je vhodn\u00e1 v jak\u00e9koliv denn\u00ed hodin\u011b, nav\u00edc je vhodn\u00e1 i pro vegany.\u00a0<\/span><span id=\"yui_3_17_2_1_1699180759920_5236\">\u00a0<\/span><\/p>\n<\/div>\n<p><span id=\"yui_3_17_2_1_1699180759920_5237\"><\/span>Produkt Mana je k dost\u00e1n\u00ed hned v n\u011bkolika variant\u00e1ch, kde si ka\u017ed\u00fd vybere tu svou.<\/p>\n","protected":false},"excerpt":{"rendered":"<p id=\"yui_3_17_2_1_1699180759920_2320\"><span id=\"yui_3_17_2_1_1699180759920_2318\" lang=\"cs\" xml:lang=\"cs\">Mana drink je alternativn\u00ed n\u00e1poj, kter\u00fd slou\u017e\u00ed jako n\u00e1hrada stravy. Tento n\u00e1poj nahrad\u00ed jedno cel\u00e9 plnohodnotn\u00e9 j\u00eddlo. Je nutri\u010dn\u011b bohat\u00fd a obsahuje dostatek kalori\u00ed pro dod\u00e1n\u00ed pot\u0159ebn\u00e9 energie v jedn\u00e9 porci.\u00a0<\/span><\/p>\n<p>P\u0159ed otev\u0159en\u00edm prot\u0159epejte. Po otev\u0159en\u00ed ihned spot\u0159ebujte.<\/p>\n","protected":false},"featured_media":3174,"comment_status":"open","ping_status":"closed","template":"","meta":[],"product_brand":[],"product_cat":[759],"product_tag":[857,861,858,767,859,860],"class_list":{"0":"post-3168","1":"product","2":"type-product","3":"status-publish","4":"has-post-thumbnail","6":"product_cat-zdrava-vyziva","7":"product_tag-alternativni","8":"product_tag-dodani-energie","9":"product_tag-nahrada-stravy","10":"product_tag-napoj","11":"product_tag-nutricni","12":"product_tag-zdrava-strava","14":"first","15":"instock","16":"sale","17":"taxable","18":"shipping-taxable","19":"purchasable","20":"product-type-variable"},"jetpack_sharing_enabled":true,"_links":{"self":[{"href":"https:\/\/etev7e.pef.czu.cz\/zs2223\/wp-json\/wp\/v2\/product\/3168","targetHints":{"allow":["GET"]}}],"collection":[{"href":"https:\/\/etev7e.pef.czu.cz\/zs2223\/wp-json\/wp\/v2\/product"}],"about":[{"href":"https:\/\/etev7e.pef.czu.cz\/zs2223\/wp-json\/wp\/v2\/types\/product"}],"replies":[{"embeddable":true,"href":"https:\/\/etev7e.pef.czu.cz\/zs2223\/wp-json\/wp\/v2\/comments?post=3168"}],"wp:featuredmedia":[{"embeddable":true,"href":"https:\/\/etev7e.pef.czu.cz\/zs2223\/wp-json\/wp\/v2\/media\/3174"}],"wp:attachment":[{"href":"https:\/\/etev7e.pef.czu.cz\/zs2223\/wp-json\/wp\/v2\/media?parent=3168"}],"wp:term":[{"taxonomy":"product_brand","embeddable":true,"href":"https:\/\/etev7e.pef.czu.cz\/zs2223\/wp-json\/wp\/v2\/product_brand?post=3168"},{"taxonomy":"product_cat","embeddable":true,"href":"https:\/\/etev7e.pef.czu.cz\/zs2223\/wp-json\/wp\/v2\/product_cat?post=3168"},{"taxonomy":"product_tag","embeddable":true,"href":"https:\/\/etev7e.pef.czu.cz\/zs2223\/wp-json\/wp\/v2\/product_tag?post=3168"}],"curies":[{"name":"wp","href":"https:\/\/api.w.org\/{rel}","templated":true}]}}