{"id":3173,"date":"2023-11-05T12:14:30","date_gmt":"2023-11-05T11:14:30","guid":{"rendered":"https:\/\/etev7e.pef.czu.cz\/zs2223\/?post_type=product&#038;p=3173"},"modified":"2023-11-06T20:40:12","modified_gmt":"2023-11-06T19:40:12","slug":"destnik","status":"publish","type":"product","link":"https:\/\/etev7e.pef.czu.cz\/zs2223\/produkt\/destnik\/","title":{"rendered":"De\u0161tn\u00edk"},"content":{"rendered":"<p>Kempingov\u00fd de\u0161tn\u00edk s bo\u010dnic\u00ed a podlepen\u00fdmi \u0161vy je skv\u011bl\u00fd spole\u010dn\u00edk pro v\u0161echny, kte\u0159\u00ed si cht\u011bj\u00ed u\u017e\u00edvat p\u0159\u00edrodu a ryba\u0159en\u00ed bez ohledu na po\u010das\u00ed. Tento v\u0161estrann\u00fd de\u0161tn\u00edk poskytuje spolehlivou ochranu p\u0159ed sluncem a de\u0161t\u011bm, a to s d\u016frazem na komfort a prakti\u010dnost.<br \/>\nJe vyroben z odoln\u00fdch materi\u00e1l\u016f, kter\u00e9 odol\u00e1vaj\u00ed slunci, de\u0161ti a v\u011btru. Tato konstrukce je ur\u010dena pro spolehlivost a dlouhou \u017eivotnost.<br \/>\nPo obvodu vrchl\u00edku jsou \u010dty\u0159i o\u010dka k ukotven\u00ed. De\u0161tn\u00edk je dod\u00e1v\u00e1n se \u010dty\u0159mi staviteln\u00fdmi provazy a kol\u00edky. M\u016f\u017eete jej naklopit pomoc\u00ed kovov\u00e9ho kloubu. Skladateln\u00fd design a praktick\u00e1 ta\u0161ka pro p\u0159enos zaji\u0161\u0165uj\u00ed jednoduch\u00e9 pou\u017eit\u00ed a snadn\u00e9 p\u0159en\u00e1\u0161en\u00ed de\u0161tn\u00edku.<\/p>\n","protected":false},"excerpt":{"rendered":"<p>Kempingov\u00fd de\u0161tn\u00edk s bo\u010dnic\u00ed a pevn\u011b podlepen\u00fdmi \u0161vy. Po obvodu jsou \u010dty\u0159i o\u010dka k ukotven\u00ed. De\u0161tn\u00edk je dod\u00e1v\u00e1n se \u010dty\u0159mi staviteln\u00fdmi provazy a kol\u00edky. St\u0159edov\u00e1 ty\u010d je teleskopick\u00e1 s velmi spolehliv\u00fdm adapt\u00e9rem, kter\u00fd sv\u00edr\u00e1 vnit\u0159n\u00ed trubku po cel\u00e9m obvodu. Vchodov\u00e9 dve\u0159e maj\u00ed sklen\u011bn\u00e9 okno, kter\u00e9 lze srolovat.<\/p>\n","protected":false},"featured_media":3150,"comment_status":"open","ping_status":"closed","template":"","meta":[],"product_brand":[],"product_cat":[829],"product_tag":[855,834,856],"class_list":{"0":"post-3173","1":"product","2":"type-product","3":"status-publish","4":"has-post-thumbnail","6":"product_cat-outdoor-vybaveni","7":"product_tag-destniky","8":"product_tag-kempovani","9":"product_tag-rybareni","11":"first","12":"instock","13":"sale","14":"taxable","15":"shipping-taxable","16":"purchasable","17":"product-type-variable"},"jetpack_sharing_enabled":true,"_links":{"self":[{"href":"https:\/\/etev7e.pef.czu.cz\/zs2223\/wp-json\/wp\/v2\/product\/3173","targetHints":{"allow":["GET"]}}],"collection":[{"href":"https:\/\/etev7e.pef.czu.cz\/zs2223\/wp-json\/wp\/v2\/product"}],"about":[{"href":"https:\/\/etev7e.pef.czu.cz\/zs2223\/wp-json\/wp\/v2\/types\/product"}],"replies":[{"embeddable":true,"href":"https:\/\/etev7e.pef.czu.cz\/zs2223\/wp-json\/wp\/v2\/comments?post=3173"}],"wp:featuredmedia":[{"embeddable":true,"href":"https:\/\/etev7e.pef.czu.cz\/zs2223\/wp-json\/wp\/v2\/media\/3150"}],"wp:attachment":[{"href":"https:\/\/etev7e.pef.czu.cz\/zs2223\/wp-json\/wp\/v2\/media?parent=3173"}],"wp:term":[{"taxonomy":"product_brand","embeddable":true,"href":"https:\/\/etev7e.pef.czu.cz\/zs2223\/wp-json\/wp\/v2\/product_brand?post=3173"},{"taxonomy":"product_cat","embeddable":true,"href":"https:\/\/etev7e.pef.czu.cz\/zs2223\/wp-json\/wp\/v2\/product_cat?post=3173"},{"taxonomy":"product_tag","embeddable":true,"href":"https:\/\/etev7e.pef.czu.cz\/zs2223\/wp-json\/wp\/v2\/product_tag?post=3173"}],"curies":[{"name":"wp","href":"https:\/\/api.w.org\/{rel}","templated":true}]}}