{"id":3187,"date":"2023-11-05T13:55:27","date_gmt":"2023-11-05T12:55:27","guid":{"rendered":"https:\/\/etev7e.pef.czu.cz\/zs2223\/?post_type=product&#038;p=3187"},"modified":"2023-11-06T13:52:04","modified_gmt":"2023-11-06T12:52:04","slug":"clovece-nezlob-se","status":"publish","type":"product","link":"https:\/\/etev7e.pef.czu.cz\/zs2223\/produkt\/clovece-nezlob-se\/","title":{"rendered":"\u010clov\u011b\u010de, nezlob se!"},"content":{"rendered":"<p>\u010clov\u011b\u010de, nezlob se! je nejzn\u00e1m\u011bj\u0161\u00ed a nejroz\u0161\u00ed\u0159en\u011bj\u0161\u00ed stoln\u00ed hra na sv\u011bt\u011b. Jedn\u00e1 se o\u00a0klasickou deskovou hru\u00a0pro v\u0161echny v\u011bkov\u00e9 skupiny od 6 let<strong>.<\/strong>\u00a0Tato hra zaji\u0161\u0165uje hodiny z\u00e1bavy pro rodiny s 2 a\u017e 6 \u010dleny. C\u00edlem hry je prov\u00e9st v\u0161echny va\u0161e figurky do c\u00edlov\u00e9ho prostoru d\u0159\u00edve ne\u017e soupe\u0159i. S pou\u017eit\u00edm kostky se pohybujete po hrac\u00ed plo\u0161e, p\u0159i\u010dem\u017e jist\u011b mus\u00edte obej\u00edt p\u0159ek\u00e1\u017eky a soupe\u0159e, aby va\u0161e figurky dorazily do c\u00edle.<\/p>\n","protected":false},"excerpt":{"rendered":"<p>\u010clov\u011b\u010de, nezlob se! je nejzn\u00e1m\u011bj\u0161\u00ed a nejroz\u0161\u00ed\u0159en\u011bj\u0161\u00ed stoln\u00ed hra na sv\u011bt\u011b. Jedn\u00e1 se o\u00a0klasickou deskovou hru\u00a0pro v\u0161echny v\u011bkov\u00e9 skupiny od 6 let<strong>.<\/strong><\/p>\n","protected":false},"featured_media":3188,"comment_status":"open","ping_status":"closed","template":"","meta":[],"product_brand":[],"product_cat":[809],"product_tag":[862,298,299],"class_list":{"0":"post-3187","1":"product","2":"type-product","3":"status-publish","4":"has-post-thumbnail","6":"product_cat-deskove-hry","7":"product_tag-rodinne-hry","8":"product_tag-spolecenske-hry","9":"product_tag-stolni-hry","11":"first","12":"instock","13":"sale","14":"taxable","15":"shipping-taxable","16":"purchasable","17":"product-type-simple"},"jetpack_sharing_enabled":true,"_links":{"self":[{"href":"https:\/\/etev7e.pef.czu.cz\/zs2223\/wp-json\/wp\/v2\/product\/3187","targetHints":{"allow":["GET"]}}],"collection":[{"href":"https:\/\/etev7e.pef.czu.cz\/zs2223\/wp-json\/wp\/v2\/product"}],"about":[{"href":"https:\/\/etev7e.pef.czu.cz\/zs2223\/wp-json\/wp\/v2\/types\/product"}],"replies":[{"embeddable":true,"href":"https:\/\/etev7e.pef.czu.cz\/zs2223\/wp-json\/wp\/v2\/comments?post=3187"}],"wp:featuredmedia":[{"embeddable":true,"href":"https:\/\/etev7e.pef.czu.cz\/zs2223\/wp-json\/wp\/v2\/media\/3188"}],"wp:attachment":[{"href":"https:\/\/etev7e.pef.czu.cz\/zs2223\/wp-json\/wp\/v2\/media?parent=3187"}],"wp:term":[{"taxonomy":"product_brand","embeddable":true,"href":"https:\/\/etev7e.pef.czu.cz\/zs2223\/wp-json\/wp\/v2\/product_brand?post=3187"},{"taxonomy":"product_cat","embeddable":true,"href":"https:\/\/etev7e.pef.czu.cz\/zs2223\/wp-json\/wp\/v2\/product_cat?post=3187"},{"taxonomy":"product_tag","embeddable":true,"href":"https:\/\/etev7e.pef.czu.cz\/zs2223\/wp-json\/wp\/v2\/product_tag?post=3187"}],"curies":[{"name":"wp","href":"https:\/\/api.w.org\/{rel}","templated":true}]}}