{"id":3192,"date":"2023-11-05T14:05:39","date_gmt":"2023-11-05T13:05:39","guid":{"rendered":"https:\/\/etev7e.pef.czu.cz\/zs2223\/?post_type=product&#038;p=3192"},"modified":"2023-11-06T13:51:30","modified_gmt":"2023-11-06T12:51:30","slug":"dostihy-a-sazky","status":"publish","type":"product","link":"https:\/\/etev7e.pef.czu.cz\/zs2223\/produkt\/dostihy-a-sazky\/","title":{"rendered":"Dostihy a s\u00e1zky"},"content":{"rendered":"<p>Klasick\u00e1 stoln\u00ed spole\u010densk\u00e1 hra s p\u016fvodn\u00edmi pravidly a bohatou origin\u00e1ln\u00ed v\u00fdbavou. Je u\u010dena p\u0159edev\u0161\u00edm star\u0161\u00edm d\u011btem a dosp\u011bl\u00fdm hr\u00e1\u010d\u016fm. Ka\u017ed\u00fd hr\u00e1\u010d je majitelem st\u00e1je. C\u00edlem hry je co nejl\u00e9pe investovat sv\u011b\u0159en\u00e9 prost\u0159edky do kon\u00ed a dostih\u016f tak, aby st\u00e1j z\u00edskala co nejv\u00edce v\u00fdher. V\u00edt\u011bzem se st\u00e1v\u00e1 ten, kdo nejl\u00e9pe odhadne situaci a z\u016fstane jako posledn\u00ed ve h\u0159e.<\/p>\n","protected":false},"excerpt":{"rendered":"<p>Klasick\u00e1 stoln\u00ed spole\u010densk\u00e1 hra s p\u016fvodn\u00edmi pravidly a bohatou origin\u00e1ln\u00ed v\u00fdbavou. Je u\u010dena p\u0159edev\u0161\u00edm star\u0161\u00edm d\u011btem a dosp\u011bl\u00fdm hr\u00e1\u010d\u016fm.<\/p>\n","protected":false},"featured_media":3193,"comment_status":"open","ping_status":"closed","template":"","meta":[],"product_brand":[],"product_cat":[809],"product_tag":[863,862,299,310],"class_list":{"0":"post-3192","1":"product","2":"type-product","3":"status-publish","4":"has-post-thumbnail","6":"product_cat-deskove-hry","7":"product_tag-obchodni-hry","8":"product_tag-rodinne-hry","9":"product_tag-stolni-hry","10":"product_tag-strategicke-hry","12":"first","13":"instock","14":"sale","15":"taxable","16":"shipping-taxable","17":"purchasable","18":"product-type-simple"},"jetpack_sharing_enabled":true,"_links":{"self":[{"href":"https:\/\/etev7e.pef.czu.cz\/zs2223\/wp-json\/wp\/v2\/product\/3192","targetHints":{"allow":["GET"]}}],"collection":[{"href":"https:\/\/etev7e.pef.czu.cz\/zs2223\/wp-json\/wp\/v2\/product"}],"about":[{"href":"https:\/\/etev7e.pef.czu.cz\/zs2223\/wp-json\/wp\/v2\/types\/product"}],"replies":[{"embeddable":true,"href":"https:\/\/etev7e.pef.czu.cz\/zs2223\/wp-json\/wp\/v2\/comments?post=3192"}],"wp:featuredmedia":[{"embeddable":true,"href":"https:\/\/etev7e.pef.czu.cz\/zs2223\/wp-json\/wp\/v2\/media\/3193"}],"wp:attachment":[{"href":"https:\/\/etev7e.pef.czu.cz\/zs2223\/wp-json\/wp\/v2\/media?parent=3192"}],"wp:term":[{"taxonomy":"product_brand","embeddable":true,"href":"https:\/\/etev7e.pef.czu.cz\/zs2223\/wp-json\/wp\/v2\/product_brand?post=3192"},{"taxonomy":"product_cat","embeddable":true,"href":"https:\/\/etev7e.pef.czu.cz\/zs2223\/wp-json\/wp\/v2\/product_cat?post=3192"},{"taxonomy":"product_tag","embeddable":true,"href":"https:\/\/etev7e.pef.czu.cz\/zs2223\/wp-json\/wp\/v2\/product_tag?post=3192"}],"curies":[{"name":"wp","href":"https:\/\/api.w.org\/{rel}","templated":true}]}}