{"id":3196,"date":"2023-11-05T16:13:09","date_gmt":"2023-11-05T15:13:09","guid":{"rendered":"https:\/\/etev7e.pef.czu.cz\/zs2223\/?post_type=product&#038;p=3196"},"modified":"2023-11-05T16:35:46","modified_gmt":"2023-11-05T15:35:46","slug":"malinovy-balzam-na-rty","status":"publish","type":"product","link":"https:\/\/etev7e.pef.czu.cz\/zs2223\/produkt\/malinovy-balzam-na-rty\/","title":{"rendered":"Malinov\u00fd balz\u00e1m na rty"},"content":{"rendered":"<p>P\u0159\u00edrodn\u00ed malinov\u00fd balz\u00e1m na rty. D\u00edky bambuck\u00e9mu m\u00e1slu a v\u010del\u00edmu vosku rty vy\u017eivuje a hydratuje.<\/p>\n<p>Slo\u017een\u00ed bez um\u011bl\u00fdch barviv a parfemace ve 100% rozlo\u017eiteln\u00e9m obalu.<\/p>\n<ul>\n<li>Objem: 9 ml<\/li>\n<li>Slo\u017een\u00ed: bambuck\u00e9 m\u00e1slo, v\u010del\u00ed vosk, malinov\u00fd extrakt<\/li>\n<\/ul>\n","protected":false},"excerpt":{"rendered":"<p>P\u0159\u00edrodn\u00ed malinov\u00fd balz\u00e1m na rty. D\u00edky bambuck\u00e9mu m\u00e1slu a v\u010del\u00edmu vosku rty vy\u017eivuje a hydratuje.<\/p>\n","protected":false},"featured_media":3194,"comment_status":"open","ping_status":"closed","template":"","meta":[],"product_brand":[],"product_cat":[864],"product_tag":[868,866,867,740],"class_list":{"0":"post-3196","1":"product","2":"type-product","3":"status-publish","4":"has-post-thumbnail","6":"product_cat-prirodni-kosmetika","7":"product_tag-balzam","8":"product_tag-hydratace","9":"product_tag-na-rty","10":"product_tag-regenerace","12":"first","13":"instock","14":"sale","15":"taxable","16":"shipping-taxable","17":"purchasable","18":"product-type-simple"},"jetpack_sharing_enabled":true,"_links":{"self":[{"href":"https:\/\/etev7e.pef.czu.cz\/zs2223\/wp-json\/wp\/v2\/product\/3196","targetHints":{"allow":["GET"]}}],"collection":[{"href":"https:\/\/etev7e.pef.czu.cz\/zs2223\/wp-json\/wp\/v2\/product"}],"about":[{"href":"https:\/\/etev7e.pef.czu.cz\/zs2223\/wp-json\/wp\/v2\/types\/product"}],"replies":[{"embeddable":true,"href":"https:\/\/etev7e.pef.czu.cz\/zs2223\/wp-json\/wp\/v2\/comments?post=3196"}],"wp:featuredmedia":[{"embeddable":true,"href":"https:\/\/etev7e.pef.czu.cz\/zs2223\/wp-json\/wp\/v2\/media\/3194"}],"wp:attachment":[{"href":"https:\/\/etev7e.pef.czu.cz\/zs2223\/wp-json\/wp\/v2\/media?parent=3196"}],"wp:term":[{"taxonomy":"product_brand","embeddable":true,"href":"https:\/\/etev7e.pef.czu.cz\/zs2223\/wp-json\/wp\/v2\/product_brand?post=3196"},{"taxonomy":"product_cat","embeddable":true,"href":"https:\/\/etev7e.pef.czu.cz\/zs2223\/wp-json\/wp\/v2\/product_cat?post=3196"},{"taxonomy":"product_tag","embeddable":true,"href":"https:\/\/etev7e.pef.czu.cz\/zs2223\/wp-json\/wp\/v2\/product_tag?post=3196"}],"curies":[{"name":"wp","href":"https:\/\/api.w.org\/{rel}","templated":true}]}}