{"id":3197,"date":"2023-11-05T16:18:24","date_gmt":"2023-11-05T15:18:24","guid":{"rendered":"https:\/\/etev7e.pef.czu.cz\/zs2223\/?post_type=product&#038;p=3197"},"modified":"2023-11-05T16:18:24","modified_gmt":"2023-11-05T15:18:24","slug":"myci-gel-na-telo","status":"publish","type":"product","link":"https:\/\/etev7e.pef.czu.cz\/zs2223\/produkt\/myci-gel-na-telo\/","title":{"rendered":"Myc\u00ed gel na t\u011blo"},"content":{"rendered":"<p id=\"yui_3_17_2_1_1699196025145_36\">Jemn\u00fd hydrata\u010dn\u00ed myc\u00ed gel na t\u011blo.<b>\u00a0<\/b>Arganov\u00fd olej a kastilsk\u00e9 m\u00fddlo zvl\u00e1\u010d\u0148uje a regeneruje poko\u017eku.<\/p>\n<p>Slo\u017een\u00ed bez um\u011bl\u00fdch barviv a parfemace ve 100% rozlo\u017eiteln\u00e9m obalu.<\/p>\n<ul>\n<li>Objem: 150 ml<\/li>\n<li>Slo\u017een\u00ed: arganov\u00fd olej, kastilsk\u00e9 m\u00fddlo, perle\u0165ov\u00e1 mica, voda<\/li>\n<\/ul>\n","protected":false},"excerpt":{"rendered":"<p id=\"yui_3_17_2_1_1699196025145_36\">Jemn\u00fd hydrata\u010dn\u00ed myc\u00ed gel na t\u011blo.<b id=\"yui_3_17_2_1_1699196025145_38\">\u00a0<\/b>Arganov\u00fd olej a kastilsk\u00e9 m\u00fddlo zvl\u00e1\u010d\u0148uje a regeneruje poko\u017eku.<\/p>\n","protected":false},"featured_media":3198,"comment_status":"open","ping_status":"closed","template":"","meta":[],"product_brand":[],"product_cat":[864],"product_tag":[866,870,869,871],"class_list":{"0":"post-3197","1":"product","2":"type-product","3":"status-publish","4":"has-post-thumbnail","6":"product_cat-prirodni-kosmetika","7":"product_tag-hydratace","8":"product_tag-mydlo","9":"product_tag-pece-o-telo","10":"product_tag-sprchovy-gel","12":"first","13":"instock","14":"sale","15":"taxable","16":"shipping-taxable","17":"purchasable","18":"product-type-simple"},"jetpack_sharing_enabled":true,"_links":{"self":[{"href":"https:\/\/etev7e.pef.czu.cz\/zs2223\/wp-json\/wp\/v2\/product\/3197","targetHints":{"allow":["GET"]}}],"collection":[{"href":"https:\/\/etev7e.pef.czu.cz\/zs2223\/wp-json\/wp\/v2\/product"}],"about":[{"href":"https:\/\/etev7e.pef.czu.cz\/zs2223\/wp-json\/wp\/v2\/types\/product"}],"replies":[{"embeddable":true,"href":"https:\/\/etev7e.pef.czu.cz\/zs2223\/wp-json\/wp\/v2\/comments?post=3197"}],"wp:featuredmedia":[{"embeddable":true,"href":"https:\/\/etev7e.pef.czu.cz\/zs2223\/wp-json\/wp\/v2\/media\/3198"}],"wp:attachment":[{"href":"https:\/\/etev7e.pef.czu.cz\/zs2223\/wp-json\/wp\/v2\/media?parent=3197"}],"wp:term":[{"taxonomy":"product_brand","embeddable":true,"href":"https:\/\/etev7e.pef.czu.cz\/zs2223\/wp-json\/wp\/v2\/product_brand?post=3197"},{"taxonomy":"product_cat","embeddable":true,"href":"https:\/\/etev7e.pef.czu.cz\/zs2223\/wp-json\/wp\/v2\/product_cat?post=3197"},{"taxonomy":"product_tag","embeddable":true,"href":"https:\/\/etev7e.pef.czu.cz\/zs2223\/wp-json\/wp\/v2\/product_tag?post=3197"}],"curies":[{"name":"wp","href":"https:\/\/api.w.org\/{rel}","templated":true}]}}